{"id":950,"date":"2017-11-02T11:50:49","date_gmt":"2017-11-02T15:50:49","guid":{"rendered":"http:\/\/mr-futon.com\/success-stories\/"},"modified":"2019-05-16T10:01:37","modified_gmt":"2019-05-16T14:01:37","slug":"histoires-de-reussites","status":"publish","type":"page","link":"https:\/\/www.lisawms.com\/fr\/histoires-de-reussites\/","title":{"rendered":"Histoires de r\u00e9ussites"},"content":{"rendered":"<div class=\"wpb-content-wrapper\">[vc_row][vc_column][mk_blog style=\u00a0\u00bbgrid\u00a0\u00bb disable_meta=\u00a0\u00bbfalse\u00a0\u00bb count=\u00a0\u00bb10&Prime; offset=\u00a0\u00bb0&Prime; disable_lightbox=\u00a0\u00bbtrue\u00a0\u00bb disable_comments_share=\u00a0\u00bbtrue\u00a0\u00bb exclude_post_format=\u00a0\u00bb\u00a0\u00bb cat=\u00a0\u00bb11&Prime;][\/vc_column][\/vc_row]\n<\/div>","protected":false},"excerpt":{"rendered":"<p>[vc_row][vc_column][mk_blog style=\u00a0\u00bbgrid\u00a0\u00bb disable_meta=\u00a0\u00bbfalse\u00a0\u00bb count=\u00a0\u00bb10&Prime; offset=\u00a0\u00bb0&Prime; disable_lightbox=\u00a0\u00bbtrue\u00a0\u00bb disable_comments_share=\u00a0\u00bbtrue\u00a0\u00bb exclude_post_format=\u00a0\u00bb\u00a0\u00bb cat=\u00a0\u00bb11&Prime;][\/vc_column][\/vc_row]<\/p>\n","protected":false},"author":3,"featured_media":0,"parent":0,"menu_order":-400,"comment_status":"closed","ping_status":"closed","template":"","meta":{"footnotes":""},"class_list":["post-950","page","type-page","status-publish","hentry"],"yoast_head":"<!-- This site is optimized with the Yoast SEO plugin v27.5 - https:\/\/yoast.com\/product\/yoast-seo-wordpress\/ -->\n<title>Histoires de R\u00e9ussites | LISA WMS<\/title>\n<meta name=\"description\" content=\"Lisez les histoires de r\u00e9ussites de diff\u00e9rents clients et apprenez comment LISA WMS a optimis\u00e9 leur gestion d&#039;entrep\u00f4t. \u00cates-vous pr\u00eat \u00e0 conna\u00eetre une r\u00e9ussite semblable?\" \/>\n<meta name=\"robots\" content=\"index, follow, max-snippet:-1, max-image-preview:large, max-video-preview:-1\" \/>\n<link rel=\"canonical\" href=\"https:\/\/www.lisawms.com\/fr\/histoires-de-reussites\/\" \/>\n<meta property=\"og:locale\" content=\"fr_FR\" \/>\n<meta property=\"og:type\" content=\"article\" \/>\n<meta property=\"og:title\" content=\"Histoires de R\u00e9ussites | LISA WMS\" \/>\n<meta property=\"og:description\" content=\"Lisez les histoires de r\u00e9ussites de diff\u00e9rents clients et apprenez comment LISA WMS a optimis\u00e9 leur gestion d&#039;entrep\u00f4t. \u00cates-vous pr\u00eat \u00e0 conna\u00eetre une r\u00e9ussite semblable?\" \/>\n<meta property=\"og:url\" content=\"https:\/\/www.lisawms.com\/fr\/histoires-de-reussites\/\" \/>\n<meta property=\"og:site_name\" content=\"LISA Distribution\" \/>\n<meta property=\"article:publisher\" content=\"https:\/\/www.facebook.com\/nwaretechnologies\" \/>\n<meta property=\"article:modified_time\" content=\"2019-05-16T14:01:37+00:00\" \/>\n<meta name=\"twitter:card\" content=\"summary_large_image\" \/>\n<meta name=\"twitter:site\" content=\"@LISAtalksWMS\" \/>\n<script type=\"application\/ld+json\" class=\"yoast-schema-graph\">{\"@context\":\"https:\\\/\\\/schema.org\",\"@graph\":[{\"@type\":\"WebPage\",\"@id\":\"https:\\\/\\\/www.lisawms.com\\\/fr\\\/histoires-de-reussites\\\/\",\"url\":\"https:\\\/\\\/www.lisawms.com\\\/fr\\\/histoires-de-reussites\\\/\",\"name\":\"Histoires de R\u00e9ussites | LISA WMS\",\"isPartOf\":{\"@id\":\"https:\\\/\\\/www.lisawms.com\\\/#website\"},\"datePublished\":\"2017-11-02T15:50:49+00:00\",\"dateModified\":\"2019-05-16T14:01:37+00:00\",\"description\":\"Lisez les histoires de r\u00e9ussites de diff\u00e9rents clients et apprenez comment LISA WMS a optimis\u00e9 leur gestion d'entrep\u00f4t. \u00cates-vous pr\u00eat \u00e0 conna\u00eetre une r\u00e9ussite semblable?\",\"breadcrumb\":{\"@id\":\"https:\\\/\\\/www.lisawms.com\\\/fr\\\/histoires-de-reussites\\\/#breadcrumb\"},\"inLanguage\":\"fr-FR\",\"potentialAction\":[{\"@type\":\"ReadAction\",\"target\":[\"https:\\\/\\\/www.lisawms.com\\\/fr\\\/histoires-de-reussites\\\/\"]}]},{\"@type\":\"BreadcrumbList\",\"@id\":\"https:\\\/\\\/www.lisawms.com\\\/fr\\\/histoires-de-reussites\\\/#breadcrumb\",\"itemListElement\":[{\"@type\":\"ListItem\",\"position\":1,\"name\":\"Accueil\",\"item\":\"https:\\\/\\\/www.lisawms.com\\\/fr\\\/\"},{\"@type\":\"ListItem\",\"position\":2,\"name\":\"Histoires de r\u00e9ussites\"}]},{\"@type\":\"WebSite\",\"@id\":\"https:\\\/\\\/www.lisawms.com\\\/#website\",\"url\":\"https:\\\/\\\/www.lisawms.com\\\/\",\"name\":\"LISA WMS\",\"description\":\"Wharehouse distribution made easy\",\"publisher\":{\"@id\":\"https:\\\/\\\/www.lisawms.com\\\/#organization\"},\"potentialAction\":[{\"@type\":\"SearchAction\",\"target\":{\"@type\":\"EntryPoint\",\"urlTemplate\":\"https:\\\/\\\/www.lisawms.com\\\/?s={search_term_string}\"},\"query-input\":{\"@type\":\"PropertyValueSpecification\",\"valueRequired\":true,\"valueName\":\"search_term_string\"}}],\"inLanguage\":\"fr-FR\"},{\"@type\":\"Organization\",\"@id\":\"https:\\\/\\\/www.lisawms.com\\\/#organization\",\"name\":\"LISA WMS\",\"url\":\"https:\\\/\\\/www.lisawms.com\\\/\",\"logo\":{\"@type\":\"ImageObject\",\"inLanguage\":\"fr-FR\",\"@id\":\"https:\\\/\\\/www.lisawms.com\\\/#\\\/schema\\\/logo\\\/image\\\/\",\"url\":\"http:\\\/\\\/www.lisawms.com\\\/wp-content\\\/uploads\\\/2018\\\/03\\\/logo-lisa-distribution.png\",\"contentUrl\":\"http:\\\/\\\/www.lisawms.com\\\/wp-content\\\/uploads\\\/2018\\\/03\\\/logo-lisa-distribution.png\",\"width\":426,\"height\":180,\"caption\":\"LISA WMS\"},\"image\":{\"@id\":\"https:\\\/\\\/www.lisawms.com\\\/#\\\/schema\\\/logo\\\/image\\\/\"},\"sameAs\":[\"https:\\\/\\\/www.facebook.com\\\/nwaretechnologies\",\"https:\\\/\\\/x.com\\\/LISAtalksWMS\",\"https:\\\/\\\/www.linkedin.com\\\/company\\\/145448\",\"https:\\\/\\\/www.youtube.com\\\/channel\\\/UCl-HuOQf5YngwlixhS0SAbg\"]}]}<\/script>\n<!-- \/ Yoast SEO plugin. -->","yoast_head_json":{"title":"Histoires de R\u00e9ussites | LISA WMS","description":"Lisez les histoires de r\u00e9ussites de diff\u00e9rents clients et apprenez comment LISA WMS a optimis\u00e9 leur gestion d'entrep\u00f4t. \u00cates-vous pr\u00eat \u00e0 conna\u00eetre une r\u00e9ussite semblable?","robots":{"index":"index","follow":"follow","max-snippet":"max-snippet:-1","max-image-preview":"max-image-preview:large","max-video-preview":"max-video-preview:-1"},"canonical":"https:\/\/www.lisawms.com\/fr\/histoires-de-reussites\/","og_locale":"fr_FR","og_type":"article","og_title":"Histoires de R\u00e9ussites | LISA WMS","og_description":"Lisez les histoires de r\u00e9ussites de diff\u00e9rents clients et apprenez comment LISA WMS a optimis\u00e9 leur gestion d'entrep\u00f4t. \u00cates-vous pr\u00eat \u00e0 conna\u00eetre une r\u00e9ussite semblable?","og_url":"https:\/\/www.lisawms.com\/fr\/histoires-de-reussites\/","og_site_name":"LISA Distribution","article_publisher":"https:\/\/www.facebook.com\/nwaretechnologies","article_modified_time":"2019-05-16T14:01:37+00:00","twitter_card":"summary_large_image","twitter_site":"@LISAtalksWMS","schema":{"@context":"https:\/\/schema.org","@graph":[{"@type":"WebPage","@id":"https:\/\/www.lisawms.com\/fr\/histoires-de-reussites\/","url":"https:\/\/www.lisawms.com\/fr\/histoires-de-reussites\/","name":"Histoires de R\u00e9ussites | LISA WMS","isPartOf":{"@id":"https:\/\/www.lisawms.com\/#website"},"datePublished":"2017-11-02T15:50:49+00:00","dateModified":"2019-05-16T14:01:37+00:00","description":"Lisez les histoires de r\u00e9ussites de diff\u00e9rents clients et apprenez comment LISA WMS a optimis\u00e9 leur gestion d'entrep\u00f4t. \u00cates-vous pr\u00eat \u00e0 conna\u00eetre une r\u00e9ussite semblable?","breadcrumb":{"@id":"https:\/\/www.lisawms.com\/fr\/histoires-de-reussites\/#breadcrumb"},"inLanguage":"fr-FR","potentialAction":[{"@type":"ReadAction","target":["https:\/\/www.lisawms.com\/fr\/histoires-de-reussites\/"]}]},{"@type":"BreadcrumbList","@id":"https:\/\/www.lisawms.com\/fr\/histoires-de-reussites\/#breadcrumb","itemListElement":[{"@type":"ListItem","position":1,"name":"Accueil","item":"https:\/\/www.lisawms.com\/fr\/"},{"@type":"ListItem","position":2,"name":"Histoires de r\u00e9ussites"}]},{"@type":"WebSite","@id":"https:\/\/www.lisawms.com\/#website","url":"https:\/\/www.lisawms.com\/","name":"LISA WMS","description":"Wharehouse distribution made easy","publisher":{"@id":"https:\/\/www.lisawms.com\/#organization"},"potentialAction":[{"@type":"SearchAction","target":{"@type":"EntryPoint","urlTemplate":"https:\/\/www.lisawms.com\/?s={search_term_string}"},"query-input":{"@type":"PropertyValueSpecification","valueRequired":true,"valueName":"search_term_string"}}],"inLanguage":"fr-FR"},{"@type":"Organization","@id":"https:\/\/www.lisawms.com\/#organization","name":"LISA WMS","url":"https:\/\/www.lisawms.com\/","logo":{"@type":"ImageObject","inLanguage":"fr-FR","@id":"https:\/\/www.lisawms.com\/#\/schema\/logo\/image\/","url":"http:\/\/www.lisawms.com\/wp-content\/uploads\/2018\/03\/logo-lisa-distribution.png","contentUrl":"http:\/\/www.lisawms.com\/wp-content\/uploads\/2018\/03\/logo-lisa-distribution.png","width":426,"height":180,"caption":"LISA WMS"},"image":{"@id":"https:\/\/www.lisawms.com\/#\/schema\/logo\/image\/"},"sameAs":["https:\/\/www.facebook.com\/nwaretechnologies","https:\/\/x.com\/LISAtalksWMS","https:\/\/www.linkedin.com\/company\/145448","https:\/\/www.youtube.com\/channel\/UCl-HuOQf5YngwlixhS0SAbg"]}]}},"_links":{"self":[{"href":"https:\/\/www.lisawms.com\/fr\/wp-json\/wp\/v2\/pages\/950","targetHints":{"allow":["GET"]}}],"collection":[{"href":"https:\/\/www.lisawms.com\/fr\/wp-json\/wp\/v2\/pages"}],"about":[{"href":"https:\/\/www.lisawms.com\/fr\/wp-json\/wp\/v2\/types\/page"}],"author":[{"embeddable":true,"href":"https:\/\/www.lisawms.com\/fr\/wp-json\/wp\/v2\/users\/3"}],"replies":[{"embeddable":true,"href":"https:\/\/www.lisawms.com\/fr\/wp-json\/wp\/v2\/comments?post=950"}],"version-history":[{"count":0,"href":"https:\/\/www.lisawms.com\/fr\/wp-json\/wp\/v2\/pages\/950\/revisions"}],"wp:attachment":[{"href":"https:\/\/www.lisawms.com\/fr\/wp-json\/wp\/v2\/media?parent=950"}],"curies":[{"name":"wp","href":"https:\/\/api.w.org\/{rel}","templated":true}]}}