{"id":906,"date":"2017-09-25T16:25:36","date_gmt":"2017-09-25T20:25:36","guid":{"rendered":"http:\/\/mr-futon.com\/industries\/wholesale-furniture\/"},"modified":"2018-06-18T11:15:51","modified_gmt":"2018-06-18T15:15:51","slug":"ameublement-en-gros","status":"publish","type":"page","link":"https:\/\/www.lisawms.com\/fr\/industries\/ameublement-en-gros\/","title":{"rendered":"Ameublement en gros"},"content":{"rendered":"<div class=\"wpb-content-wrapper\">[mk_page_section bg_image=\u00a0\u00bbhttp:\/\/www.lisawms.com\/wp-content\/uploads\/2017\/09\/furniture_header.jpg\u00a0\u00bb bg_color=\u00a0\u00bb#edaf23&Prime; blend_mode=\u00a0\u00bbluminosity\u00a0\u00bb bg_position=\u00a0\u00bbcenter center\u00a0\u00bb bg_repeat=\u00a0\u00bbno-repeat\u00a0\u00bb bg_stretch=\u00a0\u00bbtrue\u00a0\u00bb enable_3d=\u00a0\u00bbtrue\u00a0\u00bb speed_factor=\u00a0\u00bb0.6&Prime; bg_gradient=\u00a0\u00bbleft_bottom\u00a0\u00bb video_color_mask=\u00a0\u00bb#223356&Prime; gr_end=\u00a0\u00bb#edaf23&Prime; video_opacity=\u00a0\u00bb0.8&Prime; min_height=\u00a0\u00bb325&Prime; full_width=\u00a0\u00bbtrue\u00a0\u00bb padding_top=\u00a0\u00bb110&Prime; padding_bottom=\u00a0\u00bb90&Prime; animation=\u00a0\u00bbbottom-to-top\u00a0\u00bb sidebar=\u00a0\u00bbsidebar-1&Prime;][vc_column][mk_fancy_title color=\u00a0\u00bb#ffffff\u00a0\u00bb size=\u00a0\u00bb100&Prime; font_weight=\u00a0\u00bb100&Prime; font_family=\u00a0\u00bbnone\u00a0\u00bb align=\u00a0\u00bbcenter\u00a0\u00bb]AMEUBLEMENT EN GROS[\/mk_fancy_title][\/vc_column][\/mk_page_section][vc_row][vc_column][mk_padding_divider][vc_column_text css=\u00a0\u00bb.vc_custom_1528805872033{margin-bottom: 0px !important;}\u00a0\u00bb]\n<h1>LISA WMS pour la distribution de l&rsquo;ameublement en gros<\/h1>\n[\/vc_column_text][mk_padding_divider][\/vc_column][\/vc_row][vc_row css=\u00a0\u00bb.vc_custom_1505779317433{margin-bottom: 40px !important;}\u00a0\u00bb][vc_column width=\u00a0\u00bb2\/3&Prime;][vc_column_text css=\u00a0\u00bb.vc_custom_1528805508916{margin-bottom: 0px !important;}\u00a0\u00bb]<strong>L\u2019industrie de l\u2019ameublement en gros n\u00e9cessite une ex\u00e9cution efficace des op\u00e9rations de r\u00e9ception et d\u2019exp\u00e9dition de sa cha\u00eene d\u2019approvisionnement.<\/strong>\u00a0Pour y arriver, l\u2019implantation d\u2019un syst\u00e8me de gestion d\u2019entrep\u00f4t en temps r\u00e9el reposant sur les codes \u00e0 barres et les radiofr\u00e9quences est essentielle.<\/p>\n<p>La pr\u00e9cision qu\u2019offrent la num\u00e9risation des codes \u00e0 barres est n\u00e9cessaire pour soutenir les op\u00e9rations de mise en trousse, l\u2019assemblage l\u00e9ger et les exigences du secteur en mati\u00e8re de parcours des camions. Pour saisir avec efficacit\u00e9 les d\u00e9placements des stocks en gros tout en maintenant la productivit\u00e9, il faut recourir \u00e0 un syst\u00e8me agile de num\u00e9risation des codes \u00e0 barres en temps r\u00e9el.<\/p>\n<h2>LISA WMS permet \u00e0 nos clients et partenaires de l\u2019industrie de l\u2019ameublement en gros de rationaliser leur cha\u00eene d\u2019approvisionnement par divers moyens\u00a0:<\/h2>\n<ul>\n<li>la gestion des manifestes et le suivi des conteneurs permettent de consulter les marchandises entrantes et de les r\u00e9ceptionner efficacement dans l\u2019entrep\u00f4t d\u00e8s leur arriv\u00e9e;<\/li>\n<li>la num\u00e9risation des codes \u00e0 barres dans la zone de r\u00e9ception permet d\u2019enregistrer les stocks avec pr\u00e9cision et ainsi de les rendre imm\u00e9diatement disponibles;<\/li>\n<li>les mouvements et la consommation des stocks peuvent \u00eatre suivis tout au long de leur cycle de vie dans l\u2019entrep\u00f4t;<\/li>\n<li>les activit\u00e9s dirig\u00e9es pour la cueillette, l\u2019emballage et l\u2019exp\u00e9dition permettent d\u2019augmenter la productivit\u00e9 et d\u2019accro\u00eetre la tra\u00e7abilit\u00e9;<\/li>\n<li>la cr\u00e9ation des donn\u00e9es ASN permet une int\u00e9gration transparente avec le traitement des transactions EDI.<\/li>\n<\/ul>\n<p>Tous ces outils peuvent vous aider \u00e0 <strong>\u00a0optimiser votre entrep\u00f4t, augmenter la pr\u00e9cision, r\u00e9duire les erreurs d\u2019exp\u00e9dition et faire le bonheur de vos clients.<\/strong>[\/vc_column_text][\/vc_column][vc_column width=\u00a0\u00bb1\/3&Prime;][vc_single_image image=\u00a0\u00bb1183&Prime; img_size=\u00a0\u00bblarge\u00a0\u00bb el_class=\u00a0\u00bbnicepic\u00a0\u00bb][mk_blockquote font_family=\u00a0\u00bbnone\u00a0\u00bb]<em>LISA WMS a \u00e9t\u00e9 un \u00e9l\u00e9ment cl\u00e9 dans notre entrep\u00f4t pour rationaliser nos op\u00e9rations. [&#8230;] Qu&rsquo;il s&rsquo;agisse de traiter les conteneurs entrants, les commandes de pr\u00e9paration et d&rsquo;exp\u00e9dition ou de soutenir notre soci\u00e9t\u00e9 de logistique, LISA WMS a \u00e9t\u00e9 en mesure de nous aider \u00e0 am\u00e9liorer notre performance dans chaque domaine.<\/em><\/p>\n<p>&nbsp;<\/p>\n<p style=\"text-align: right;\"><strong>Phil Dickens, MD<\/strong><br \/>\n<strong>Directeur G\u00e9n\u00e9ral pour Baumhaus LTD<\/strong><\/p>\n[\/mk_blockquote][\/vc_column][\/vc_row][vc_row fullwidth=\u00a0\u00bbtrue\u00a0\u00bb fullwidth_content=\u00a0\u00bbfalse\u00a0\u00bb][vc_column][mk_padding_divider size=\u00a0\u00bb30&Prime;][\/vc_column][\/vc_row][vc_row fullwidth=\u00a0\u00bbtrue\u00a0\u00bb fullwidth_content=\u00a0\u00bbfalse\u00a0\u00bb css=\u00a0\u00bb.vc_custom_1507158730214{background-color: #edaf23 !important;}\u00a0\u00bb][vc_column][mk_padding_divider size=\u00a0\u00bb30&Prime;][vc_row_inner][vc_column_inner width=\u00a0\u00bb2\/3&Prime;][mk_padding_divider size=\u00a0\u00bb10&Prime;][mk_fancy_title tag_name=\u00a0\u00bbh5&Prime; color=\u00a0\u00bb#ffffff\u00a0\u00bb size=\u00a0\u00bb30&Prime; font_weight=\u00a0\u00bb400&Prime; txt_transform=\u00a0\u00bbnone\u00a0\u00bb font_family=\u00a0\u00bbOpen+Sans\u00a0\u00bb font_type=\u00a0\u00bbgoogle\u00a0\u00bb align=\u00a0\u00bbcenter\u00a0\u00bb]PR\u00caT \u00c0 OPTIMISER VOTRE ENTREP\u00d4T?[\/mk_fancy_title][\/vc_column_inner][vc_column_inner width=\u00a0\u00bb1\/3&Prime;][mk_button dimension=\u00a0\u00bbflat\u00a0\u00bb size=\u00a0\u00bblarge\u00a0\u00bb url=\u00a0\u00bbhttps:\/\/www.lisawms.com\/fr\/contact\/\u00a0\u00bb margin_right=\u00a0\u00bb0&Prime; bg_color=\u00a0\u00bb#ffffff\u00a0\u00bb btn_hover_bg=\u00a0\u00bb#dedede\u00a0\u00bb text_color=\u00a0\u00bbdark\u00a0\u00bb btn_hover_txt_color=\u00a0\u00bb#0a0a0a\u00a0\u00bb]PLANIFIER UNE R\u00c9UNION[\/mk_button][\/vc_column_inner][\/vc_row_inner][\/vc_column][\/vc_row]\n<\/div>","protected":false},"excerpt":{"rendered":"<p>[mk_page_section bg_image=\u00a0\u00bbhttp:\/\/www.lisawms.com\/wp-content\/uploads\/2017\/09\/furniture_header.jpg\u00a0\u00bb bg_color=\u00a0\u00bb#edaf23&Prime; blend_mode=\u00a0\u00bbluminosity\u00a0\u00bb bg_position=\u00a0\u00bbcenter center\u00a0\u00bb bg_repeat=\u00a0\u00bbno-repeat\u00a0\u00bb bg_stretch=\u00a0\u00bbtrue\u00a0\u00bb enable_3d=\u00a0\u00bbtrue\u00a0\u00bb speed_factor=\u00a0\u00bb0.6&Prime; bg_gradient=\u00a0\u00bbleft_bottom\u00a0\u00bb video_color_mask=\u00a0\u00bb#223356&Prime; gr_end=\u00a0\u00bb#edaf23&Prime; video_opacity=\u00a0\u00bb0.8&Prime; min_height=\u00a0\u00bb325&Prime; full_width=\u00a0\u00bbtrue\u00a0\u00bb padding_top=\u00a0\u00bb110&Prime; padding_bottom=\u00a0\u00bb90&Prime; animation=\u00a0\u00bbbottom-to-top\u00a0\u00bb sidebar=\u00a0\u00bbsidebar-1&Prime;][vc_column][mk_fancy_title color=\u00a0\u00bb#ffffff\u00a0\u00bb size=\u00a0\u00bb100&Prime; font_weight=\u00a0\u00bb100&Prime; font_family=\u00a0\u00bbnone\u00a0\u00bb align=\u00a0\u00bbcenter\u00a0\u00bb]AMEUBLEMENT EN GROS[\/mk_fancy_title][\/vc_column][\/mk_page_section][vc_row][vc_column][mk_padding_divider][vc_column_text css=\u00a0\u00bb.vc_custom_1528805872033{margin-bottom: 0px !important;}\u00a0\u00bb] LISA WMS pour la distribution de l&rsquo;ameublement en gros [\/vc_column_text][mk_padding_divider][\/vc_column][\/vc_row][vc_row css=\u00a0\u00bb.vc_custom_1505779317433{margin-bottom: 40px !important;}\u00a0\u00bb][vc_column width=\u00a0\u00bb2\/3&Prime;][vc_column_text css=\u00a0\u00bb.vc_custom_1528805508916{margin-bottom: 0px !important;}\u00a0\u00bb]L\u2019industrie de l\u2019ameublement en gros n\u00e9cessite une ex\u00e9cution efficace [&hellip;]<\/p>\n","protected":false},"author":1,"featured_media":0,"parent":889,"menu_order":-880,"comment_status":"closed","ping_status":"closed","template":"","meta":{"footnotes":""},"class_list":["post-906","page","type-page","status-publish","hentry"],"yoast_head":"<!-- This site is optimized with the Yoast SEO plugin v27.5 - https:\/\/yoast.com\/product\/yoast-seo-wordpress\/ -->\n<title>LISA WMS pour la distribution de l&#039;ameublemen en gros<\/title>\n<meta name=\"description\" content=\"La pr\u00e9cision qu\u2019offrent la num\u00e9risation des codes \u00e0 barres est n\u00e9cessaire pour soutenir les op\u00e9rations de mise en trousse, l\u2019assemblage l\u00e9ger et autres.\" \/>\n<meta name=\"robots\" content=\"index, follow, max-snippet:-1, max-image-preview:large, max-video-preview:-1\" \/>\n<link rel=\"canonical\" href=\"https:\/\/www.lisawms.com\/fr\/industries\/ameublement-en-gros\/\" \/>\n<meta property=\"og:locale\" content=\"fr_FR\" \/>\n<meta property=\"og:type\" content=\"article\" \/>\n<meta property=\"og:title\" content=\"LISA WMS pour la distribution de l&#039;ameublemen en gros\" \/>\n<meta property=\"og:description\" content=\"La pr\u00e9cision qu\u2019offrent la num\u00e9risation des codes \u00e0 barres est n\u00e9cessaire pour soutenir les op\u00e9rations de mise en trousse, l\u2019assemblage l\u00e9ger et autres.\" \/>\n<meta property=\"og:url\" content=\"https:\/\/www.lisawms.com\/fr\/industries\/ameublement-en-gros\/\" \/>\n<meta property=\"og:site_name\" content=\"LISA Distribution\" \/>\n<meta property=\"article:publisher\" content=\"https:\/\/www.facebook.com\/nwaretechnologies\" \/>\n<meta property=\"article:modified_time\" content=\"2018-06-18T15:15:51+00:00\" \/>\n<meta name=\"twitter:card\" content=\"summary_large_image\" \/>\n<meta name=\"twitter:site\" content=\"@LISAtalksWMS\" \/>\n<meta name=\"twitter:label1\" content=\"Dur\u00e9e de lecture estim\u00e9e\" \/>\n\t<meta name=\"twitter:data1\" content=\"3 minutes\" \/>\n<script type=\"application\/ld+json\" class=\"yoast-schema-graph\">{\"@context\":\"https:\\\/\\\/schema.org\",\"@graph\":[{\"@type\":\"WebPage\",\"@id\":\"https:\\\/\\\/www.lisawms.com\\\/fr\\\/industries\\\/ameublement-en-gros\\\/\",\"url\":\"https:\\\/\\\/www.lisawms.com\\\/fr\\\/industries\\\/ameublement-en-gros\\\/\",\"name\":\"LISA WMS pour la distribution de l'ameublemen en gros\",\"isPartOf\":{\"@id\":\"https:\\\/\\\/www.lisawms.com\\\/#website\"},\"datePublished\":\"2017-09-25T20:25:36+00:00\",\"dateModified\":\"2018-06-18T15:15:51+00:00\",\"description\":\"La pr\u00e9cision qu\u2019offrent la num\u00e9risation des codes \u00e0 barres est n\u00e9cessaire pour soutenir les op\u00e9rations de mise en trousse, l\u2019assemblage l\u00e9ger et autres.\",\"breadcrumb\":{\"@id\":\"https:\\\/\\\/www.lisawms.com\\\/fr\\\/industries\\\/ameublement-en-gros\\\/#breadcrumb\"},\"inLanguage\":\"fr-FR\",\"potentialAction\":[{\"@type\":\"ReadAction\",\"target\":[\"https:\\\/\\\/www.lisawms.com\\\/fr\\\/industries\\\/ameublement-en-gros\\\/\"]}]},{\"@type\":\"BreadcrumbList\",\"@id\":\"https:\\\/\\\/www.lisawms.com\\\/fr\\\/industries\\\/ameublement-en-gros\\\/#breadcrumb\",\"itemListElement\":[{\"@type\":\"ListItem\",\"position\":1,\"name\":\"Accueil\",\"item\":\"https:\\\/\\\/www.lisawms.com\\\/fr\\\/\"},{\"@type\":\"ListItem\",\"position\":2,\"name\":\"Industries\",\"item\":\"https:\\\/\\\/www.lisawms.com\\\/fr\\\/industries\\\/\"},{\"@type\":\"ListItem\",\"position\":3,\"name\":\"Ameublement en gros\"}]},{\"@type\":\"WebSite\",\"@id\":\"https:\\\/\\\/www.lisawms.com\\\/#website\",\"url\":\"https:\\\/\\\/www.lisawms.com\\\/\",\"name\":\"LISA WMS\",\"description\":\"Wharehouse distribution made easy\",\"publisher\":{\"@id\":\"https:\\\/\\\/www.lisawms.com\\\/#organization\"},\"potentialAction\":[{\"@type\":\"SearchAction\",\"target\":{\"@type\":\"EntryPoint\",\"urlTemplate\":\"https:\\\/\\\/www.lisawms.com\\\/?s={search_term_string}\"},\"query-input\":{\"@type\":\"PropertyValueSpecification\",\"valueRequired\":true,\"valueName\":\"search_term_string\"}}],\"inLanguage\":\"fr-FR\"},{\"@type\":\"Organization\",\"@id\":\"https:\\\/\\\/www.lisawms.com\\\/#organization\",\"name\":\"LISA WMS\",\"url\":\"https:\\\/\\\/www.lisawms.com\\\/\",\"logo\":{\"@type\":\"ImageObject\",\"inLanguage\":\"fr-FR\",\"@id\":\"https:\\\/\\\/www.lisawms.com\\\/#\\\/schema\\\/logo\\\/image\\\/\",\"url\":\"http:\\\/\\\/www.lisawms.com\\\/wp-content\\\/uploads\\\/2018\\\/03\\\/logo-lisa-distribution.png\",\"contentUrl\":\"http:\\\/\\\/www.lisawms.com\\\/wp-content\\\/uploads\\\/2018\\\/03\\\/logo-lisa-distribution.png\",\"width\":426,\"height\":180,\"caption\":\"LISA WMS\"},\"image\":{\"@id\":\"https:\\\/\\\/www.lisawms.com\\\/#\\\/schema\\\/logo\\\/image\\\/\"},\"sameAs\":[\"https:\\\/\\\/www.facebook.com\\\/nwaretechnologies\",\"https:\\\/\\\/x.com\\\/LISAtalksWMS\",\"https:\\\/\\\/www.linkedin.com\\\/company\\\/145448\",\"https:\\\/\\\/www.youtube.com\\\/channel\\\/UCl-HuOQf5YngwlixhS0SAbg\"]}]}<\/script>\n<!-- \/ Yoast SEO plugin. -->","yoast_head_json":{"title":"LISA WMS pour la distribution de l'ameublemen en gros","description":"La pr\u00e9cision qu\u2019offrent la num\u00e9risation des codes \u00e0 barres est n\u00e9cessaire pour soutenir les op\u00e9rations de mise en trousse, l\u2019assemblage l\u00e9ger et autres.","robots":{"index":"index","follow":"follow","max-snippet":"max-snippet:-1","max-image-preview":"max-image-preview:large","max-video-preview":"max-video-preview:-1"},"canonical":"https:\/\/www.lisawms.com\/fr\/industries\/ameublement-en-gros\/","og_locale":"fr_FR","og_type":"article","og_title":"LISA WMS pour la distribution de l'ameublemen en gros","og_description":"La pr\u00e9cision qu\u2019offrent la num\u00e9risation des codes \u00e0 barres est n\u00e9cessaire pour soutenir les op\u00e9rations de mise en trousse, l\u2019assemblage l\u00e9ger et autres.","og_url":"https:\/\/www.lisawms.com\/fr\/industries\/ameublement-en-gros\/","og_site_name":"LISA Distribution","article_publisher":"https:\/\/www.facebook.com\/nwaretechnologies","article_modified_time":"2018-06-18T15:15:51+00:00","twitter_card":"summary_large_image","twitter_site":"@LISAtalksWMS","twitter_misc":{"Dur\u00e9e de lecture estim\u00e9e":"3 minutes"},"schema":{"@context":"https:\/\/schema.org","@graph":[{"@type":"WebPage","@id":"https:\/\/www.lisawms.com\/fr\/industries\/ameublement-en-gros\/","url":"https:\/\/www.lisawms.com\/fr\/industries\/ameublement-en-gros\/","name":"LISA WMS pour la distribution de l'ameublemen en gros","isPartOf":{"@id":"https:\/\/www.lisawms.com\/#website"},"datePublished":"2017-09-25T20:25:36+00:00","dateModified":"2018-06-18T15:15:51+00:00","description":"La pr\u00e9cision qu\u2019offrent la num\u00e9risation des codes \u00e0 barres est n\u00e9cessaire pour soutenir les op\u00e9rations de mise en trousse, l\u2019assemblage l\u00e9ger et autres.","breadcrumb":{"@id":"https:\/\/www.lisawms.com\/fr\/industries\/ameublement-en-gros\/#breadcrumb"},"inLanguage":"fr-FR","potentialAction":[{"@type":"ReadAction","target":["https:\/\/www.lisawms.com\/fr\/industries\/ameublement-en-gros\/"]}]},{"@type":"BreadcrumbList","@id":"https:\/\/www.lisawms.com\/fr\/industries\/ameublement-en-gros\/#breadcrumb","itemListElement":[{"@type":"ListItem","position":1,"name":"Accueil","item":"https:\/\/www.lisawms.com\/fr\/"},{"@type":"ListItem","position":2,"name":"Industries","item":"https:\/\/www.lisawms.com\/fr\/industries\/"},{"@type":"ListItem","position":3,"name":"Ameublement en gros"}]},{"@type":"WebSite","@id":"https:\/\/www.lisawms.com\/#website","url":"https:\/\/www.lisawms.com\/","name":"LISA WMS","description":"Wharehouse distribution made easy","publisher":{"@id":"https:\/\/www.lisawms.com\/#organization"},"potentialAction":[{"@type":"SearchAction","target":{"@type":"EntryPoint","urlTemplate":"https:\/\/www.lisawms.com\/?s={search_term_string}"},"query-input":{"@type":"PropertyValueSpecification","valueRequired":true,"valueName":"search_term_string"}}],"inLanguage":"fr-FR"},{"@type":"Organization","@id":"https:\/\/www.lisawms.com\/#organization","name":"LISA WMS","url":"https:\/\/www.lisawms.com\/","logo":{"@type":"ImageObject","inLanguage":"fr-FR","@id":"https:\/\/www.lisawms.com\/#\/schema\/logo\/image\/","url":"http:\/\/www.lisawms.com\/wp-content\/uploads\/2018\/03\/logo-lisa-distribution.png","contentUrl":"http:\/\/www.lisawms.com\/wp-content\/uploads\/2018\/03\/logo-lisa-distribution.png","width":426,"height":180,"caption":"LISA WMS"},"image":{"@id":"https:\/\/www.lisawms.com\/#\/schema\/logo\/image\/"},"sameAs":["https:\/\/www.facebook.com\/nwaretechnologies","https:\/\/x.com\/LISAtalksWMS","https:\/\/www.linkedin.com\/company\/145448","https:\/\/www.youtube.com\/channel\/UCl-HuOQf5YngwlixhS0SAbg"]}]}},"_links":{"self":[{"href":"https:\/\/www.lisawms.com\/fr\/wp-json\/wp\/v2\/pages\/906","targetHints":{"allow":["GET"]}}],"collection":[{"href":"https:\/\/www.lisawms.com\/fr\/wp-json\/wp\/v2\/pages"}],"about":[{"href":"https:\/\/www.lisawms.com\/fr\/wp-json\/wp\/v2\/types\/page"}],"author":[{"embeddable":true,"href":"https:\/\/www.lisawms.com\/fr\/wp-json\/wp\/v2\/users\/1"}],"replies":[{"embeddable":true,"href":"https:\/\/www.lisawms.com\/fr\/wp-json\/wp\/v2\/comments?post=906"}],"version-history":[{"count":0,"href":"https:\/\/www.lisawms.com\/fr\/wp-json\/wp\/v2\/pages\/906\/revisions"}],"up":[{"embeddable":true,"href":"https:\/\/www.lisawms.com\/fr\/wp-json\/wp\/v2\/pages\/889"}],"wp:attachment":[{"href":"https:\/\/www.lisawms.com\/fr\/wp-json\/wp\/v2\/media?parent=906"}],"curies":[{"name":"wp","href":"https:\/\/api.w.org\/{rel}","templated":true}]}}