{"id":903,"date":"2017-09-25T16:19:03","date_gmt":"2017-09-25T20:19:03","guid":{"rendered":"http:\/\/mr-futon.com\/industries\/medical-devices\/"},"modified":"2019-07-08T14:26:55","modified_gmt":"2019-07-08T18:26:55","slug":"dispositifs-medicaux","status":"publish","type":"page","link":"https:\/\/www.lisawms.com\/fr\/industries\/dispositifs-medicaux\/","title":{"rendered":"Dispositifs m\u00e9dicaux"},"content":{"rendered":"<div class=\"wpb-content-wrapper\">[mk_page_section bg_image=\u00a0\u00bbhttp:\/\/www.lisawms.com\/wp-content\/uploads\/2017\/09\/medical_header.jpg\u00a0\u00bb bg_color=\u00a0\u00bb#edaf23&Prime; blend_mode=\u00a0\u00bbluminosity\u00a0\u00bb bg_position=\u00a0\u00bbcenter center\u00a0\u00bb bg_repeat=\u00a0\u00bbno-repeat\u00a0\u00bb bg_stretch=\u00a0\u00bbtrue\u00a0\u00bb enable_3d=\u00a0\u00bbtrue\u00a0\u00bb speed_factor=\u00a0\u00bb0.6&Prime; bg_gradient=\u00a0\u00bbleft_bottom\u00a0\u00bb video_color_mask=\u00a0\u00bb#223356&Prime; gr_end=\u00a0\u00bb#edaf23&Prime; video_opacity=\u00a0\u00bb0.8&Prime; min_height=\u00a0\u00bb325&Prime; full_width=\u00a0\u00bbtrue\u00a0\u00bb padding_top=\u00a0\u00bb110&Prime; padding_bottom=\u00a0\u00bb90&Prime; animation=\u00a0\u00bbbottom-to-top\u00a0\u00bb sidebar=\u00a0\u00bbsidebar-1&Prime;][vc_column][mk_fancy_title color=\u00a0\u00bb#ffffff\u00a0\u00bb size=\u00a0\u00bb100&Prime; font_weight=\u00a0\u00bb100&Prime; font_family=\u00a0\u00bbnone\u00a0\u00bb align=\u00a0\u00bbcenter\u00a0\u00bb]DISPOSITIFS M\u00c9DICAUX[\/mk_fancy_title][\/vc_column][\/mk_page_section][vc_row][vc_column][mk_padding_divider][vc_column_text css=\u00a0\u00bb.vc_custom_1528804938178{margin-bottom: 0px !important;}\u00a0\u00bb]\n<h1>LISA WMS POUR LES DISTRIBUTEURS DE DISPOSITIFS M\u00c9DICAUX<\/h1>\n[\/vc_column_text][mk_padding_divider][\/vc_column][\/vc_row][vc_row css=\u00a0\u00bb.vc_custom_1505779317433{margin-bottom: 40px !important;}\u00a0\u00bb][vc_column width=\u00a0\u00bb2\/3&Prime;][vc_column_text css=\u00a0\u00bb.vc_custom_1562610400661{margin-bottom: 0px !important;}\u00a0\u00bb]<strong>L\u2019industrie des dispositifs m\u00e9dicaux n\u00e9cessite une ex\u00e9cution efficace des op\u00e9rations de r\u00e9ception et d\u2019exp\u00e9dition de sa cha\u00eene d\u2019approvisionnement, tout en assurant une grande tra\u00e7abilit\u00e9 dans toutes les \u00e9tapes.<\/strong>\u00a0L\u2019implantation d\u2019un syst\u00e8me de gestion d\u2019entrep\u00f4t en temps r\u00e9el reposant sur les codes \u00e0 barres et les radiofr\u00e9quences est primordiale pour r\u00e9pondre \u00e0 ces besoins.<\/p>\n<p>Pour effectuer avec pr\u00e9cision des transactions \u00e0 partir de num\u00e9ros de pi\u00e8ces qui sont souvent tr\u00e8s similaires les uns des autres en raison de l\u00e9g\u00e8res variations de configuration, la pr\u00e9cision qu\u2019offre la num\u00e9risation des codes \u00e0 barres est essentielle. \u00a0Ainsi, pour saisir efficacement les num\u00e9ros de s\u00e9rie et les num\u00e9ros de lot de production, puis en assurer le suivi et la tra\u00e7abilit\u00e9 tout au long du cycle des stocks, un traitement agile en temps r\u00e9el est essentiel.<\/p>\n<p>LISA WMS offre les fonctions n\u00e9cessaires afin de respecter les normes de l&rsquo;industrie pharmaceutique et pour les fabricants d&rsquo;instruments m\u00e9dicaux; incluant les exigences de la Food and Drug Administration (FDA) aux \u00c9tats-Unis.<\/p>\n<h2>LISA WMS permet \u00e0 nos clients et partenaires de l\u2019industrie des dispositifs m\u00e9dicaux de rationaliser leur cha\u00eene d\u2019approvisionnement :<\/h2>\n<ul>\n<li>la gestion des manifestes et le suivi des conteneurs permettent de consulter les marchandises entrantes et de les r\u00e9ceptionner efficacement dans l\u2019entrep\u00f4t d\u00e8s leur arriv\u00e9e;<\/li>\n<li>l\u2019implantation de la num\u00e9risation des codes \u00e0 barres dans la zone de r\u00e9ception permet d\u2019enregistrer ad\u00e9quatement les stocks, saisir leur num\u00e9ro de s\u00e9rie et entrer ou g\u00e9n\u00e9rer un num\u00e9ro de lot;<\/li>\n<li>les mouvements et la consommation des stocks peuvent \u00eatre suivis tout au long de leur cycle de vie dans l\u2019entrep\u00f4t, notamment par leurs num\u00e9ros de s\u00e9rie et de lot;<\/li>\n<li>les activit\u00e9s dirig\u00e9es pour la cueillette, l\u2019emballage et l\u2019exp\u00e9dition permettent d\u2019augmenter la productivit\u00e9 et d\u2019accro\u00eetre la tra\u00e7abilit\u00e9;<\/li>\n<li>les fonctionnalit\u00e9s compl\u00e8tes de tra\u00e7abilit\u00e9 permettent d\u2019assurer la disponibilit\u00e9 de donn\u00e9es exactes en temps r\u00e9el en cas de rappel.<\/li>\n<\/ul>\n<p>Tous ces outils peuvent vous aider \u00e0 <strong>\u00a0optimiser votre entrep\u00f4t, augmenter la pr\u00e9cision, r\u00e9duire les erreurs d\u2019exp\u00e9dition et faire le bonheur de vos clients.<\/strong>[\/vc_column_text][\/vc_column][vc_column width=\u00a0\u00bb1\/3&Prime;][vc_single_image image=\u00a0\u00bb398&Prime; img_size=\u00a0\u00bblarge\u00a0\u00bb el_class=\u00a0\u00bbnicepic\u00a0\u00bb][mk_padding_divider size=\u00a0\u00bb30&Prime;][mk_blockquote font_family=\u00a0\u00bbnone\u00a0\u00bb]<em>Novocure s\u2019appuie sur SAP Business One et LISA WMS pour effectuer efficacement ses mouvements de stocks dans sa cha\u00eene d\u2019approvisionnement. \u00a0 Ce syst\u00e8me donne l\u2019information d\u00e9taill\u00e9e \u00e0 la minute pr\u00e8s sur l\u2019emplacement et l\u2019\u00e9tat de chacun des dispositifs dans l\u2019entreprise.<\/em>[\/mk_blockquote][\/vc_column][\/vc_row][vc_row fullwidth=\u00a0\u00bbtrue\u00a0\u00bb fullwidth_content=\u00a0\u00bbfalse\u00a0\u00bb css=\u00a0\u00bb.vc_custom_1507158730214{background-color: #edaf23 !important;}\u00a0\u00bb][vc_column][mk_padding_divider size=\u00a0\u00bb30&Prime;][vc_row_inner][vc_column_inner width=\u00a0\u00bb2\/3&Prime;][mk_padding_divider size=\u00a0\u00bb10&Prime;][mk_fancy_title tag_name=\u00a0\u00bbh5&Prime; color=\u00a0\u00bb#ffffff\u00a0\u00bb size=\u00a0\u00bb30&Prime; font_weight=\u00a0\u00bb400&Prime; txt_transform=\u00a0\u00bbnone\u00a0\u00bb font_family=\u00a0\u00bbOpen+Sans\u00a0\u00bb font_type=\u00a0\u00bbgoogle\u00a0\u00bb align=\u00a0\u00bbcenter\u00a0\u00bb]PR\u00caT \u00c0 OPTIMISER VOTRE ENTREP\u00d4T?[\/mk_fancy_title][\/vc_column_inner][vc_column_inner width=\u00a0\u00bb1\/3&Prime;][mk_button dimension=\u00a0\u00bbflat\u00a0\u00bb size=\u00a0\u00bblarge\u00a0\u00bb url=\u00a0\u00bbhttps:\/\/www.lisawms.com\/fr\/contact\/\u00a0\u00bb margin_right=\u00a0\u00bb0&Prime; bg_color=\u00a0\u00bb#ffffff\u00a0\u00bb btn_hover_bg=\u00a0\u00bb#dedede\u00a0\u00bb text_color=\u00a0\u00bbdark\u00a0\u00bb btn_hover_txt_color=\u00a0\u00bb#0a0a0a\u00a0\u00bb]PLANIFIER UNE R\u00c9UNION[\/mk_button][\/vc_column_inner][\/vc_row_inner][\/vc_column][\/vc_row]\n<\/div>","protected":false},"excerpt":{"rendered":"<p>[mk_page_section bg_image=\u00a0\u00bbhttp:\/\/www.lisawms.com\/wp-content\/uploads\/2017\/09\/medical_header.jpg\u00a0\u00bb bg_color=\u00a0\u00bb#edaf23&Prime; blend_mode=\u00a0\u00bbluminosity\u00a0\u00bb bg_position=\u00a0\u00bbcenter center\u00a0\u00bb bg_repeat=\u00a0\u00bbno-repeat\u00a0\u00bb bg_stretch=\u00a0\u00bbtrue\u00a0\u00bb enable_3d=\u00a0\u00bbtrue\u00a0\u00bb speed_factor=\u00a0\u00bb0.6&Prime; bg_gradient=\u00a0\u00bbleft_bottom\u00a0\u00bb video_color_mask=\u00a0\u00bb#223356&Prime; gr_end=\u00a0\u00bb#edaf23&Prime; video_opacity=\u00a0\u00bb0.8&Prime; min_height=\u00a0\u00bb325&Prime; full_width=\u00a0\u00bbtrue\u00a0\u00bb padding_top=\u00a0\u00bb110&Prime; padding_bottom=\u00a0\u00bb90&Prime; animation=\u00a0\u00bbbottom-to-top\u00a0\u00bb sidebar=\u00a0\u00bbsidebar-1&Prime;][vc_column][mk_fancy_title color=\u00a0\u00bb#ffffff\u00a0\u00bb size=\u00a0\u00bb100&Prime; font_weight=\u00a0\u00bb100&Prime; font_family=\u00a0\u00bbnone\u00a0\u00bb align=\u00a0\u00bbcenter\u00a0\u00bb]DISPOSITIFS M\u00c9DICAUX[\/mk_fancy_title][\/vc_column][\/mk_page_section][vc_row][vc_column][mk_padding_divider][vc_column_text css=\u00a0\u00bb.vc_custom_1528804938178{margin-bottom: 0px !important;}\u00a0\u00bb] LISA WMS POUR LES DISTRIBUTEURS DE DISPOSITIFS M\u00c9DICAUX [\/vc_column_text][mk_padding_divider][\/vc_column][\/vc_row][vc_row css=\u00a0\u00bb.vc_custom_1505779317433{margin-bottom: 40px !important;}\u00a0\u00bb][vc_column width=\u00a0\u00bb2\/3&Prime;][vc_column_text css=\u00a0\u00bb.vc_custom_1562610400661{margin-bottom: 0px !important;}\u00a0\u00bb]L\u2019industrie des dispositifs m\u00e9dicaux n\u00e9cessite une ex\u00e9cution efficace des op\u00e9rations de [&hellip;]<\/p>\n","protected":false},"author":1,"featured_media":0,"parent":889,"menu_order":-860,"comment_status":"closed","ping_status":"closed","template":"","meta":{"footnotes":""},"class_list":["post-903","page","type-page","status-publish","hentry"],"yoast_head":"<!-- This site is optimized with the Yoast SEO plugin v27.5 - https:\/\/yoast.com\/product\/yoast-seo-wordpress\/ -->\n<title>LISA WMS pour les Distributeurs en Dispositifs M\u00e9dicaux<\/title>\n<meta name=\"description\" content=\"L\u2019industrie des dispositifs m\u00e9dicaux n\u00e9cessite une ex\u00e9cution efficace des op\u00e9rations de r\u00e9ception et d\u2019exp\u00e9dition de sa cha\u00eene d\u2019approvisionnement.\" \/>\n<meta name=\"robots\" content=\"index, follow, max-snippet:-1, max-image-preview:large, max-video-preview:-1\" \/>\n<link rel=\"canonical\" href=\"https:\/\/www.lisawms.com\/fr\/industries\/dispositifs-medicaux\/\" \/>\n<meta property=\"og:locale\" content=\"fr_FR\" \/>\n<meta property=\"og:type\" content=\"article\" \/>\n<meta property=\"og:title\" content=\"LISA WMS pour les Distributeurs en Dispositifs M\u00e9dicaux\" \/>\n<meta property=\"og:description\" content=\"L\u2019industrie des dispositifs m\u00e9dicaux n\u00e9cessite une ex\u00e9cution efficace des op\u00e9rations de r\u00e9ception et d\u2019exp\u00e9dition de sa cha\u00eene d\u2019approvisionnement.\" \/>\n<meta property=\"og:url\" content=\"https:\/\/www.lisawms.com\/fr\/industries\/dispositifs-medicaux\/\" \/>\n<meta property=\"og:site_name\" content=\"LISA Distribution\" \/>\n<meta property=\"article:publisher\" content=\"https:\/\/www.facebook.com\/nwaretechnologies\" \/>\n<meta property=\"article:modified_time\" content=\"2019-07-08T18:26:55+00:00\" \/>\n<meta name=\"twitter:card\" content=\"summary_large_image\" \/>\n<meta name=\"twitter:site\" content=\"@LISAtalksWMS\" \/>\n<meta name=\"twitter:label1\" content=\"Dur\u00e9e de lecture estim\u00e9e\" \/>\n\t<meta name=\"twitter:data1\" content=\"4 minutes\" \/>\n<script type=\"application\/ld+json\" class=\"yoast-schema-graph\">{\"@context\":\"https:\\\/\\\/schema.org\",\"@graph\":[{\"@type\":\"WebPage\",\"@id\":\"https:\\\/\\\/www.lisawms.com\\\/fr\\\/industries\\\/dispositifs-medicaux\\\/\",\"url\":\"https:\\\/\\\/www.lisawms.com\\\/fr\\\/industries\\\/dispositifs-medicaux\\\/\",\"name\":\"LISA WMS pour les Distributeurs en Dispositifs M\u00e9dicaux\",\"isPartOf\":{\"@id\":\"https:\\\/\\\/www.lisawms.com\\\/#website\"},\"datePublished\":\"2017-09-25T20:19:03+00:00\",\"dateModified\":\"2019-07-08T18:26:55+00:00\",\"description\":\"L\u2019industrie des dispositifs m\u00e9dicaux n\u00e9cessite une ex\u00e9cution efficace des op\u00e9rations de r\u00e9ception et d\u2019exp\u00e9dition de sa cha\u00eene d\u2019approvisionnement.\",\"breadcrumb\":{\"@id\":\"https:\\\/\\\/www.lisawms.com\\\/fr\\\/industries\\\/dispositifs-medicaux\\\/#breadcrumb\"},\"inLanguage\":\"fr-FR\",\"potentialAction\":[{\"@type\":\"ReadAction\",\"target\":[\"https:\\\/\\\/www.lisawms.com\\\/fr\\\/industries\\\/dispositifs-medicaux\\\/\"]}]},{\"@type\":\"BreadcrumbList\",\"@id\":\"https:\\\/\\\/www.lisawms.com\\\/fr\\\/industries\\\/dispositifs-medicaux\\\/#breadcrumb\",\"itemListElement\":[{\"@type\":\"ListItem\",\"position\":1,\"name\":\"Accueil\",\"item\":\"https:\\\/\\\/www.lisawms.com\\\/fr\\\/\"},{\"@type\":\"ListItem\",\"position\":2,\"name\":\"Industries\",\"item\":\"https:\\\/\\\/www.lisawms.com\\\/fr\\\/industries\\\/\"},{\"@type\":\"ListItem\",\"position\":3,\"name\":\"Dispositifs m\u00e9dicaux\"}]},{\"@type\":\"WebSite\",\"@id\":\"https:\\\/\\\/www.lisawms.com\\\/#website\",\"url\":\"https:\\\/\\\/www.lisawms.com\\\/\",\"name\":\"LISA WMS\",\"description\":\"Wharehouse distribution made easy\",\"publisher\":{\"@id\":\"https:\\\/\\\/www.lisawms.com\\\/#organization\"},\"potentialAction\":[{\"@type\":\"SearchAction\",\"target\":{\"@type\":\"EntryPoint\",\"urlTemplate\":\"https:\\\/\\\/www.lisawms.com\\\/?s={search_term_string}\"},\"query-input\":{\"@type\":\"PropertyValueSpecification\",\"valueRequired\":true,\"valueName\":\"search_term_string\"}}],\"inLanguage\":\"fr-FR\"},{\"@type\":\"Organization\",\"@id\":\"https:\\\/\\\/www.lisawms.com\\\/#organization\",\"name\":\"LISA WMS\",\"url\":\"https:\\\/\\\/www.lisawms.com\\\/\",\"logo\":{\"@type\":\"ImageObject\",\"inLanguage\":\"fr-FR\",\"@id\":\"https:\\\/\\\/www.lisawms.com\\\/#\\\/schema\\\/logo\\\/image\\\/\",\"url\":\"http:\\\/\\\/www.lisawms.com\\\/wp-content\\\/uploads\\\/2018\\\/03\\\/logo-lisa-distribution.png\",\"contentUrl\":\"http:\\\/\\\/www.lisawms.com\\\/wp-content\\\/uploads\\\/2018\\\/03\\\/logo-lisa-distribution.png\",\"width\":426,\"height\":180,\"caption\":\"LISA WMS\"},\"image\":{\"@id\":\"https:\\\/\\\/www.lisawms.com\\\/#\\\/schema\\\/logo\\\/image\\\/\"},\"sameAs\":[\"https:\\\/\\\/www.facebook.com\\\/nwaretechnologies\",\"https:\\\/\\\/x.com\\\/LISAtalksWMS\",\"https:\\\/\\\/www.linkedin.com\\\/company\\\/145448\",\"https:\\\/\\\/www.youtube.com\\\/channel\\\/UCl-HuOQf5YngwlixhS0SAbg\"]}]}<\/script>\n<!-- \/ Yoast SEO plugin. -->","yoast_head_json":{"title":"LISA WMS pour les Distributeurs en Dispositifs M\u00e9dicaux","description":"L\u2019industrie des dispositifs m\u00e9dicaux n\u00e9cessite une ex\u00e9cution efficace des op\u00e9rations de r\u00e9ception et d\u2019exp\u00e9dition de sa cha\u00eene d\u2019approvisionnement.","robots":{"index":"index","follow":"follow","max-snippet":"max-snippet:-1","max-image-preview":"max-image-preview:large","max-video-preview":"max-video-preview:-1"},"canonical":"https:\/\/www.lisawms.com\/fr\/industries\/dispositifs-medicaux\/","og_locale":"fr_FR","og_type":"article","og_title":"LISA WMS pour les Distributeurs en Dispositifs M\u00e9dicaux","og_description":"L\u2019industrie des dispositifs m\u00e9dicaux n\u00e9cessite une ex\u00e9cution efficace des op\u00e9rations de r\u00e9ception et d\u2019exp\u00e9dition de sa cha\u00eene d\u2019approvisionnement.","og_url":"https:\/\/www.lisawms.com\/fr\/industries\/dispositifs-medicaux\/","og_site_name":"LISA Distribution","article_publisher":"https:\/\/www.facebook.com\/nwaretechnologies","article_modified_time":"2019-07-08T18:26:55+00:00","twitter_card":"summary_large_image","twitter_site":"@LISAtalksWMS","twitter_misc":{"Dur\u00e9e de lecture estim\u00e9e":"4 minutes"},"schema":{"@context":"https:\/\/schema.org","@graph":[{"@type":"WebPage","@id":"https:\/\/www.lisawms.com\/fr\/industries\/dispositifs-medicaux\/","url":"https:\/\/www.lisawms.com\/fr\/industries\/dispositifs-medicaux\/","name":"LISA WMS pour les Distributeurs en Dispositifs M\u00e9dicaux","isPartOf":{"@id":"https:\/\/www.lisawms.com\/#website"},"datePublished":"2017-09-25T20:19:03+00:00","dateModified":"2019-07-08T18:26:55+00:00","description":"L\u2019industrie des dispositifs m\u00e9dicaux n\u00e9cessite une ex\u00e9cution efficace des op\u00e9rations de r\u00e9ception et d\u2019exp\u00e9dition de sa cha\u00eene d\u2019approvisionnement.","breadcrumb":{"@id":"https:\/\/www.lisawms.com\/fr\/industries\/dispositifs-medicaux\/#breadcrumb"},"inLanguage":"fr-FR","potentialAction":[{"@type":"ReadAction","target":["https:\/\/www.lisawms.com\/fr\/industries\/dispositifs-medicaux\/"]}]},{"@type":"BreadcrumbList","@id":"https:\/\/www.lisawms.com\/fr\/industries\/dispositifs-medicaux\/#breadcrumb","itemListElement":[{"@type":"ListItem","position":1,"name":"Accueil","item":"https:\/\/www.lisawms.com\/fr\/"},{"@type":"ListItem","position":2,"name":"Industries","item":"https:\/\/www.lisawms.com\/fr\/industries\/"},{"@type":"ListItem","position":3,"name":"Dispositifs m\u00e9dicaux"}]},{"@type":"WebSite","@id":"https:\/\/www.lisawms.com\/#website","url":"https:\/\/www.lisawms.com\/","name":"LISA WMS","description":"Wharehouse distribution made easy","publisher":{"@id":"https:\/\/www.lisawms.com\/#organization"},"potentialAction":[{"@type":"SearchAction","target":{"@type":"EntryPoint","urlTemplate":"https:\/\/www.lisawms.com\/?s={search_term_string}"},"query-input":{"@type":"PropertyValueSpecification","valueRequired":true,"valueName":"search_term_string"}}],"inLanguage":"fr-FR"},{"@type":"Organization","@id":"https:\/\/www.lisawms.com\/#organization","name":"LISA WMS","url":"https:\/\/www.lisawms.com\/","logo":{"@type":"ImageObject","inLanguage":"fr-FR","@id":"https:\/\/www.lisawms.com\/#\/schema\/logo\/image\/","url":"http:\/\/www.lisawms.com\/wp-content\/uploads\/2018\/03\/logo-lisa-distribution.png","contentUrl":"http:\/\/www.lisawms.com\/wp-content\/uploads\/2018\/03\/logo-lisa-distribution.png","width":426,"height":180,"caption":"LISA WMS"},"image":{"@id":"https:\/\/www.lisawms.com\/#\/schema\/logo\/image\/"},"sameAs":["https:\/\/www.facebook.com\/nwaretechnologies","https:\/\/x.com\/LISAtalksWMS","https:\/\/www.linkedin.com\/company\/145448","https:\/\/www.youtube.com\/channel\/UCl-HuOQf5YngwlixhS0SAbg"]}]}},"_links":{"self":[{"href":"https:\/\/www.lisawms.com\/fr\/wp-json\/wp\/v2\/pages\/903","targetHints":{"allow":["GET"]}}],"collection":[{"href":"https:\/\/www.lisawms.com\/fr\/wp-json\/wp\/v2\/pages"}],"about":[{"href":"https:\/\/www.lisawms.com\/fr\/wp-json\/wp\/v2\/types\/page"}],"author":[{"embeddable":true,"href":"https:\/\/www.lisawms.com\/fr\/wp-json\/wp\/v2\/users\/1"}],"replies":[{"embeddable":true,"href":"https:\/\/www.lisawms.com\/fr\/wp-json\/wp\/v2\/comments?post=903"}],"version-history":[{"count":0,"href":"https:\/\/www.lisawms.com\/fr\/wp-json\/wp\/v2\/pages\/903\/revisions"}],"up":[{"embeddable":true,"href":"https:\/\/www.lisawms.com\/fr\/wp-json\/wp\/v2\/pages\/889"}],"wp:attachment":[{"href":"https:\/\/www.lisawms.com\/fr\/wp-json\/wp\/v2\/media?parent=903"}],"curies":[{"name":"wp","href":"https:\/\/api.w.org\/{rel}","templated":true}]}}