{"id":900,"date":"2017-09-25T15:47:57","date_gmt":"2017-09-25T19:47:57","guid":{"rendered":"http:\/\/mr-futon.com\/industries\/electronics\/"},"modified":"2018-06-18T11:09:47","modified_gmt":"2018-06-18T15:09:47","slug":"electronique","status":"publish","type":"page","link":"https:\/\/www.lisawms.com\/fr\/industries\/electronique\/","title":{"rendered":"\u00c9lectronique"},"content":{"rendered":"<div class=\"wpb-content-wrapper\">[mk_page_section bg_image=\u00a0\u00bbhttp:\/\/www.lisawms.com\/wp-content\/uploads\/2017\/09\/electronics_header.jpg\u00a0\u00bb bg_color=\u00a0\u00bb#edaf23&Prime; blend_mode=\u00a0\u00bbluminosity\u00a0\u00bb bg_position=\u00a0\u00bbcenter center\u00a0\u00bb bg_repeat=\u00a0\u00bbno-repeat\u00a0\u00bb bg_stretch=\u00a0\u00bbtrue\u00a0\u00bb enable_3d=\u00a0\u00bbtrue\u00a0\u00bb speed_factor=\u00a0\u00bb0.6&Prime; bg_gradient=\u00a0\u00bbleft_bottom\u00a0\u00bb video_color_mask=\u00a0\u00bb#223356&Prime; gr_end=\u00a0\u00bb#edaf23&Prime; video_opacity=\u00a0\u00bb0.8&Prime; min_height=\u00a0\u00bb325&Prime; full_width=\u00a0\u00bbtrue\u00a0\u00bb padding_top=\u00a0\u00bb110&Prime; padding_bottom=\u00a0\u00bb90&Prime; animation=\u00a0\u00bbbottom-to-top\u00a0\u00bb sidebar=\u00a0\u00bbsidebar-1&Prime;][vc_column][mk_fancy_title color=\u00a0\u00bb#ffffff\u00a0\u00bb size=\u00a0\u00bb100&Prime; font_weight=\u00a0\u00bb100&Prime; font_family=\u00a0\u00bbnone\u00a0\u00bb align=\u00a0\u00bbcenter\u00a0\u00bb]\u00c9LECTRONIQUE[\/mk_fancy_title][\/vc_column][\/mk_page_section][vc_row][vc_column][mk_padding_divider][vc_column_text css=\u00a0\u00bb.vc_custom_1528804654731{margin-bottom: 0px !important;}\u00a0\u00bb]\n<h1>LISA WMS POUR L&rsquo;INDUSTRIE DE LA DISTRIBUTION DE L&rsquo;\u00c9LECTRONIQUE<\/h1>\n[\/vc_column_text][mk_padding_divider][\/vc_column][\/vc_row][vc_row css=\u00a0\u00bb.vc_custom_1505779317433{margin-bottom: 40px !important;}\u00a0\u00bb][vc_column width=\u00a0\u00bb2\/3&Prime;][vc_column_text css=\u00a0\u00bb.vc_custom_1528804197952{margin-bottom: 0px !important;}\u00a0\u00bb]<strong>L\u2019industrie de l\u2019\u00e9lectronique n\u00e9cessite une ex\u00e9cution efficace des op\u00e9rations de r\u00e9ception et d\u2019exp\u00e9dition de sa cha\u00eene d\u2019approvisionnement.<\/strong>\u00a0Pour y arriver, l\u2019implantation d\u2019un syst\u00e8me de gestion d\u2019entrep\u00f4t en temps r\u00e9el reposant sur les codes \u00e0 barres et les radiofr\u00e9quences est essentielle.<\/p>\n<p>Pour effectuer avec pr\u00e9cision des transactions \u00e0 partir de num\u00e9ros de pi\u00e8ces qui sont souvent tr\u00e8s similaires les uns des autres en raison de l\u00e9g\u00e8res variations de configuration, la pr\u00e9cision qu\u2019offre la num\u00e9risation des codes \u00e0 barres est essentielle. Ainsi, pour saisir efficacement les num\u00e9ros de s\u00e9rie et les num\u00e9ros de lot de production, puis en assurer le suivi et la tra\u00e7abilit\u00e9 tout au long du cycle des stocks, un traitement agile en temps r\u00e9el est essentiel.<\/p>\n<h2>LISA WMS permet \u00e0 nos clients et partenaires de l\u2019industrie de l\u2019\u00e9lectronique de rationaliser leur cha\u00eene d\u2019approvisionnement par divers moyens\u00a0:<\/h2>\n<ul>\n<li>la gestion des manifestes et le suivi des conteneurs permettent de consulter les marchandises entrantes et de les r\u00e9ceptionner efficacement dans l\u2019entrep\u00f4t d\u00e8s leur arriv\u00e9e;<\/li>\n<li>l\u2019implantation de la num\u00e9risation des codes \u00e0 barres dans la zone de r\u00e9ception permet d\u2019enregistrer ad\u00e9quatement les stocks, saisir leur num\u00e9ro de s\u00e9rie et entrer ou g\u00e9n\u00e9rer un num\u00e9ro de lot;<\/li>\n<li>les mouvements et la consommation des stocks peuvent \u00eatre suivis tout au long de leur cycle de vie dans l\u2019entrep\u00f4t, notamment par leurs num\u00e9ros de s\u00e9rie et de lot;<\/li>\n<li>les activit\u00e9s dirig\u00e9es pour la cueillette, l\u2019emballage et l\u2019exp\u00e9dition permettent d\u2019augmenter la productivit\u00e9 et d\u2019accro\u00eetre la tra\u00e7abilit\u00e9;<\/li>\n<li>la cr\u00e9ation des donn\u00e9es ASN permet une int\u00e9gration transparente avec le traitement des transactions EDI.<\/li>\n<\/ul>\n<p>Tous ces outils peuvent vous aider \u00e0 <strong>\u00a0optimiser votre entrep\u00f4t, augmenter la pr\u00e9cision, r\u00e9duire les erreurs d\u2019exp\u00e9dition et faire le bonheur de vos clients.<\/strong>[\/vc_column_text][\/vc_column][vc_column width=\u00a0\u00bb1\/3&Prime;][vc_single_image image=\u00a0\u00bb397&Prime; img_size=\u00a0\u00bblarge\u00a0\u00bb el_class=\u00a0\u00bbnicepic\u00a0\u00bb][mk_padding_divider size=\u00a0\u00bb30&Prime;][mk_blockquote font_family=\u00a0\u00bbnone\u00a0\u00bb]<em>SAP Business One et LISA WMS sont, hors de tout doute, une incroyable r\u00e9ussite pour Staub et constituent un avantage concurrentiel majeur pour l\u2019entreprise.<\/em><\/p>\n<p>&nbsp;<\/p>\n<p style=\"text-align: right;\"><strong>Scott Trotter,<\/strong><br \/>\n<strong>Pr\u00e9sident de Staub<\/strong><\/p>\n[\/mk_blockquote][vc_column_text css=\u00a0\u00bb.vc_custom_1528806860544{margin-bottom: 0px !important;}\u00a0\u00bb]\n<h3 style=\"text-align: center;\">L&rsquo;histoire de sa r\u00e9ussite<\/h3>\n<p style=\"text-align: center;\">D\u00e9couvrez comment notre client, <a href=\"https:\/\/www.lisawms.com\/fr\/staud-electronics-rationaliser-une-entreprise-de-distribution\/\">Staub Electronics<\/a>, a gagn\u00e9 en avantage concurrentiel avec LISA WMS pour SAP Business One.<\/p>\n[\/vc_column_text][mk_button dimension=\u00a0\u00bbflat\u00a0\u00bb size=\u00a0\u00bblarge\u00a0\u00bb url=\u00a0\u00bb\/fr\/staud-rationaliser-une-entreprise-de-distribution\/\u00a0\u00bb align=\u00a0\u00bbcenter\u00a0\u00bb bg_color=\u00a0\u00bb#666666&Prime;]LIRE L&rsquo;HISTOIRE COMPL\u00c8TE[\/mk_button][\/vc_column][\/vc_row][vc_row fullwidth=\u00a0\u00bbtrue\u00a0\u00bb fullwidth_content=\u00a0\u00bbfalse\u00a0\u00bb css=\u00a0\u00bb.vc_custom_1507158730214{background-color: #edaf23 !important;}\u00a0\u00bb][vc_column][mk_padding_divider size=\u00a0\u00bb30&Prime;][vc_row_inner][vc_column_inner width=\u00a0\u00bb2\/3&Prime;][mk_padding_divider size=\u00a0\u00bb10&Prime;][mk_fancy_title tag_name=\u00a0\u00bbh5&Prime; color=\u00a0\u00bb#ffffff\u00a0\u00bb size=\u00a0\u00bb30&Prime; font_weight=\u00a0\u00bb400&Prime; txt_transform=\u00a0\u00bbnone\u00a0\u00bb font_family=\u00a0\u00bbOpen+Sans\u00a0\u00bb font_type=\u00a0\u00bbgoogle\u00a0\u00bb align=\u00a0\u00bbcenter\u00a0\u00bb]PR\u00caT \u00c0 OPTIMISER VOTRE ENTREP\u00d4T?[\/mk_fancy_title][\/vc_column_inner][vc_column_inner width=\u00a0\u00bb1\/3&Prime;][mk_button dimension=\u00a0\u00bbflat\u00a0\u00bb size=\u00a0\u00bblarge\u00a0\u00bb url=\u00a0\u00bbhttps:\/\/www.lisawms.com\/fr\/contact\/\u00a0\u00bb margin_right=\u00a0\u00bb0&Prime; bg_color=\u00a0\u00bb#ffffff\u00a0\u00bb btn_hover_bg=\u00a0\u00bb#dedede\u00a0\u00bb text_color=\u00a0\u00bbdark\u00a0\u00bb btn_hover_txt_color=\u00a0\u00bb#0a0a0a\u00a0\u00bb]PLANIFIER UNE R\u00c9UNION[\/mk_button][\/vc_column_inner][\/vc_row_inner][\/vc_column][\/vc_row]\n<\/div>","protected":false},"excerpt":{"rendered":"<p>[mk_page_section bg_image=\u00a0\u00bbhttp:\/\/www.lisawms.com\/wp-content\/uploads\/2017\/09\/electronics_header.jpg\u00a0\u00bb bg_color=\u00a0\u00bb#edaf23&Prime; blend_mode=\u00a0\u00bbluminosity\u00a0\u00bb bg_position=\u00a0\u00bbcenter center\u00a0\u00bb bg_repeat=\u00a0\u00bbno-repeat\u00a0\u00bb bg_stretch=\u00a0\u00bbtrue\u00a0\u00bb enable_3d=\u00a0\u00bbtrue\u00a0\u00bb speed_factor=\u00a0\u00bb0.6&Prime; bg_gradient=\u00a0\u00bbleft_bottom\u00a0\u00bb video_color_mask=\u00a0\u00bb#223356&Prime; gr_end=\u00a0\u00bb#edaf23&Prime; video_opacity=\u00a0\u00bb0.8&Prime; min_height=\u00a0\u00bb325&Prime; full_width=\u00a0\u00bbtrue\u00a0\u00bb padding_top=\u00a0\u00bb110&Prime; padding_bottom=\u00a0\u00bb90&Prime; animation=\u00a0\u00bbbottom-to-top\u00a0\u00bb sidebar=\u00a0\u00bbsidebar-1&Prime;][vc_column][mk_fancy_title color=\u00a0\u00bb#ffffff\u00a0\u00bb size=\u00a0\u00bb100&Prime; font_weight=\u00a0\u00bb100&Prime; font_family=\u00a0\u00bbnone\u00a0\u00bb align=\u00a0\u00bbcenter\u00a0\u00bb]\u00c9LECTRONIQUE[\/mk_fancy_title][\/vc_column][\/mk_page_section][vc_row][vc_column][mk_padding_divider][vc_column_text css=\u00a0\u00bb.vc_custom_1528804654731{margin-bottom: 0px !important;}\u00a0\u00bb] LISA WMS POUR L&rsquo;INDUSTRIE DE LA DISTRIBUTION DE L&rsquo;\u00c9LECTRONIQUE [\/vc_column_text][mk_padding_divider][\/vc_column][\/vc_row][vc_row css=\u00a0\u00bb.vc_custom_1505779317433{margin-bottom: 40px !important;}\u00a0\u00bb][vc_column width=\u00a0\u00bb2\/3&Prime;][vc_column_text css=\u00a0\u00bb.vc_custom_1528804197952{margin-bottom: 0px !important;}\u00a0\u00bb]L\u2019industrie de l\u2019\u00e9lectronique n\u00e9cessite une ex\u00e9cution efficace des op\u00e9rations de r\u00e9ception [&hellip;]<\/p>\n","protected":false},"author":1,"featured_media":0,"parent":889,"menu_order":-870,"comment_status":"closed","ping_status":"closed","template":"","meta":{"footnotes":""},"class_list":["post-900","page","type-page","status-publish","hentry"],"yoast_head":"<!-- This site is optimized with the Yoast SEO plugin v27.5 - https:\/\/yoast.com\/product\/yoast-seo-wordpress\/ -->\n<title>LISA WMS dans l&#039;industire de la distribution de l&#039;\u00e9lectronique<\/title>\n<meta name=\"description\" content=\"L\u2019industrie de l\u2019\u00e9lectronique n\u00e9cessite une ex\u00e9cution efficace des op\u00e9rations de r\u00e9ception et d\u2019exp\u00e9dition de sa cha\u00eene d\u2019approvisionnement.\" \/>\n<meta name=\"robots\" content=\"index, follow, max-snippet:-1, max-image-preview:large, max-video-preview:-1\" \/>\n<link rel=\"canonical\" href=\"https:\/\/www.lisawms.com\/fr\/industries\/electronique\/\" \/>\n<meta property=\"og:locale\" content=\"fr_FR\" \/>\n<meta property=\"og:type\" content=\"article\" \/>\n<meta property=\"og:title\" content=\"LISA WMS dans l&#039;industire de la distribution de l&#039;\u00e9lectronique\" \/>\n<meta property=\"og:description\" content=\"L\u2019industrie de l\u2019\u00e9lectronique n\u00e9cessite une ex\u00e9cution efficace des op\u00e9rations de r\u00e9ception et d\u2019exp\u00e9dition de sa cha\u00eene d\u2019approvisionnement.\" \/>\n<meta property=\"og:url\" content=\"https:\/\/www.lisawms.com\/fr\/industries\/electronique\/\" \/>\n<meta property=\"og:site_name\" content=\"LISA Distribution\" \/>\n<meta property=\"article:publisher\" content=\"https:\/\/www.facebook.com\/nwaretechnologies\" \/>\n<meta property=\"article:modified_time\" content=\"2018-06-18T15:09:47+00:00\" \/>\n<meta name=\"twitter:card\" content=\"summary_large_image\" \/>\n<meta name=\"twitter:site\" content=\"@LISAtalksWMS\" \/>\n<meta name=\"twitter:label1\" content=\"Dur\u00e9e de lecture estim\u00e9e\" \/>\n\t<meta name=\"twitter:data1\" content=\"4 minutes\" \/>\n<script type=\"application\/ld+json\" class=\"yoast-schema-graph\">{\"@context\":\"https:\\\/\\\/schema.org\",\"@graph\":[{\"@type\":\"WebPage\",\"@id\":\"https:\\\/\\\/www.lisawms.com\\\/fr\\\/industries\\\/electronique\\\/\",\"url\":\"https:\\\/\\\/www.lisawms.com\\\/fr\\\/industries\\\/electronique\\\/\",\"name\":\"LISA WMS dans l'industire de la distribution de l'\u00e9lectronique\",\"isPartOf\":{\"@id\":\"https:\\\/\\\/www.lisawms.com\\\/#website\"},\"datePublished\":\"2017-09-25T19:47:57+00:00\",\"dateModified\":\"2018-06-18T15:09:47+00:00\",\"description\":\"L\u2019industrie de l\u2019\u00e9lectronique n\u00e9cessite une ex\u00e9cution efficace des op\u00e9rations de r\u00e9ception et d\u2019exp\u00e9dition de sa cha\u00eene d\u2019approvisionnement.\",\"breadcrumb\":{\"@id\":\"https:\\\/\\\/www.lisawms.com\\\/fr\\\/industries\\\/electronique\\\/#breadcrumb\"},\"inLanguage\":\"fr-FR\",\"potentialAction\":[{\"@type\":\"ReadAction\",\"target\":[\"https:\\\/\\\/www.lisawms.com\\\/fr\\\/industries\\\/electronique\\\/\"]}]},{\"@type\":\"BreadcrumbList\",\"@id\":\"https:\\\/\\\/www.lisawms.com\\\/fr\\\/industries\\\/electronique\\\/#breadcrumb\",\"itemListElement\":[{\"@type\":\"ListItem\",\"position\":1,\"name\":\"Accueil\",\"item\":\"https:\\\/\\\/www.lisawms.com\\\/fr\\\/\"},{\"@type\":\"ListItem\",\"position\":2,\"name\":\"Industries\",\"item\":\"https:\\\/\\\/www.lisawms.com\\\/fr\\\/industries\\\/\"},{\"@type\":\"ListItem\",\"position\":3,\"name\":\"\u00c9lectronique\"}]},{\"@type\":\"WebSite\",\"@id\":\"https:\\\/\\\/www.lisawms.com\\\/#website\",\"url\":\"https:\\\/\\\/www.lisawms.com\\\/\",\"name\":\"LISA WMS\",\"description\":\"Wharehouse distribution made easy\",\"publisher\":{\"@id\":\"https:\\\/\\\/www.lisawms.com\\\/#organization\"},\"potentialAction\":[{\"@type\":\"SearchAction\",\"target\":{\"@type\":\"EntryPoint\",\"urlTemplate\":\"https:\\\/\\\/www.lisawms.com\\\/?s={search_term_string}\"},\"query-input\":{\"@type\":\"PropertyValueSpecification\",\"valueRequired\":true,\"valueName\":\"search_term_string\"}}],\"inLanguage\":\"fr-FR\"},{\"@type\":\"Organization\",\"@id\":\"https:\\\/\\\/www.lisawms.com\\\/#organization\",\"name\":\"LISA WMS\",\"url\":\"https:\\\/\\\/www.lisawms.com\\\/\",\"logo\":{\"@type\":\"ImageObject\",\"inLanguage\":\"fr-FR\",\"@id\":\"https:\\\/\\\/www.lisawms.com\\\/#\\\/schema\\\/logo\\\/image\\\/\",\"url\":\"http:\\\/\\\/www.lisawms.com\\\/wp-content\\\/uploads\\\/2018\\\/03\\\/logo-lisa-distribution.png\",\"contentUrl\":\"http:\\\/\\\/www.lisawms.com\\\/wp-content\\\/uploads\\\/2018\\\/03\\\/logo-lisa-distribution.png\",\"width\":426,\"height\":180,\"caption\":\"LISA WMS\"},\"image\":{\"@id\":\"https:\\\/\\\/www.lisawms.com\\\/#\\\/schema\\\/logo\\\/image\\\/\"},\"sameAs\":[\"https:\\\/\\\/www.facebook.com\\\/nwaretechnologies\",\"https:\\\/\\\/x.com\\\/LISAtalksWMS\",\"https:\\\/\\\/www.linkedin.com\\\/company\\\/145448\",\"https:\\\/\\\/www.youtube.com\\\/channel\\\/UCl-HuOQf5YngwlixhS0SAbg\"]}]}<\/script>\n<!-- \/ Yoast SEO plugin. -->","yoast_head_json":{"title":"LISA WMS dans l'industire de la distribution de l'\u00e9lectronique","description":"L\u2019industrie de l\u2019\u00e9lectronique n\u00e9cessite une ex\u00e9cution efficace des op\u00e9rations de r\u00e9ception et d\u2019exp\u00e9dition de sa cha\u00eene d\u2019approvisionnement.","robots":{"index":"index","follow":"follow","max-snippet":"max-snippet:-1","max-image-preview":"max-image-preview:large","max-video-preview":"max-video-preview:-1"},"canonical":"https:\/\/www.lisawms.com\/fr\/industries\/electronique\/","og_locale":"fr_FR","og_type":"article","og_title":"LISA WMS dans l'industire de la distribution de l'\u00e9lectronique","og_description":"L\u2019industrie de l\u2019\u00e9lectronique n\u00e9cessite une ex\u00e9cution efficace des op\u00e9rations de r\u00e9ception et d\u2019exp\u00e9dition de sa cha\u00eene d\u2019approvisionnement.","og_url":"https:\/\/www.lisawms.com\/fr\/industries\/electronique\/","og_site_name":"LISA Distribution","article_publisher":"https:\/\/www.facebook.com\/nwaretechnologies","article_modified_time":"2018-06-18T15:09:47+00:00","twitter_card":"summary_large_image","twitter_site":"@LISAtalksWMS","twitter_misc":{"Dur\u00e9e de lecture estim\u00e9e":"4 minutes"},"schema":{"@context":"https:\/\/schema.org","@graph":[{"@type":"WebPage","@id":"https:\/\/www.lisawms.com\/fr\/industries\/electronique\/","url":"https:\/\/www.lisawms.com\/fr\/industries\/electronique\/","name":"LISA WMS dans l'industire de la distribution de l'\u00e9lectronique","isPartOf":{"@id":"https:\/\/www.lisawms.com\/#website"},"datePublished":"2017-09-25T19:47:57+00:00","dateModified":"2018-06-18T15:09:47+00:00","description":"L\u2019industrie de l\u2019\u00e9lectronique n\u00e9cessite une ex\u00e9cution efficace des op\u00e9rations de r\u00e9ception et d\u2019exp\u00e9dition de sa cha\u00eene d\u2019approvisionnement.","breadcrumb":{"@id":"https:\/\/www.lisawms.com\/fr\/industries\/electronique\/#breadcrumb"},"inLanguage":"fr-FR","potentialAction":[{"@type":"ReadAction","target":["https:\/\/www.lisawms.com\/fr\/industries\/electronique\/"]}]},{"@type":"BreadcrumbList","@id":"https:\/\/www.lisawms.com\/fr\/industries\/electronique\/#breadcrumb","itemListElement":[{"@type":"ListItem","position":1,"name":"Accueil","item":"https:\/\/www.lisawms.com\/fr\/"},{"@type":"ListItem","position":2,"name":"Industries","item":"https:\/\/www.lisawms.com\/fr\/industries\/"},{"@type":"ListItem","position":3,"name":"\u00c9lectronique"}]},{"@type":"WebSite","@id":"https:\/\/www.lisawms.com\/#website","url":"https:\/\/www.lisawms.com\/","name":"LISA WMS","description":"Wharehouse distribution made easy","publisher":{"@id":"https:\/\/www.lisawms.com\/#organization"},"potentialAction":[{"@type":"SearchAction","target":{"@type":"EntryPoint","urlTemplate":"https:\/\/www.lisawms.com\/?s={search_term_string}"},"query-input":{"@type":"PropertyValueSpecification","valueRequired":true,"valueName":"search_term_string"}}],"inLanguage":"fr-FR"},{"@type":"Organization","@id":"https:\/\/www.lisawms.com\/#organization","name":"LISA WMS","url":"https:\/\/www.lisawms.com\/","logo":{"@type":"ImageObject","inLanguage":"fr-FR","@id":"https:\/\/www.lisawms.com\/#\/schema\/logo\/image\/","url":"http:\/\/www.lisawms.com\/wp-content\/uploads\/2018\/03\/logo-lisa-distribution.png","contentUrl":"http:\/\/www.lisawms.com\/wp-content\/uploads\/2018\/03\/logo-lisa-distribution.png","width":426,"height":180,"caption":"LISA WMS"},"image":{"@id":"https:\/\/www.lisawms.com\/#\/schema\/logo\/image\/"},"sameAs":["https:\/\/www.facebook.com\/nwaretechnologies","https:\/\/x.com\/LISAtalksWMS","https:\/\/www.linkedin.com\/company\/145448","https:\/\/www.youtube.com\/channel\/UCl-HuOQf5YngwlixhS0SAbg"]}]}},"_links":{"self":[{"href":"https:\/\/www.lisawms.com\/fr\/wp-json\/wp\/v2\/pages\/900","targetHints":{"allow":["GET"]}}],"collection":[{"href":"https:\/\/www.lisawms.com\/fr\/wp-json\/wp\/v2\/pages"}],"about":[{"href":"https:\/\/www.lisawms.com\/fr\/wp-json\/wp\/v2\/types\/page"}],"author":[{"embeddable":true,"href":"https:\/\/www.lisawms.com\/fr\/wp-json\/wp\/v2\/users\/1"}],"replies":[{"embeddable":true,"href":"https:\/\/www.lisawms.com\/fr\/wp-json\/wp\/v2\/comments?post=900"}],"version-history":[{"count":0,"href":"https:\/\/www.lisawms.com\/fr\/wp-json\/wp\/v2\/pages\/900\/revisions"}],"up":[{"embeddable":true,"href":"https:\/\/www.lisawms.com\/fr\/wp-json\/wp\/v2\/pages\/889"}],"wp:attachment":[{"href":"https:\/\/www.lisawms.com\/fr\/wp-json\/wp\/v2\/media?parent=900"}],"curies":[{"name":"wp","href":"https:\/\/api.w.org\/{rel}","templated":true}]}}