{"id":887,"date":"2017-09-25T15:28:23","date_gmt":"2017-09-25T19:28:23","guid":{"rendered":"http:\/\/mr-futon.com\/automotive-aftermarket\/"},"modified":"2018-06-18T11:01:47","modified_gmt":"2018-06-18T15:01:47","slug":"marche-secondaire-de-lautomobile","status":"publish","type":"page","link":"https:\/\/www.lisawms.com\/fr\/industries\/marche-secondaire-de-lautomobile\/","title":{"rendered":"March\u00e9 secondaire de l&rsquo;automobile"},"content":{"rendered":"<div class=\"wpb-content-wrapper\">[mk_page_section bg_image=\u00a0\u00bbhttp:\/\/www.lisawms.com\/wp-content\/uploads\/2017\/09\/automotive_header.jpg\u00a0\u00bb bg_color=\u00a0\u00bb#edaf23&Prime; blend_mode=\u00a0\u00bbluminosity\u00a0\u00bb bg_position=\u00a0\u00bbcenter center\u00a0\u00bb bg_repeat=\u00a0\u00bbno-repeat\u00a0\u00bb bg_stretch=\u00a0\u00bbtrue\u00a0\u00bb enable_3d=\u00a0\u00bbtrue\u00a0\u00bb speed_factor=\u00a0\u00bb0.6&Prime; bg_gradient=\u00a0\u00bbleft_bottom\u00a0\u00bb video_color_mask=\u00a0\u00bb#223356&Prime; gr_end=\u00a0\u00bb#edaf23&Prime; video_opacity=\u00a0\u00bb0.8&Prime; min_height=\u00a0\u00bb325&Prime; full_width=\u00a0\u00bbtrue\u00a0\u00bb padding_top=\u00a0\u00bb110&Prime; padding_bottom=\u00a0\u00bb90&Prime; animation=\u00a0\u00bbbottom-to-top\u00a0\u00bb sidebar=\u00a0\u00bbsidebar-1&Prime;][vc_column][mk_fancy_title color=\u00a0\u00bb#ffffff\u00a0\u00bb size=\u00a0\u00bb100&Prime; font_weight=\u00a0\u00bb100&Prime; font_family=\u00a0\u00bbnone\u00a0\u00bb align=\u00a0\u00bbcenter\u00a0\u00bb]MARCH\u00c9 SECONDAIRE DE L\u2019AUTOMOBILE[\/mk_fancy_title][\/vc_column][\/mk_page_section][vc_row][vc_column][mk_padding_divider][vc_column_text css=\u00a0\u00bb.vc_custom_1527854828811{margin-bottom: 0px !important;}\u00a0\u00bb]\n<h1 style=\"text-align: center;\">LISA WMS POUR LES DISTRIBUTEURS DE PI\u00c8CES AUTOMOBILES<\/h1>\n[\/vc_column_text][mk_padding_divider][\/vc_column][\/vc_row][vc_row css=\u00a0\u00bb.vc_custom_1505779317433{margin-bottom: 40px !important;}\u00a0\u00bb][vc_column width=\u00a0\u00bb2\/3&Prime;][vc_video link=\u00a0\u00bbhttps:\/\/youtu.be\/KnkM_tMgBvA\u00a0\u00bb][vc_column_text css=\u00a0\u00bb.vc_custom_1528747526401{margin-top: 25px !important;margin-bottom: 0px !important;}\u00a0\u00bb]<strong>Le march\u00e9 secondaire de l\u2019automobile est un secteur tr\u00e8s comp\u00e9titif, avec des marges extr\u00eamement minces, o\u00f9 l\u2019efficacit\u00e9 des op\u00e9rations de r\u00e9ception et d\u2019exp\u00e9dition de la cha\u00eene d\u2019approvisionnement est un facteur crucial.<\/strong>\u00a0L\u2019implantation d\u2019un syst\u00e8me de gestion d\u2019entrep\u00f4t en temps r\u00e9el reposant sur les codes \u00e0 barres et les radiofr\u00e9quences est la cl\u00e9 du succ\u00e8s.<\/p>\n<p>La num\u00e9risation en temps r\u00e9el des codes \u00e0 barres permet la visibilit\u00e9 et la disponibilit\u00e9 instantan\u00e9es des stocks, ce qui est essentiel pour atteindre les taux requis d\u2019ex\u00e9cution des commandes et satisfaire aux demandes des grands d\u00e9taillants du secteur de l\u2019automobile. \u00a0La gestion efficace des articles tout au long du cycle de stocks, en optimisant l\u2019agilit\u00e9 du traitement en temps r\u00e9el, vous aidera \u00e0 maintenir votre cote d\u2019\u00e9valuation de fournisseur.<\/p>\n<h2>LISA WMS permet \u00e0 nos clients et partenaires du march\u00e9 secondaire de l\u2019automobile de rationaliser leur cha\u00eene d\u2019approvisionnement par divers moyens\u00a0:<\/h2>\n<ul>\n<li>la gestion des manifestes et le suivi des conteneurs permettent de consulter les marchandises entrantes et de les r\u00e9ceptionner efficacement dans l\u2019entrep\u00f4t d\u00e8s leur arriv\u00e9e;<\/li>\n<li>la num\u00e9risation des codes \u00e0 barres dans la zone de r\u00e9ception permet d\u2019enregistrer les stocks avec pr\u00e9cision et de les rendre imm\u00e9diatement disponibles;<\/li>\n<li>le transbordement des stocks entrants vers les commandes augmente le taux d\u2019ex\u00e9cution;<\/li>\n<li>les mouvements et la consommation des stocks peuvent \u00eatre suivis tout au long de leur cycle de vie dans l\u2019entrep\u00f4t, notamment par leurs num\u00e9ros de s\u00e9rie et de lot;<\/li>\n<li>les activit\u00e9s dirig\u00e9es pour la cueillette, l\u2019emballage et l\u2019exp\u00e9dition permettent d\u2019augmenter la productivit\u00e9 et d\u2019accro\u00eetre la tra\u00e7abilit\u00e9;<\/li>\n<li>la cr\u00e9ation des donn\u00e9es ASN permet une int\u00e9gration transparente avec le traitement des transactions EDI.<\/li>\n<\/ul>\n<p>Tous ces outils peuvent vous aider \u00e0 <strong>\u00a0optimiser votre entrep\u00f4t, augmenter la pr\u00e9cision, r\u00e9duire les erreurs d\u2019exp\u00e9dition et r\u00e9pondre aux exigences s\u00e9v\u00e8res de cette industrie hautement comp\u00e9titive.<\/strong>[\/vc_column_text][\/vc_column][vc_column width=\u00a0\u00bb1\/3&Prime;][vc_single_image image=\u00a0\u00bb1244&Prime; img_size=\u00a0\u00bblarge\u00a0\u00bb el_class=\u00a0\u00bbnicepic\u00a0\u00bb][mk_padding_divider size=\u00a0\u00bb30&Prime;][mk_blockquote font_family=\u00a0\u00bbnone\u00a0\u00bb]<em>Notre capacit\u00e9 est dix fois plus \u00e9lev\u00e9e parce que nous avons r\u00e9duit nos d\u00e9lais d\u2019approvisionnement de quelques heures \u00e0 quelques minutes pour nos activit\u00e9s en ligne, et de quelques semaines \u00e0 quelques heures pour nos activit\u00e9s d\u2019exp\u00e9dition de d\u00e9tail. SAP Business One et LISA WMS nous ont offert pr\u00e9cis\u00e9ment ce dont nous avions besoin, et m\u00eame plus, et ce, \u00e0 un prix tr\u00e8s comp\u00e9titif. Nous avons \u00e9galement ajout\u00e9 deux nouveaux membres \u00e0 l\u2019\u00e9quipe de vente afin d\u2019accro\u00eetre la client\u00e8le et ainsi mousser les ventes. Nous sommes confiants que cette solution soutiendra nos plans de croissance.<\/em><\/p>\n<p>&nbsp;<\/p>\n<p style=\"text-align: right;\"><strong>David Wilhite, Pr\u00e9sident<br \/>\nNeotek Corporation<\/strong><\/p>\n[\/mk_blockquote][vc_column_text css=\u00a0\u00bb.vc_custom_1528747411169{margin-bottom: 0px !important;}\u00a0\u00bb]\n<h3 style=\"text-align: center;\">Histoire de R\u00e9ussite:<br \/>\nMarch\u00e9 secondaire de l&rsquo;automobile<\/h3>\n<p style=\"text-align: center;\">Voyez par vous m\u00eame comment notre client, <a href=\"https:\/\/www.lisawms.com\/fr\/neotek-decuple-productivite-dentrepot-grace-a-lisa-distribution-wms\/\">Neotek<\/a>, a augment\u00e9 sa productivit\u00e9 d\u2019entrep\u00f4t de fa\u00e7on exponentielle en adoptant notre syst\u00e8me LISA WMS pour les solutions SAP.<\/p>\n[\/vc_column_text][mk_button dimension=\u00a0\u00bbflat\u00a0\u00bb size=\u00a0\u00bblarge\u00a0\u00bb url=\u00a0\u00bbhttps:\/\/www.lisawms.com\/fr\/neotek-decuple-productivite-dentrepot-grace-a-lisa-distribution-wms\/\u00a0\u00bb align=\u00a0\u00bbcenter\u00a0\u00bb bg_color=\u00a0\u00bb#666666&Prime;]LIRE L&rsquo;HISTOIRE COMPL\u00c8TE[\/mk_button][\/vc_column][\/vc_row][vc_row fullwidth=\u00a0\u00bbtrue\u00a0\u00bb fullwidth_content=\u00a0\u00bbfalse\u00a0\u00bb css=\u00a0\u00bb.vc_custom_1507158730214{background-color: #edaf23 !important;}\u00a0\u00bb][vc_column][mk_padding_divider size=\u00a0\u00bb30&Prime;][vc_row_inner][vc_column_inner width=\u00a0\u00bb2\/3&Prime;][mk_padding_divider size=\u00a0\u00bb10&Prime;][mk_fancy_title tag_name=\u00a0\u00bbh5&Prime; color=\u00a0\u00bb#ffffff\u00a0\u00bb size=\u00a0\u00bb30&Prime; font_weight=\u00a0\u00bb400&Prime; txt_transform=\u00a0\u00bbnone\u00a0\u00bb font_family=\u00a0\u00bbOpen+Sans\u00a0\u00bb font_type=\u00a0\u00bbgoogle\u00a0\u00bb align=\u00a0\u00bbcenter\u00a0\u00bb]PR\u00caT \u00c0 OPTIMISER VOTRE ENTREP\u00d4T?[\/mk_fancy_title][\/vc_column_inner][vc_column_inner width=\u00a0\u00bb1\/3&Prime;][mk_button dimension=\u00a0\u00bbflat\u00a0\u00bb size=\u00a0\u00bblarge\u00a0\u00bb url=\u00a0\u00bbhttps:\/\/www.lisawms.com\/fr\/contact\/\u00a0\u00bb margin_right=\u00a0\u00bb0&Prime; bg_color=\u00a0\u00bb#ffffff\u00a0\u00bb btn_hover_bg=\u00a0\u00bb#dedede\u00a0\u00bb text_color=\u00a0\u00bbdark\u00a0\u00bb btn_hover_txt_color=\u00a0\u00bb#0a0a0a\u00a0\u00bb]PLANIFIER UNE R\u00c9UNION[\/mk_button][\/vc_column_inner][\/vc_row_inner][\/vc_column][\/vc_row]\n<\/div>","protected":false},"excerpt":{"rendered":"<p>[mk_page_section bg_image=\u00a0\u00bbhttp:\/\/www.lisawms.com\/wp-content\/uploads\/2017\/09\/automotive_header.jpg\u00a0\u00bb bg_color=\u00a0\u00bb#edaf23&Prime; blend_mode=\u00a0\u00bbluminosity\u00a0\u00bb bg_position=\u00a0\u00bbcenter center\u00a0\u00bb bg_repeat=\u00a0\u00bbno-repeat\u00a0\u00bb bg_stretch=\u00a0\u00bbtrue\u00a0\u00bb enable_3d=\u00a0\u00bbtrue\u00a0\u00bb speed_factor=\u00a0\u00bb0.6&Prime; bg_gradient=\u00a0\u00bbleft_bottom\u00a0\u00bb video_color_mask=\u00a0\u00bb#223356&Prime; gr_end=\u00a0\u00bb#edaf23&Prime; video_opacity=\u00a0\u00bb0.8&Prime; min_height=\u00a0\u00bb325&Prime; full_width=\u00a0\u00bbtrue\u00a0\u00bb padding_top=\u00a0\u00bb110&Prime; padding_bottom=\u00a0\u00bb90&Prime; animation=\u00a0\u00bbbottom-to-top\u00a0\u00bb sidebar=\u00a0\u00bbsidebar-1&Prime;][vc_column][mk_fancy_title color=\u00a0\u00bb#ffffff\u00a0\u00bb size=\u00a0\u00bb100&Prime; font_weight=\u00a0\u00bb100&Prime; font_family=\u00a0\u00bbnone\u00a0\u00bb align=\u00a0\u00bbcenter\u00a0\u00bb]MARCH\u00c9 SECONDAIRE DE L\u2019AUTOMOBILE[\/mk_fancy_title][\/vc_column][\/mk_page_section][vc_row][vc_column][mk_padding_divider][vc_column_text css=\u00a0\u00bb.vc_custom_1527854828811{margin-bottom: 0px !important;}\u00a0\u00bb] LISA WMS POUR LES DISTRIBUTEURS DE PI\u00c8CES AUTOMOBILES [\/vc_column_text][mk_padding_divider][\/vc_column][\/vc_row][vc_row css=\u00a0\u00bb.vc_custom_1505779317433{margin-bottom: 40px !important;}\u00a0\u00bb][vc_column width=\u00a0\u00bb2\/3&Prime;][vc_video link=\u00a0\u00bbhttps:\/\/youtu.be\/KnkM_tMgBvA\u00a0\u00bb][vc_column_text css=\u00a0\u00bb.vc_custom_1528747526401{margin-top: 25px !important;margin-bottom: 0px !important;}\u00a0\u00bb]Le march\u00e9 secondaire de l\u2019automobile est [&hellip;]<\/p>\n","protected":false},"author":1,"featured_media":0,"parent":889,"menu_order":-890,"comment_status":"closed","ping_status":"closed","template":"","meta":{"footnotes":""},"class_list":["post-887","page","type-page","status-publish","hentry"],"yoast_head":"<!-- This site is optimized with the Yoast SEO plugin v27.5 - https:\/\/yoast.com\/product\/yoast-seo-wordpress\/ -->\n<title>March\u00e9 secondaire de l&#039;automobile | Industries| Lisa Distribution<\/title>\n<meta name=\"description\" content=\"Le march\u00e9 secondaire de l\u2019automobile est un secteur comp\u00e9titif, avec des marges minces, o\u00f9 l\u2019efficacit\u00e9 des op\u00e9rations de l\u2019approvisionnement est crucial.\" \/>\n<meta name=\"robots\" content=\"index, follow, max-snippet:-1, max-image-preview:large, max-video-preview:-1\" \/>\n<link rel=\"canonical\" href=\"https:\/\/www.lisawms.com\/fr\/industries\/marche-secondaire-de-lautomobile\/\" \/>\n<meta property=\"og:locale\" content=\"fr_FR\" \/>\n<meta property=\"og:type\" content=\"article\" \/>\n<meta property=\"og:title\" content=\"March\u00e9 secondaire de l&#039;automobile | Industries| Lisa Distribution\" \/>\n<meta property=\"og:description\" content=\"Le march\u00e9 secondaire de l\u2019automobile est un secteur comp\u00e9titif, avec des marges minces, o\u00f9 l\u2019efficacit\u00e9 des op\u00e9rations de l\u2019approvisionnement est crucial.\" \/>\n<meta property=\"og:url\" content=\"https:\/\/www.lisawms.com\/fr\/industries\/marche-secondaire-de-lautomobile\/\" \/>\n<meta property=\"og:site_name\" content=\"LISA Distribution\" \/>\n<meta property=\"article:publisher\" content=\"https:\/\/www.facebook.com\/nwaretechnologies\" \/>\n<meta property=\"article:modified_time\" content=\"2018-06-18T15:01:47+00:00\" \/>\n<meta name=\"twitter:card\" content=\"summary_large_image\" \/>\n<meta name=\"twitter:site\" content=\"@LISAtalksWMS\" \/>\n<meta name=\"twitter:label1\" content=\"Dur\u00e9e de lecture estim\u00e9e\" \/>\n\t<meta name=\"twitter:data1\" content=\"4 minutes\" \/>\n<script type=\"application\/ld+json\" class=\"yoast-schema-graph\">{\"@context\":\"https:\\\/\\\/schema.org\",\"@graph\":[{\"@type\":\"WebPage\",\"@id\":\"https:\\\/\\\/www.lisawms.com\\\/fr\\\/industries\\\/marche-secondaire-de-lautomobile\\\/\",\"url\":\"https:\\\/\\\/www.lisawms.com\\\/fr\\\/industries\\\/marche-secondaire-de-lautomobile\\\/\",\"name\":\"March\u00e9 secondaire de l'automobile | Industries| Lisa Distribution\",\"isPartOf\":{\"@id\":\"https:\\\/\\\/www.lisawms.com\\\/#website\"},\"datePublished\":\"2017-09-25T19:28:23+00:00\",\"dateModified\":\"2018-06-18T15:01:47+00:00\",\"description\":\"Le march\u00e9 secondaire de l\u2019automobile est un secteur comp\u00e9titif, avec des marges minces, o\u00f9 l\u2019efficacit\u00e9 des op\u00e9rations de l\u2019approvisionnement est crucial.\",\"breadcrumb\":{\"@id\":\"https:\\\/\\\/www.lisawms.com\\\/fr\\\/industries\\\/marche-secondaire-de-lautomobile\\\/#breadcrumb\"},\"inLanguage\":\"fr-FR\",\"potentialAction\":[{\"@type\":\"ReadAction\",\"target\":[\"https:\\\/\\\/www.lisawms.com\\\/fr\\\/industries\\\/marche-secondaire-de-lautomobile\\\/\"]}]},{\"@type\":\"BreadcrumbList\",\"@id\":\"https:\\\/\\\/www.lisawms.com\\\/fr\\\/industries\\\/marche-secondaire-de-lautomobile\\\/#breadcrumb\",\"itemListElement\":[{\"@type\":\"ListItem\",\"position\":1,\"name\":\"Accueil\",\"item\":\"https:\\\/\\\/www.lisawms.com\\\/fr\\\/\"},{\"@type\":\"ListItem\",\"position\":2,\"name\":\"Industries\",\"item\":\"https:\\\/\\\/www.lisawms.com\\\/fr\\\/industries\\\/\"},{\"@type\":\"ListItem\",\"position\":3,\"name\":\"March\u00e9 secondaire de l&rsquo;automobile\"}]},{\"@type\":\"WebSite\",\"@id\":\"https:\\\/\\\/www.lisawms.com\\\/#website\",\"url\":\"https:\\\/\\\/www.lisawms.com\\\/\",\"name\":\"LISA WMS\",\"description\":\"Wharehouse distribution made easy\",\"publisher\":{\"@id\":\"https:\\\/\\\/www.lisawms.com\\\/#organization\"},\"potentialAction\":[{\"@type\":\"SearchAction\",\"target\":{\"@type\":\"EntryPoint\",\"urlTemplate\":\"https:\\\/\\\/www.lisawms.com\\\/?s={search_term_string}\"},\"query-input\":{\"@type\":\"PropertyValueSpecification\",\"valueRequired\":true,\"valueName\":\"search_term_string\"}}],\"inLanguage\":\"fr-FR\"},{\"@type\":\"Organization\",\"@id\":\"https:\\\/\\\/www.lisawms.com\\\/#organization\",\"name\":\"LISA WMS\",\"url\":\"https:\\\/\\\/www.lisawms.com\\\/\",\"logo\":{\"@type\":\"ImageObject\",\"inLanguage\":\"fr-FR\",\"@id\":\"https:\\\/\\\/www.lisawms.com\\\/#\\\/schema\\\/logo\\\/image\\\/\",\"url\":\"http:\\\/\\\/www.lisawms.com\\\/wp-content\\\/uploads\\\/2018\\\/03\\\/logo-lisa-distribution.png\",\"contentUrl\":\"http:\\\/\\\/www.lisawms.com\\\/wp-content\\\/uploads\\\/2018\\\/03\\\/logo-lisa-distribution.png\",\"width\":426,\"height\":180,\"caption\":\"LISA WMS\"},\"image\":{\"@id\":\"https:\\\/\\\/www.lisawms.com\\\/#\\\/schema\\\/logo\\\/image\\\/\"},\"sameAs\":[\"https:\\\/\\\/www.facebook.com\\\/nwaretechnologies\",\"https:\\\/\\\/x.com\\\/LISAtalksWMS\",\"https:\\\/\\\/www.linkedin.com\\\/company\\\/145448\",\"https:\\\/\\\/www.youtube.com\\\/channel\\\/UCl-HuOQf5YngwlixhS0SAbg\"]}]}<\/script>\n<!-- \/ Yoast SEO plugin. -->","yoast_head_json":{"title":"March\u00e9 secondaire de l'automobile | Industries| Lisa Distribution","description":"Le march\u00e9 secondaire de l\u2019automobile est un secteur comp\u00e9titif, avec des marges minces, o\u00f9 l\u2019efficacit\u00e9 des op\u00e9rations de l\u2019approvisionnement est crucial.","robots":{"index":"index","follow":"follow","max-snippet":"max-snippet:-1","max-image-preview":"max-image-preview:large","max-video-preview":"max-video-preview:-1"},"canonical":"https:\/\/www.lisawms.com\/fr\/industries\/marche-secondaire-de-lautomobile\/","og_locale":"fr_FR","og_type":"article","og_title":"March\u00e9 secondaire de l'automobile | Industries| Lisa Distribution","og_description":"Le march\u00e9 secondaire de l\u2019automobile est un secteur comp\u00e9titif, avec des marges minces, o\u00f9 l\u2019efficacit\u00e9 des op\u00e9rations de l\u2019approvisionnement est crucial.","og_url":"https:\/\/www.lisawms.com\/fr\/industries\/marche-secondaire-de-lautomobile\/","og_site_name":"LISA Distribution","article_publisher":"https:\/\/www.facebook.com\/nwaretechnologies","article_modified_time":"2018-06-18T15:01:47+00:00","twitter_card":"summary_large_image","twitter_site":"@LISAtalksWMS","twitter_misc":{"Dur\u00e9e de lecture estim\u00e9e":"4 minutes"},"schema":{"@context":"https:\/\/schema.org","@graph":[{"@type":"WebPage","@id":"https:\/\/www.lisawms.com\/fr\/industries\/marche-secondaire-de-lautomobile\/","url":"https:\/\/www.lisawms.com\/fr\/industries\/marche-secondaire-de-lautomobile\/","name":"March\u00e9 secondaire de l'automobile | Industries| Lisa Distribution","isPartOf":{"@id":"https:\/\/www.lisawms.com\/#website"},"datePublished":"2017-09-25T19:28:23+00:00","dateModified":"2018-06-18T15:01:47+00:00","description":"Le march\u00e9 secondaire de l\u2019automobile est un secteur comp\u00e9titif, avec des marges minces, o\u00f9 l\u2019efficacit\u00e9 des op\u00e9rations de l\u2019approvisionnement est crucial.","breadcrumb":{"@id":"https:\/\/www.lisawms.com\/fr\/industries\/marche-secondaire-de-lautomobile\/#breadcrumb"},"inLanguage":"fr-FR","potentialAction":[{"@type":"ReadAction","target":["https:\/\/www.lisawms.com\/fr\/industries\/marche-secondaire-de-lautomobile\/"]}]},{"@type":"BreadcrumbList","@id":"https:\/\/www.lisawms.com\/fr\/industries\/marche-secondaire-de-lautomobile\/#breadcrumb","itemListElement":[{"@type":"ListItem","position":1,"name":"Accueil","item":"https:\/\/www.lisawms.com\/fr\/"},{"@type":"ListItem","position":2,"name":"Industries","item":"https:\/\/www.lisawms.com\/fr\/industries\/"},{"@type":"ListItem","position":3,"name":"March\u00e9 secondaire de l&rsquo;automobile"}]},{"@type":"WebSite","@id":"https:\/\/www.lisawms.com\/#website","url":"https:\/\/www.lisawms.com\/","name":"LISA WMS","description":"Wharehouse distribution made easy","publisher":{"@id":"https:\/\/www.lisawms.com\/#organization"},"potentialAction":[{"@type":"SearchAction","target":{"@type":"EntryPoint","urlTemplate":"https:\/\/www.lisawms.com\/?s={search_term_string}"},"query-input":{"@type":"PropertyValueSpecification","valueRequired":true,"valueName":"search_term_string"}}],"inLanguage":"fr-FR"},{"@type":"Organization","@id":"https:\/\/www.lisawms.com\/#organization","name":"LISA WMS","url":"https:\/\/www.lisawms.com\/","logo":{"@type":"ImageObject","inLanguage":"fr-FR","@id":"https:\/\/www.lisawms.com\/#\/schema\/logo\/image\/","url":"http:\/\/www.lisawms.com\/wp-content\/uploads\/2018\/03\/logo-lisa-distribution.png","contentUrl":"http:\/\/www.lisawms.com\/wp-content\/uploads\/2018\/03\/logo-lisa-distribution.png","width":426,"height":180,"caption":"LISA WMS"},"image":{"@id":"https:\/\/www.lisawms.com\/#\/schema\/logo\/image\/"},"sameAs":["https:\/\/www.facebook.com\/nwaretechnologies","https:\/\/x.com\/LISAtalksWMS","https:\/\/www.linkedin.com\/company\/145448","https:\/\/www.youtube.com\/channel\/UCl-HuOQf5YngwlixhS0SAbg"]}]}},"_links":{"self":[{"href":"https:\/\/www.lisawms.com\/fr\/wp-json\/wp\/v2\/pages\/887","targetHints":{"allow":["GET"]}}],"collection":[{"href":"https:\/\/www.lisawms.com\/fr\/wp-json\/wp\/v2\/pages"}],"about":[{"href":"https:\/\/www.lisawms.com\/fr\/wp-json\/wp\/v2\/types\/page"}],"author":[{"embeddable":true,"href":"https:\/\/www.lisawms.com\/fr\/wp-json\/wp\/v2\/users\/1"}],"replies":[{"embeddable":true,"href":"https:\/\/www.lisawms.com\/fr\/wp-json\/wp\/v2\/comments?post=887"}],"version-history":[{"count":0,"href":"https:\/\/www.lisawms.com\/fr\/wp-json\/wp\/v2\/pages\/887\/revisions"}],"up":[{"embeddable":true,"href":"https:\/\/www.lisawms.com\/fr\/wp-json\/wp\/v2\/pages\/889"}],"wp:attachment":[{"href":"https:\/\/www.lisawms.com\/fr\/wp-json\/wp\/v2\/media?parent=887"}],"curies":[{"name":"wp","href":"https:\/\/api.w.org\/{rel}","templated":true}]}}