{"id":882,"date":"2017-09-25T14:57:03","date_gmt":"2017-09-25T18:57:03","guid":{"rendered":"http:\/\/mr-futon.com\/produits\/lisa-distribution-on-demand\/"},"modified":"2018-06-15T11:22:58","modified_gmt":"2018-06-15T15:22:58","slug":"lisa-distribution-sur-demande","status":"publish","type":"page","link":"https:\/\/www.lisawms.com\/fr\/lisa-distribution-sur-demande\/","title":{"rendered":"Distribution sur demande"},"content":{"rendered":"<div class=\"wpb-content-wrapper\">[mk_page_section bg_image=\u00a0\u00bbhttp:\/\/www.lisawms.com\/wp-content\/uploads\/2017\/09\/products_header.jpg\u00a0\u00bb bg_color=\u00a0\u00bb#edaf23&Prime; blend_mode=\u00a0\u00bbluminosity\u00a0\u00bb bg_position=\u00a0\u00bbcenter center\u00a0\u00bb bg_repeat=\u00a0\u00bbno-repeat\u00a0\u00bb bg_stretch=\u00a0\u00bbtrue\u00a0\u00bb enable_3d=\u00a0\u00bbtrue\u00a0\u00bb speed_factor=\u00a0\u00bb0.6&Prime; bg_gradient=\u00a0\u00bbleft_bottom\u00a0\u00bb video_color_mask=\u00a0\u00bb#223356&Prime; gr_end=\u00a0\u00bb#edaf23&Prime; video_opacity=\u00a0\u00bb0.8&Prime; min_height=\u00a0\u00bb325&Prime; full_width=\u00a0\u00bbtrue\u00a0\u00bb padding_top=\u00a0\u00bb110&Prime; padding_bottom=\u00a0\u00bb90&Prime; animation=\u00a0\u00bbbottom-to-top\u00a0\u00bb sidebar=\u00a0\u00bbsidebar-1&Prime;][vc_column][mk_fancy_title color=\u00a0\u00bb#ffffff\u00a0\u00bb size=\u00a0\u00bb100&Prime; font_weight=\u00a0\u00bb100&Prime; font_family=\u00a0\u00bbnone\u00a0\u00bb align=\u00a0\u00bbcenter\u00a0\u00bb]Distribution sur demande[\/mk_fancy_title][\/vc_column][\/mk_page_section][vc_row][vc_column][mk_padding_divider size=\u00a0\u00bb80&Prime;][\/vc_column][\/vc_row][vc_row css=\u00a0\u00bb.vc_custom_1505779317433{margin-bottom: 40px !important;}\u00a0\u00bb][vc_column width=\u00a0\u00bb2\/3&Prime;][mk_fancy_title size=\u00a0\u00bb30&Prime; font_family=\u00a0\u00bbnone\u00a0\u00bb]LISA WMS \u2013 SUR DEMANDE[\/mk_fancy_title][vc_column_text css=\u00a0\u00bb.vc_custom_1529076078612{margin-bottom: 0px !important;}\u00a0\u00bb]Le logiciel LISA WMS, le puissant syst\u00e8me de gestion d\u2019entrep\u00f4t de N\u2019ware Technologies pour SAP Business One, est maintenant offert sous abonnement.\u00a0<strong>Cette solution web permet de r\u00e9duire le risque associ\u00e9 \u00e0 l\u2019implantation d\u2019un logiciel de gestion d\u2019entrep\u00f4t complet, en limitant l\u2019investissement initial requis gr\u00e2ce \u00e0 l\u2019abonnement au logiciel sous forme de service (SaaS).<\/strong><\/p>\n<p><strong>Elle offre tous les avantages d\u2019une installation stable sur le serveur du client, mais sous le mod\u00e8le de logiciel\u00a0<em>sur demande<\/em>! Une solution h\u00e9berg\u00e9e localement, mais offerte sur demande, par mois et par utilisateur.<\/strong><\/p>\n<p>Offerte \u00e0 partir de seulement 150\u00a0$ par mois\/utilisateur.[\/vc_column_text][\/vc_column][vc_column width=\u00a0\u00bb1\/3&Prime;][vc_single_image image=\u00a0\u00bb341&Prime; img_size=\u00a0\u00bblarge\u00a0\u00bb el_class=\u00a0\u00bbnicepic\u00a0\u00bb][\/vc_column][\/vc_row][vc_row fullwidth=\u00a0\u00bbtrue\u00a0\u00bb fullwidth_content=\u00a0\u00bbfalse\u00a0\u00bb css=\u00a0\u00bb.vc_custom_1507158730214{background-color: #edaf23 !important;}\u00a0\u00bb][vc_column][mk_padding_divider size=\u00a0\u00bb30&Prime;][vc_row_inner][vc_column_inner width=\u00a0\u00bb2\/3&Prime;][mk_padding_divider size=\u00a0\u00bb10&Prime;][mk_fancy_title tag_name=\u00a0\u00bbh5&Prime; color=\u00a0\u00bb#ffffff\u00a0\u00bb size=\u00a0\u00bb30&Prime; font_weight=\u00a0\u00bb400&Prime; txt_transform=\u00a0\u00bbnone\u00a0\u00bb font_family=\u00a0\u00bbOpen+Sans\u00a0\u00bb font_type=\u00a0\u00bbgoogle\u00a0\u00bb align=\u00a0\u00bbcenter\u00a0\u00bb]Ce produit vous int\u00e9resse?[\/mk_fancy_title][\/vc_column_inner][vc_column_inner width=\u00a0\u00bb1\/3&Prime;][mk_button dimension=\u00a0\u00bbflat\u00a0\u00bb size=\u00a0\u00bblarge\u00a0\u00bb url=\u00a0\u00bbhttps:\/\/www.lisawms.com\/fr\/contact\/\u00a0\u00bb margin_right=\u00a0\u00bb0&Prime; bg_color=\u00a0\u00bb#ffffff\u00a0\u00bb btn_hover_bg=\u00a0\u00bb#dedede\u00a0\u00bb text_color=\u00a0\u00bbdark\u00a0\u00bb btn_hover_txt_color=\u00a0\u00bb#0a0a0a\u00a0\u00bb]CONTACTEZ-NOUS![\/mk_button][\/vc_column_inner][\/vc_row_inner][\/vc_column][\/vc_row][mk_page_section bg_image=\u00a0\u00bbhttp:\/\/www.lisawms.com\/wp-content\/uploads\/2014\/08\/portolio-004.jpg\u00a0\u00bb bg_color=\u00a0\u00bb#cccccc\u00a0\u00bb blend_mode=\u00a0\u00bboverlay\u00a0\u00bb bg_position=\u00a0\u00bbcenter bottom\u00a0\u00bb bg_repeat=\u00a0\u00bbno-repeat\u00a0\u00bb bg_stretch=\u00a0\u00bbtrue\u00a0\u00bb video_color_mask=\u00a0\u00bb#e8e8e8&Prime; video_opacity=\u00a0\u00bb0.7&Prime; sidebar=\u00a0\u00bbsidebar-1&Prime;][vc_column][mk_padding_divider size=\u00a0\u00bb30&Prime;][vc_row_inner][vc_column_inner width=\u00a0\u00bb1\/2&Prime;][vc_column_text align=\u00a0\u00bbcenter\u00a0\u00bb css=\u00a0\u00bb.vc_custom_1509735087001{margin-bottom: 0px !important;}\u00a0\u00bb]\n<h4>FONCTIONNALIT\u00c9S<\/h4>\n[\/vc_column_text][mk_padding_divider size=\u00a0\u00bb15&Prime;][mk_custom_list]\n<ul>\n<li>Gestion d&rsquo;inventaire<\/li>\n<li>Gestion des emplacements<\/li>\n<li>\u00c9laboration de parcours optimis\u00e9s pour le placement et la cueillette<\/li>\n<li>Achats<\/li>\n<li>R\u00e9ception des commandes<\/li>\n<li>Exp\u00e9dition en fonction des bons de commande des clients<\/li>\n<li>Transfert, ajustement et requ\u00eate d\u2019inventaire<\/li>\n<li>D\u00e9compte cyclique<\/li>\n<li>Contr\u00f4le des num\u00e9ros de lot et de s\u00e9rie<\/li>\n<li>Gestion des emplacements avec s\u00e9quence de parcours de cueillette, v\u00e9locit\u00e9, capacit\u00e9 et zone.<\/li>\n<li>Emplacements al\u00e9atoires ou pr\u00e9d\u00e9termin\u00e9s<\/li>\n<li>Fonctionne sous la technologie Internet Explorer<\/li>\n<\/ul>\n[\/mk_custom_list][\/vc_column_inner][vc_column_inner width=\u00a0\u00bb1\/2&Prime;][vc_column_text align=\u00a0\u00bbcenter\u00a0\u00bb css=\u00a0\u00bb.vc_custom_1509735251734{margin-bottom: 0px !important;}\u00a0\u00bb]\n<h4>Les avantages du NUAGE<\/h4>\n[\/vc_column_text][mk_padding_divider size=\u00a0\u00bb15&Prime;][mk_custom_list]\n<ul>\n<li>Vous d\u00e9butez imm\u00e9diatement et progressez rapidement<\/li>\n<li>Vous profitez toujours des plus r\u00e9centes technologies<\/li>\n<li>Les avantages sont les m\u00eames qu\u2019avec une application bas\u00e9e sur votre serveur<\/li>\n<li>Vous payez uniquement pour les fonctionnalit\u00e9s dont vous avez besoin<\/li>\n<li>Vous n\u2019avez pas \u00e0 vous pr\u00e9occuper de l\u2019infrastructure et de la gestion du mat\u00e9riel, vous pouvez donc vous concentrer sur vos activit\u00e9s.<\/li>\n<\/ul>\n[\/mk_custom_list][\/vc_column_inner][\/vc_row_inner][mk_padding_divider size=\u00a0\u00bb30&Prime;][\/vc_column][\/mk_page_section]\n<\/div>","protected":false},"excerpt":{"rendered":"<p>[mk_page_section bg_image=\u00a0\u00bbhttp:\/\/www.lisawms.com\/wp-content\/uploads\/2017\/09\/products_header.jpg\u00a0\u00bb bg_color=\u00a0\u00bb#edaf23&Prime; blend_mode=\u00a0\u00bbluminosity\u00a0\u00bb bg_position=\u00a0\u00bbcenter center\u00a0\u00bb bg_repeat=\u00a0\u00bbno-repeat\u00a0\u00bb bg_stretch=\u00a0\u00bbtrue\u00a0\u00bb enable_3d=\u00a0\u00bbtrue\u00a0\u00bb speed_factor=\u00a0\u00bb0.6&Prime; bg_gradient=\u00a0\u00bbleft_bottom\u00a0\u00bb video_color_mask=\u00a0\u00bb#223356&Prime; gr_end=\u00a0\u00bb#edaf23&Prime; video_opacity=\u00a0\u00bb0.8&Prime; min_height=\u00a0\u00bb325&Prime; full_width=\u00a0\u00bbtrue\u00a0\u00bb padding_top=\u00a0\u00bb110&Prime; padding_bottom=\u00a0\u00bb90&Prime; animation=\u00a0\u00bbbottom-to-top\u00a0\u00bb sidebar=\u00a0\u00bbsidebar-1&Prime;][vc_column][mk_fancy_title color=\u00a0\u00bb#ffffff\u00a0\u00bb size=\u00a0\u00bb100&Prime; font_weight=\u00a0\u00bb100&Prime; font_family=\u00a0\u00bbnone\u00a0\u00bb align=\u00a0\u00bbcenter\u00a0\u00bb]Distribution sur demande[\/mk_fancy_title][\/vc_column][\/mk_page_section][vc_row][vc_column][mk_padding_divider size=\u00a0\u00bb80&Prime;][\/vc_column][\/vc_row][vc_row css=\u00a0\u00bb.vc_custom_1505779317433{margin-bottom: 40px !important;}\u00a0\u00bb][vc_column width=\u00a0\u00bb2\/3&Prime;][mk_fancy_title size=\u00a0\u00bb30&Prime; font_family=\u00a0\u00bbnone\u00a0\u00bb]LISA WMS \u2013 SUR DEMANDE[\/mk_fancy_title][vc_column_text css=\u00a0\u00bb.vc_custom_1529076078612{margin-bottom: 0px !important;}\u00a0\u00bb]Le logiciel LISA WMS, le puissant syst\u00e8me de gestion d\u2019entrep\u00f4t de N\u2019ware Technologies pour SAP [&hellip;]<\/p>\n","protected":false},"author":1,"featured_media":0,"parent":0,"menu_order":-980,"comment_status":"closed","ping_status":"closed","template":"","meta":{"footnotes":""},"class_list":["post-882","page","type-page","status-publish","hentry"],"yoast_head":"<!-- This site is optimized with the Yoast SEO plugin v27.5 - https:\/\/yoast.com\/product\/yoast-seo-wordpress\/ -->\n<title>LISA WMS \u2013 Sur Demande | Produits | LISA<\/title>\n<meta name=\"description\" content=\"Cette solution web permet de r\u00e9duire le risque associ\u00e9 \u00e0 l\u2019implantation d\u2019un logiciel de gestion d\u2019entrep\u00f4t complet, gr\u00e2ce au service SaaS.\" \/>\n<meta name=\"robots\" content=\"index, follow, max-snippet:-1, max-image-preview:large, max-video-preview:-1\" \/>\n<link rel=\"canonical\" href=\"https:\/\/www.lisawms.com\/fr\/lisa-distribution-sur-demande\/\" \/>\n<meta property=\"og:locale\" content=\"fr_FR\" \/>\n<meta property=\"og:type\" content=\"article\" \/>\n<meta property=\"og:title\" content=\"LISA WMS \u2013 Sur Demande | Produits | LISA\" \/>\n<meta property=\"og:description\" content=\"Cette solution web permet de r\u00e9duire le risque associ\u00e9 \u00e0 l\u2019implantation d\u2019un logiciel de gestion d\u2019entrep\u00f4t complet, gr\u00e2ce au service SaaS.\" \/>\n<meta property=\"og:url\" content=\"https:\/\/www.lisawms.com\/fr\/lisa-distribution-sur-demande\/\" \/>\n<meta property=\"og:site_name\" content=\"LISA Distribution\" \/>\n<meta property=\"article:publisher\" content=\"https:\/\/www.facebook.com\/nwaretechnologies\" \/>\n<meta property=\"article:modified_time\" content=\"2018-06-15T15:22:58+00:00\" \/>\n<meta name=\"twitter:card\" content=\"summary_large_image\" \/>\n<meta name=\"twitter:site\" content=\"@LISAtalksWMS\" \/>\n<meta name=\"twitter:label1\" content=\"Dur\u00e9e de lecture estim\u00e9e\" \/>\n\t<meta name=\"twitter:data1\" content=\"3 minutes\" \/>\n<script type=\"application\/ld+json\" class=\"yoast-schema-graph\">{\"@context\":\"https:\\\/\\\/schema.org\",\"@graph\":[{\"@type\":\"WebPage\",\"@id\":\"https:\\\/\\\/www.lisawms.com\\\/fr\\\/lisa-distribution-sur-demande\\\/\",\"url\":\"https:\\\/\\\/www.lisawms.com\\\/fr\\\/lisa-distribution-sur-demande\\\/\",\"name\":\"LISA WMS \u2013 Sur Demande | Produits | LISA\",\"isPartOf\":{\"@id\":\"https:\\\/\\\/www.lisawms.com\\\/#website\"},\"datePublished\":\"2017-09-25T18:57:03+00:00\",\"dateModified\":\"2018-06-15T15:22:58+00:00\",\"description\":\"Cette solution web permet de r\u00e9duire le risque associ\u00e9 \u00e0 l\u2019implantation d\u2019un logiciel de gestion d\u2019entrep\u00f4t complet, gr\u00e2ce au service SaaS.\",\"breadcrumb\":{\"@id\":\"https:\\\/\\\/www.lisawms.com\\\/fr\\\/lisa-distribution-sur-demande\\\/#breadcrumb\"},\"inLanguage\":\"fr-FR\",\"potentialAction\":[{\"@type\":\"ReadAction\",\"target\":[\"https:\\\/\\\/www.lisawms.com\\\/fr\\\/lisa-distribution-sur-demande\\\/\"]}]},{\"@type\":\"BreadcrumbList\",\"@id\":\"https:\\\/\\\/www.lisawms.com\\\/fr\\\/lisa-distribution-sur-demande\\\/#breadcrumb\",\"itemListElement\":[{\"@type\":\"ListItem\",\"position\":1,\"name\":\"Accueil\",\"item\":\"https:\\\/\\\/www.lisawms.com\\\/fr\\\/\"},{\"@type\":\"ListItem\",\"position\":2,\"name\":\"Distribution sur demande\"}]},{\"@type\":\"WebSite\",\"@id\":\"https:\\\/\\\/www.lisawms.com\\\/#website\",\"url\":\"https:\\\/\\\/www.lisawms.com\\\/\",\"name\":\"LISA WMS\",\"description\":\"Wharehouse distribution made easy\",\"publisher\":{\"@id\":\"https:\\\/\\\/www.lisawms.com\\\/#organization\"},\"potentialAction\":[{\"@type\":\"SearchAction\",\"target\":{\"@type\":\"EntryPoint\",\"urlTemplate\":\"https:\\\/\\\/www.lisawms.com\\\/?s={search_term_string}\"},\"query-input\":{\"@type\":\"PropertyValueSpecification\",\"valueRequired\":true,\"valueName\":\"search_term_string\"}}],\"inLanguage\":\"fr-FR\"},{\"@type\":\"Organization\",\"@id\":\"https:\\\/\\\/www.lisawms.com\\\/#organization\",\"name\":\"LISA WMS\",\"url\":\"https:\\\/\\\/www.lisawms.com\\\/\",\"logo\":{\"@type\":\"ImageObject\",\"inLanguage\":\"fr-FR\",\"@id\":\"https:\\\/\\\/www.lisawms.com\\\/#\\\/schema\\\/logo\\\/image\\\/\",\"url\":\"http:\\\/\\\/www.lisawms.com\\\/wp-content\\\/uploads\\\/2018\\\/03\\\/logo-lisa-distribution.png\",\"contentUrl\":\"http:\\\/\\\/www.lisawms.com\\\/wp-content\\\/uploads\\\/2018\\\/03\\\/logo-lisa-distribution.png\",\"width\":426,\"height\":180,\"caption\":\"LISA WMS\"},\"image\":{\"@id\":\"https:\\\/\\\/www.lisawms.com\\\/#\\\/schema\\\/logo\\\/image\\\/\"},\"sameAs\":[\"https:\\\/\\\/www.facebook.com\\\/nwaretechnologies\",\"https:\\\/\\\/x.com\\\/LISAtalksWMS\",\"https:\\\/\\\/www.linkedin.com\\\/company\\\/145448\",\"https:\\\/\\\/www.youtube.com\\\/channel\\\/UCl-HuOQf5YngwlixhS0SAbg\"]}]}<\/script>\n<!-- \/ Yoast SEO plugin. -->","yoast_head_json":{"title":"LISA WMS \u2013 Sur Demande | Produits | LISA","description":"Cette solution web permet de r\u00e9duire le risque associ\u00e9 \u00e0 l\u2019implantation d\u2019un logiciel de gestion d\u2019entrep\u00f4t complet, gr\u00e2ce au service SaaS.","robots":{"index":"index","follow":"follow","max-snippet":"max-snippet:-1","max-image-preview":"max-image-preview:large","max-video-preview":"max-video-preview:-1"},"canonical":"https:\/\/www.lisawms.com\/fr\/lisa-distribution-sur-demande\/","og_locale":"fr_FR","og_type":"article","og_title":"LISA WMS \u2013 Sur Demande | Produits | LISA","og_description":"Cette solution web permet de r\u00e9duire le risque associ\u00e9 \u00e0 l\u2019implantation d\u2019un logiciel de gestion d\u2019entrep\u00f4t complet, gr\u00e2ce au service SaaS.","og_url":"https:\/\/www.lisawms.com\/fr\/lisa-distribution-sur-demande\/","og_site_name":"LISA Distribution","article_publisher":"https:\/\/www.facebook.com\/nwaretechnologies","article_modified_time":"2018-06-15T15:22:58+00:00","twitter_card":"summary_large_image","twitter_site":"@LISAtalksWMS","twitter_misc":{"Dur\u00e9e de lecture estim\u00e9e":"3 minutes"},"schema":{"@context":"https:\/\/schema.org","@graph":[{"@type":"WebPage","@id":"https:\/\/www.lisawms.com\/fr\/lisa-distribution-sur-demande\/","url":"https:\/\/www.lisawms.com\/fr\/lisa-distribution-sur-demande\/","name":"LISA WMS \u2013 Sur Demande | Produits | LISA","isPartOf":{"@id":"https:\/\/www.lisawms.com\/#website"},"datePublished":"2017-09-25T18:57:03+00:00","dateModified":"2018-06-15T15:22:58+00:00","description":"Cette solution web permet de r\u00e9duire le risque associ\u00e9 \u00e0 l\u2019implantation d\u2019un logiciel de gestion d\u2019entrep\u00f4t complet, gr\u00e2ce au service SaaS.","breadcrumb":{"@id":"https:\/\/www.lisawms.com\/fr\/lisa-distribution-sur-demande\/#breadcrumb"},"inLanguage":"fr-FR","potentialAction":[{"@type":"ReadAction","target":["https:\/\/www.lisawms.com\/fr\/lisa-distribution-sur-demande\/"]}]},{"@type":"BreadcrumbList","@id":"https:\/\/www.lisawms.com\/fr\/lisa-distribution-sur-demande\/#breadcrumb","itemListElement":[{"@type":"ListItem","position":1,"name":"Accueil","item":"https:\/\/www.lisawms.com\/fr\/"},{"@type":"ListItem","position":2,"name":"Distribution sur demande"}]},{"@type":"WebSite","@id":"https:\/\/www.lisawms.com\/#website","url":"https:\/\/www.lisawms.com\/","name":"LISA WMS","description":"Wharehouse distribution made easy","publisher":{"@id":"https:\/\/www.lisawms.com\/#organization"},"potentialAction":[{"@type":"SearchAction","target":{"@type":"EntryPoint","urlTemplate":"https:\/\/www.lisawms.com\/?s={search_term_string}"},"query-input":{"@type":"PropertyValueSpecification","valueRequired":true,"valueName":"search_term_string"}}],"inLanguage":"fr-FR"},{"@type":"Organization","@id":"https:\/\/www.lisawms.com\/#organization","name":"LISA WMS","url":"https:\/\/www.lisawms.com\/","logo":{"@type":"ImageObject","inLanguage":"fr-FR","@id":"https:\/\/www.lisawms.com\/#\/schema\/logo\/image\/","url":"http:\/\/www.lisawms.com\/wp-content\/uploads\/2018\/03\/logo-lisa-distribution.png","contentUrl":"http:\/\/www.lisawms.com\/wp-content\/uploads\/2018\/03\/logo-lisa-distribution.png","width":426,"height":180,"caption":"LISA WMS"},"image":{"@id":"https:\/\/www.lisawms.com\/#\/schema\/logo\/image\/"},"sameAs":["https:\/\/www.facebook.com\/nwaretechnologies","https:\/\/x.com\/LISAtalksWMS","https:\/\/www.linkedin.com\/company\/145448","https:\/\/www.youtube.com\/channel\/UCl-HuOQf5YngwlixhS0SAbg"]}]}},"_links":{"self":[{"href":"https:\/\/www.lisawms.com\/fr\/wp-json\/wp\/v2\/pages\/882","targetHints":{"allow":["GET"]}}],"collection":[{"href":"https:\/\/www.lisawms.com\/fr\/wp-json\/wp\/v2\/pages"}],"about":[{"href":"https:\/\/www.lisawms.com\/fr\/wp-json\/wp\/v2\/types\/page"}],"author":[{"embeddable":true,"href":"https:\/\/www.lisawms.com\/fr\/wp-json\/wp\/v2\/users\/1"}],"replies":[{"embeddable":true,"href":"https:\/\/www.lisawms.com\/fr\/wp-json\/wp\/v2\/comments?post=882"}],"version-history":[{"count":0,"href":"https:\/\/www.lisawms.com\/fr\/wp-json\/wp\/v2\/pages\/882\/revisions"}],"wp:attachment":[{"href":"https:\/\/www.lisawms.com\/fr\/wp-json\/wp\/v2\/media?parent=882"}],"curies":[{"name":"wp","href":"https:\/\/api.w.org\/{rel}","templated":true}]}}