{"id":878,"date":"2017-09-25T14:23:23","date_gmt":"2017-09-25T18:23:23","guid":{"rendered":"http:\/\/mr-futon.com\/produits\/lisa-distribution-express\/"},"modified":"2018-06-15T11:10:31","modified_gmt":"2018-06-15T15:10:31","slug":"lisa-distribution-express","status":"publish","type":"page","link":"https:\/\/www.lisawms.com\/fr\/lisa-distribution-express\/","title":{"rendered":"Distribution Express"},"content":{"rendered":"<div class=\"wpb-content-wrapper\">[mk_page_section bg_image=\u00a0\u00bbhttp:\/\/www.lisawms.com\/wp-content\/uploads\/2017\/09\/products_header.jpg\u00a0\u00bb bg_color=\u00a0\u00bb#edaf23&Prime; blend_mode=\u00a0\u00bbluminosity\u00a0\u00bb bg_position=\u00a0\u00bbcenter center\u00a0\u00bb bg_repeat=\u00a0\u00bbno-repeat\u00a0\u00bb bg_stretch=\u00a0\u00bbtrue\u00a0\u00bb enable_3d=\u00a0\u00bbtrue\u00a0\u00bb speed_factor=\u00a0\u00bb0.6&Prime; bg_gradient=\u00a0\u00bbleft_bottom\u00a0\u00bb video_color_mask=\u00a0\u00bb#223356&Prime; gr_end=\u00a0\u00bb#edaf23&Prime; video_opacity=\u00a0\u00bb0.8&Prime; min_height=\u00a0\u00bb325&Prime; full_width=\u00a0\u00bbtrue\u00a0\u00bb padding_top=\u00a0\u00bb110&Prime; padding_bottom=\u00a0\u00bb90&Prime; animation=\u00a0\u00bbbottom-to-top\u00a0\u00bb sidebar=\u00a0\u00bbsidebar-1&Prime;][vc_column][mk_fancy_title color=\u00a0\u00bb#ffffff\u00a0\u00bb size=\u00a0\u00bb100&Prime; font_weight=\u00a0\u00bb100&Prime; font_family=\u00a0\u00bbnone\u00a0\u00bb align=\u00a0\u00bbcenter\u00a0\u00bb]Distribution Express[\/mk_fancy_title][\/vc_column][\/mk_page_section][vc_row][vc_column][mk_padding_divider size=\u00a0\u00bb80&Prime;][\/vc_column][\/vc_row][vc_row css=\u00a0\u00bb.vc_custom_1505779317433{margin-bottom: 40px !important;}\u00a0\u00bb][vc_column width=\u00a0\u00bb2\/3&Prime;][mk_fancy_title size=\u00a0\u00bb30&Prime; font_family=\u00a0\u00bbnone\u00a0\u00bb]LISA WMS EXPRESS[\/mk_fancy_title][vc_column_text css=\u00a0\u00bb.vc_custom_1529075158285{margin-bottom: 0px !important;}\u00a0\u00bb]LISA WMS Express est un compl\u00e9ment de syst\u00e8me de gestion d\u2019entrep\u00f4t vendu en mod\u00e8le Express configurable. Cette solution group\u00e9e est con\u00e7ue pour r\u00e9pondre aux exigences de votre entreprise, s\u2019int\u00e9grer \u00e0 votre syst\u00e8me ERP et \u00eatre rapidement implant\u00e9e afin de vous permettre de g\u00e9rer vos activit\u00e9s en toute transparence.\u00a0<strong>Cette solution compl\u00e8te de gestion d\u2019entrep\u00f4t inclut le logiciel, le mat\u00e9riel et le service.<\/strong>[\/vc_column_text][\/vc_column][vc_column width=\u00a0\u00bb1\/3&Prime;][vc_single_image image=\u00a0\u00bb543&Prime; img_size=\u00a0\u00bblarge\u00a0\u00bb el_class=\u00a0\u00bbnicepic\u00a0\u00bb][\/vc_column][\/vc_row][vc_row fullwidth=\u00a0\u00bbtrue\u00a0\u00bb fullwidth_content=\u00a0\u00bbfalse\u00a0\u00bb css=\u00a0\u00bb.vc_custom_1507158730214{background-color: #edaf23 !important;}\u00a0\u00bb][vc_column][mk_padding_divider size=\u00a0\u00bb30&Prime;][vc_row_inner][vc_column_inner width=\u00a0\u00bb2\/3&Prime;][mk_padding_divider size=\u00a0\u00bb10&Prime;][mk_fancy_title tag_name=\u00a0\u00bbh5&Prime; color=\u00a0\u00bb#ffffff\u00a0\u00bb size=\u00a0\u00bb30&Prime; font_weight=\u00a0\u00bb400&Prime; txt_transform=\u00a0\u00bbnone\u00a0\u00bb font_family=\u00a0\u00bbOpen+Sans\u00a0\u00bb font_type=\u00a0\u00bbgoogle\u00a0\u00bb align=\u00a0\u00bbcenter\u00a0\u00bb]Ce produit vous int\u00e9resse?[\/mk_fancy_title][\/vc_column_inner][vc_column_inner width=\u00a0\u00bb1\/3&Prime;][mk_button dimension=\u00a0\u00bbflat\u00a0\u00bb size=\u00a0\u00bblarge\u00a0\u00bb url=\u00a0\u00bbhttps:\/\/www.lisawms.com\/fr\/contact\/\u00a0\u00bb margin_right=\u00a0\u00bb0&Prime; bg_color=\u00a0\u00bb#ffffff\u00a0\u00bb btn_hover_bg=\u00a0\u00bb#dedede\u00a0\u00bb text_color=\u00a0\u00bbdark\u00a0\u00bb btn_hover_txt_color=\u00a0\u00bb#0a0a0a\u00a0\u00bb]CONTACTEZ-NOUS![\/mk_button][\/vc_column_inner][\/vc_row_inner][\/vc_column][\/vc_row][mk_page_section bg_image=\u00a0\u00bbhttp:\/\/www.lisawms.com\/wp-content\/uploads\/2014\/08\/portolio-004.jpg\u00a0\u00bb bg_color=\u00a0\u00bb#cccccc\u00a0\u00bb blend_mode=\u00a0\u00bboverlay\u00a0\u00bb bg_position=\u00a0\u00bbcenter top\u00a0\u00bb bg_repeat=\u00a0\u00bbno-repeat\u00a0\u00bb bg_stretch=\u00a0\u00bbtrue\u00a0\u00bb video_color_mask=\u00a0\u00bb#e8e8e8&Prime; video_opacity=\u00a0\u00bb0.7&Prime; sidebar=\u00a0\u00bbsidebar-1&Prime;][vc_column][mk_padding_divider size=\u00a0\u00bb30&Prime;][vc_row_inner][vc_column_inner width=\u00a0\u00bb1\/3&Prime;][mk_font_icons icon=\u00a0\u00bbmk-moon-checkbox\u00a0\u00bb color=\u00a0\u00bb#666666&Prime; size=\u00a0\u00bbx-large\u00a0\u00bb align=\u00a0\u00bbcenter\u00a0\u00bb][vc_column_text css=\u00a0\u00bb.vc_custom_1509734561422{margin-bottom: 0px !important;}\u00a0\u00bb]\n<h4>Le syst\u00e8me de base inclut\u00a0:<\/h4>\n[\/vc_column_text][mk_custom_list]\n<ul>\n<li>la gestion d&rsquo;inventaire<\/li>\n<li>la gestion des emplacements<\/li>\n<li>la r\u00e9ception des bons de commande<\/li>\n<li>l\u2019\u00e9laboration de parcours optimis\u00e9s pour le placement et la cueillette<\/li>\n<li>les transferts et ajustements d\u2019inventaire<\/li>\n<li>les emplacements al\u00e9atoires ou pr\u00e9d\u00e9termin\u00e9s<\/li>\n<li>une technologie bas\u00e9e sur un navigateur Web<\/li>\n<\/ul>\n[\/mk_custom_list][\/vc_column_inner][vc_column_inner width=\u00a0\u00bb1\/3&Prime;][mk_font_icons icon=\u00a0\u00bbmk-moon-cart-checkout\u00a0\u00bb color=\u00a0\u00bb#666666&Prime; size=\u00a0\u00bbx-large\u00a0\u00bb align=\u00a0\u00bbcenter\u00a0\u00bb][vc_column_text css=\u00a0\u00bb.vc_custom_1509734658808{margin-bottom: 0px !important;}\u00a0\u00bb]\n<h4>De nombreuses autres options sont offertes<\/h4>\n[\/vc_column_text][mk_custom_list]\n<ul>\n<li>R\u00e9ception des manifestes\/conteneurs<\/li>\n<li>Transbordement<\/li>\n<li>Traitement des autorisations de retour d\u2019article<\/li>\n<li>D\u00e9compte cyclique<\/li>\n<li>Cueillette par vagues<\/li>\n<li>Planification de la distribution des commandes<\/li>\n<\/ul>\n[\/mk_custom_list][\/vc_column_inner][vc_column_inner width=\u00a0\u00bb1\/3&Prime;][mk_font_icons icon=\u00a0\u00bbmk-moon-numbered-list\u00a0\u00bb color=\u00a0\u00bb#666666&Prime; size=\u00a0\u00bbx-large\u00a0\u00bb align=\u00a0\u00bbcenter\u00a0\u00bb][vc_column_text css=\u00a0\u00bb.vc_custom_1509734680556{margin-bottom: 0px !important;}\u00a0\u00bb]\n<h4>Processus en trois \u00e9tapes<\/h4>\n[\/vc_column_text][mk_custom_list]\n<ul>\n<li>D\u00e9finissez les besoins strat\u00e9giques de votre entrep\u00f4t<\/li>\n<li>Choisissez les options pour r\u00e9pondre \u00e0 ces besoins<\/li>\n<li>Implantez la solution WMS<\/li>\n<\/ul>\n[\/mk_custom_list][\/vc_column_inner][\/vc_row_inner][\/vc_column][\/mk_page_section][vc_row][vc_column][mk_padding_divider size=\u00a0\u00bb30&Prime;][mk_fancy_title color=\u00a0\u00bb#666666&Prime; size=\u00a0\u00bb40&Prime; font_family=\u00a0\u00bbnone\u00a0\u00bb align=\u00a0\u00bbcenter\u00a0\u00bb]<span style=\"color: #edaf23;\">CHOISISSEZ CE DONT <strong>VOUS<\/strong> AVEZ BESOIN.<\/span>[\/mk_fancy_title][mk_divider style=\u00a0\u00bbthin_solid\u00a0\u00bb divider_width=\u00a0\u00bbcustom_width\u00a0\u00bb custom_width=\u00a0\u00bb85&Prime; thickness=\u00a0\u00bb5&Prime; margin_top=\u00a0\u00bb0&Prime;][vc_column_text align=\u00a0\u00bbcenter\u00a0\u00bb css=\u00a0\u00bb.vc_custom_1509734828276{margin-bottom: 0px !important;}\u00a0\u00bb]Il s\u2019agit du m\u00eame logiciel SAP Business One qu\u2019utilisent avec succ\u00e8s de nombreuses installations en Am\u00e9rique du Nord,<br \/>\nen Am\u00e9rique du Sud et en Europe pour rationaliser leurs op\u00e9rations d\u2019entrep\u00f4t.[\/vc_column_text][mk_padding_divider size=\u00a0\u00bb30&Prime;][\/vc_column][\/vc_row]\n<\/div>","protected":false},"excerpt":{"rendered":"<p>[mk_page_section bg_image=\u00a0\u00bbhttp:\/\/www.lisawms.com\/wp-content\/uploads\/2017\/09\/products_header.jpg\u00a0\u00bb bg_color=\u00a0\u00bb#edaf23&Prime; blend_mode=\u00a0\u00bbluminosity\u00a0\u00bb bg_position=\u00a0\u00bbcenter center\u00a0\u00bb bg_repeat=\u00a0\u00bbno-repeat\u00a0\u00bb bg_stretch=\u00a0\u00bbtrue\u00a0\u00bb enable_3d=\u00a0\u00bbtrue\u00a0\u00bb speed_factor=\u00a0\u00bb0.6&Prime; bg_gradient=\u00a0\u00bbleft_bottom\u00a0\u00bb video_color_mask=\u00a0\u00bb#223356&Prime; gr_end=\u00a0\u00bb#edaf23&Prime; video_opacity=\u00a0\u00bb0.8&Prime; min_height=\u00a0\u00bb325&Prime; full_width=\u00a0\u00bbtrue\u00a0\u00bb padding_top=\u00a0\u00bb110&Prime; padding_bottom=\u00a0\u00bb90&Prime; animation=\u00a0\u00bbbottom-to-top\u00a0\u00bb sidebar=\u00a0\u00bbsidebar-1&Prime;][vc_column][mk_fancy_title color=\u00a0\u00bb#ffffff\u00a0\u00bb size=\u00a0\u00bb100&Prime; font_weight=\u00a0\u00bb100&Prime; font_family=\u00a0\u00bbnone\u00a0\u00bb align=\u00a0\u00bbcenter\u00a0\u00bb]Distribution Express[\/mk_fancy_title][\/vc_column][\/mk_page_section][vc_row][vc_column][mk_padding_divider size=\u00a0\u00bb80&Prime;][\/vc_column][\/vc_row][vc_row css=\u00a0\u00bb.vc_custom_1505779317433{margin-bottom: 40px !important;}\u00a0\u00bb][vc_column width=\u00a0\u00bb2\/3&Prime;][mk_fancy_title size=\u00a0\u00bb30&Prime; font_family=\u00a0\u00bbnone\u00a0\u00bb]LISA WMS EXPRESS[\/mk_fancy_title][vc_column_text css=\u00a0\u00bb.vc_custom_1529075158285{margin-bottom: 0px !important;}\u00a0\u00bb]LISA WMS Express est un compl\u00e9ment de syst\u00e8me de gestion d\u2019entrep\u00f4t vendu en mod\u00e8le Express configurable. Cette solution [&hellip;]<\/p>\n","protected":false},"author":1,"featured_media":0,"parent":0,"menu_order":-980,"comment_status":"closed","ping_status":"closed","template":"","meta":{"footnotes":""},"class_list":["post-878","page","type-page","status-publish","hentry"],"yoast_head":"<!-- This site is optimized with the Yoast SEO plugin v27.5 - https:\/\/yoast.com\/product\/yoast-seo-wordpress\/ -->\n<title>LISA WMS Express | Produits | LISA<\/title>\n<meta name=\"description\" content=\"Cette solution group\u00e9e est con\u00e7ue pour r\u00e9pondre aux exigences de votre entreprise, s\u2019int\u00e9grer \u00e0 votre syst\u00e8me ERP et \u00eatre rapidement implant\u00e9e.\" \/>\n<meta name=\"robots\" content=\"index, follow, max-snippet:-1, max-image-preview:large, max-video-preview:-1\" \/>\n<link rel=\"canonical\" href=\"https:\/\/www.lisawms.com\/fr\/lisa-distribution-express\/\" \/>\n<meta property=\"og:locale\" content=\"fr_FR\" \/>\n<meta property=\"og:type\" content=\"article\" \/>\n<meta property=\"og:title\" content=\"LISA WMS Express | Produits | LISA\" \/>\n<meta property=\"og:description\" content=\"Cette solution group\u00e9e est con\u00e7ue pour r\u00e9pondre aux exigences de votre entreprise, s\u2019int\u00e9grer \u00e0 votre syst\u00e8me ERP et \u00eatre rapidement implant\u00e9e.\" \/>\n<meta property=\"og:url\" content=\"https:\/\/www.lisawms.com\/fr\/lisa-distribution-express\/\" \/>\n<meta property=\"og:site_name\" content=\"LISA Distribution\" \/>\n<meta property=\"article:publisher\" content=\"https:\/\/www.facebook.com\/nwaretechnologies\" \/>\n<meta property=\"article:modified_time\" content=\"2018-06-15T15:10:31+00:00\" \/>\n<meta name=\"twitter:card\" content=\"summary_large_image\" \/>\n<meta name=\"twitter:site\" content=\"@LISAtalksWMS\" \/>\n<meta name=\"twitter:label1\" content=\"Dur\u00e9e de lecture estim\u00e9e\" \/>\n\t<meta name=\"twitter:data1\" content=\"4 minutes\" \/>\n<script type=\"application\/ld+json\" class=\"yoast-schema-graph\">{\"@context\":\"https:\\\/\\\/schema.org\",\"@graph\":[{\"@type\":\"WebPage\",\"@id\":\"https:\\\/\\\/www.lisawms.com\\\/fr\\\/lisa-distribution-express\\\/\",\"url\":\"https:\\\/\\\/www.lisawms.com\\\/fr\\\/lisa-distribution-express\\\/\",\"name\":\"LISA WMS Express | Produits | LISA\",\"isPartOf\":{\"@id\":\"https:\\\/\\\/www.lisawms.com\\\/#website\"},\"datePublished\":\"2017-09-25T18:23:23+00:00\",\"dateModified\":\"2018-06-15T15:10:31+00:00\",\"description\":\"Cette solution group\u00e9e est con\u00e7ue pour r\u00e9pondre aux exigences de votre entreprise, s\u2019int\u00e9grer \u00e0 votre syst\u00e8me ERP et \u00eatre rapidement implant\u00e9e.\",\"breadcrumb\":{\"@id\":\"https:\\\/\\\/www.lisawms.com\\\/fr\\\/lisa-distribution-express\\\/#breadcrumb\"},\"inLanguage\":\"fr-FR\",\"potentialAction\":[{\"@type\":\"ReadAction\",\"target\":[\"https:\\\/\\\/www.lisawms.com\\\/fr\\\/lisa-distribution-express\\\/\"]}]},{\"@type\":\"BreadcrumbList\",\"@id\":\"https:\\\/\\\/www.lisawms.com\\\/fr\\\/lisa-distribution-express\\\/#breadcrumb\",\"itemListElement\":[{\"@type\":\"ListItem\",\"position\":1,\"name\":\"Accueil\",\"item\":\"https:\\\/\\\/www.lisawms.com\\\/fr\\\/\"},{\"@type\":\"ListItem\",\"position\":2,\"name\":\"Distribution Express\"}]},{\"@type\":\"WebSite\",\"@id\":\"https:\\\/\\\/www.lisawms.com\\\/#website\",\"url\":\"https:\\\/\\\/www.lisawms.com\\\/\",\"name\":\"LISA WMS\",\"description\":\"Wharehouse distribution made easy\",\"publisher\":{\"@id\":\"https:\\\/\\\/www.lisawms.com\\\/#organization\"},\"potentialAction\":[{\"@type\":\"SearchAction\",\"target\":{\"@type\":\"EntryPoint\",\"urlTemplate\":\"https:\\\/\\\/www.lisawms.com\\\/?s={search_term_string}\"},\"query-input\":{\"@type\":\"PropertyValueSpecification\",\"valueRequired\":true,\"valueName\":\"search_term_string\"}}],\"inLanguage\":\"fr-FR\"},{\"@type\":\"Organization\",\"@id\":\"https:\\\/\\\/www.lisawms.com\\\/#organization\",\"name\":\"LISA WMS\",\"url\":\"https:\\\/\\\/www.lisawms.com\\\/\",\"logo\":{\"@type\":\"ImageObject\",\"inLanguage\":\"fr-FR\",\"@id\":\"https:\\\/\\\/www.lisawms.com\\\/#\\\/schema\\\/logo\\\/image\\\/\",\"url\":\"http:\\\/\\\/www.lisawms.com\\\/wp-content\\\/uploads\\\/2018\\\/03\\\/logo-lisa-distribution.png\",\"contentUrl\":\"http:\\\/\\\/www.lisawms.com\\\/wp-content\\\/uploads\\\/2018\\\/03\\\/logo-lisa-distribution.png\",\"width\":426,\"height\":180,\"caption\":\"LISA WMS\"},\"image\":{\"@id\":\"https:\\\/\\\/www.lisawms.com\\\/#\\\/schema\\\/logo\\\/image\\\/\"},\"sameAs\":[\"https:\\\/\\\/www.facebook.com\\\/nwaretechnologies\",\"https:\\\/\\\/x.com\\\/LISAtalksWMS\",\"https:\\\/\\\/www.linkedin.com\\\/company\\\/145448\",\"https:\\\/\\\/www.youtube.com\\\/channel\\\/UCl-HuOQf5YngwlixhS0SAbg\"]}]}<\/script>\n<!-- \/ Yoast SEO plugin. -->","yoast_head_json":{"title":"LISA WMS Express | Produits | LISA","description":"Cette solution group\u00e9e est con\u00e7ue pour r\u00e9pondre aux exigences de votre entreprise, s\u2019int\u00e9grer \u00e0 votre syst\u00e8me ERP et \u00eatre rapidement implant\u00e9e.","robots":{"index":"index","follow":"follow","max-snippet":"max-snippet:-1","max-image-preview":"max-image-preview:large","max-video-preview":"max-video-preview:-1"},"canonical":"https:\/\/www.lisawms.com\/fr\/lisa-distribution-express\/","og_locale":"fr_FR","og_type":"article","og_title":"LISA WMS Express | Produits | LISA","og_description":"Cette solution group\u00e9e est con\u00e7ue pour r\u00e9pondre aux exigences de votre entreprise, s\u2019int\u00e9grer \u00e0 votre syst\u00e8me ERP et \u00eatre rapidement implant\u00e9e.","og_url":"https:\/\/www.lisawms.com\/fr\/lisa-distribution-express\/","og_site_name":"LISA Distribution","article_publisher":"https:\/\/www.facebook.com\/nwaretechnologies","article_modified_time":"2018-06-15T15:10:31+00:00","twitter_card":"summary_large_image","twitter_site":"@LISAtalksWMS","twitter_misc":{"Dur\u00e9e de lecture estim\u00e9e":"4 minutes"},"schema":{"@context":"https:\/\/schema.org","@graph":[{"@type":"WebPage","@id":"https:\/\/www.lisawms.com\/fr\/lisa-distribution-express\/","url":"https:\/\/www.lisawms.com\/fr\/lisa-distribution-express\/","name":"LISA WMS Express | Produits | LISA","isPartOf":{"@id":"https:\/\/www.lisawms.com\/#website"},"datePublished":"2017-09-25T18:23:23+00:00","dateModified":"2018-06-15T15:10:31+00:00","description":"Cette solution group\u00e9e est con\u00e7ue pour r\u00e9pondre aux exigences de votre entreprise, s\u2019int\u00e9grer \u00e0 votre syst\u00e8me ERP et \u00eatre rapidement implant\u00e9e.","breadcrumb":{"@id":"https:\/\/www.lisawms.com\/fr\/lisa-distribution-express\/#breadcrumb"},"inLanguage":"fr-FR","potentialAction":[{"@type":"ReadAction","target":["https:\/\/www.lisawms.com\/fr\/lisa-distribution-express\/"]}]},{"@type":"BreadcrumbList","@id":"https:\/\/www.lisawms.com\/fr\/lisa-distribution-express\/#breadcrumb","itemListElement":[{"@type":"ListItem","position":1,"name":"Accueil","item":"https:\/\/www.lisawms.com\/fr\/"},{"@type":"ListItem","position":2,"name":"Distribution Express"}]},{"@type":"WebSite","@id":"https:\/\/www.lisawms.com\/#website","url":"https:\/\/www.lisawms.com\/","name":"LISA WMS","description":"Wharehouse distribution made easy","publisher":{"@id":"https:\/\/www.lisawms.com\/#organization"},"potentialAction":[{"@type":"SearchAction","target":{"@type":"EntryPoint","urlTemplate":"https:\/\/www.lisawms.com\/?s={search_term_string}"},"query-input":{"@type":"PropertyValueSpecification","valueRequired":true,"valueName":"search_term_string"}}],"inLanguage":"fr-FR"},{"@type":"Organization","@id":"https:\/\/www.lisawms.com\/#organization","name":"LISA WMS","url":"https:\/\/www.lisawms.com\/","logo":{"@type":"ImageObject","inLanguage":"fr-FR","@id":"https:\/\/www.lisawms.com\/#\/schema\/logo\/image\/","url":"http:\/\/www.lisawms.com\/wp-content\/uploads\/2018\/03\/logo-lisa-distribution.png","contentUrl":"http:\/\/www.lisawms.com\/wp-content\/uploads\/2018\/03\/logo-lisa-distribution.png","width":426,"height":180,"caption":"LISA WMS"},"image":{"@id":"https:\/\/www.lisawms.com\/#\/schema\/logo\/image\/"},"sameAs":["https:\/\/www.facebook.com\/nwaretechnologies","https:\/\/x.com\/LISAtalksWMS","https:\/\/www.linkedin.com\/company\/145448","https:\/\/www.youtube.com\/channel\/UCl-HuOQf5YngwlixhS0SAbg"]}]}},"_links":{"self":[{"href":"https:\/\/www.lisawms.com\/fr\/wp-json\/wp\/v2\/pages\/878","targetHints":{"allow":["GET"]}}],"collection":[{"href":"https:\/\/www.lisawms.com\/fr\/wp-json\/wp\/v2\/pages"}],"about":[{"href":"https:\/\/www.lisawms.com\/fr\/wp-json\/wp\/v2\/types\/page"}],"author":[{"embeddable":true,"href":"https:\/\/www.lisawms.com\/fr\/wp-json\/wp\/v2\/users\/1"}],"replies":[{"embeddable":true,"href":"https:\/\/www.lisawms.com\/fr\/wp-json\/wp\/v2\/comments?post=878"}],"version-history":[{"count":0,"href":"https:\/\/www.lisawms.com\/fr\/wp-json\/wp\/v2\/pages\/878\/revisions"}],"wp:attachment":[{"href":"https:\/\/www.lisawms.com\/fr\/wp-json\/wp\/v2\/media?parent=878"}],"curies":[{"name":"wp","href":"https:\/\/api.w.org\/{rel}","templated":true}]}}