{"id":874,"date":"2017-09-25T14:06:18","date_gmt":"2017-09-25T18:06:18","guid":{"rendered":"http:\/\/mr-futon.com\/produits\/lisa-bydesign-wms-for-sap-business-bydesign\/"},"modified":"2022-12-02T13:54:08","modified_gmt":"2022-12-02T17:54:08","slug":"lisa-bydesign-wms-pour-sap-business-bydesign","status":"publish","type":"page","link":"https:\/\/www.lisawms.com\/fr\/produits\/lisa-bydesign-wms-pour-sap-business-bydesign\/","title":{"rendered":"LISA ByDesign WMS pour SAP Business ByDesign"},"content":{"rendered":"<div class=\"wpb-content-wrapper\">[mk_page_section bg_image=\u00a0\u00bbhttp:\/\/www.lisawms.com\/wp-content\/uploads\/2017\/09\/products_header.jpg\u00a0\u00bb bg_color=\u00a0\u00bb#edaf23&Prime; blend_mode=\u00a0\u00bbluminosity\u00a0\u00bb bg_position=\u00a0\u00bbcenter center\u00a0\u00bb bg_repeat=\u00a0\u00bbno-repeat\u00a0\u00bb bg_stretch=\u00a0\u00bbtrue\u00a0\u00bb enable_3d=\u00a0\u00bbtrue\u00a0\u00bb speed_factor=\u00a0\u00bb0.6&Prime; bg_gradient=\u00a0\u00bbleft_bottom\u00a0\u00bb video_color_mask=\u00a0\u00bb#223356&Prime; gr_end=\u00a0\u00bb#edaf23&Prime; video_opacity=\u00a0\u00bb0.8&Prime; min_height=\u00a0\u00bb325&Prime; full_width=\u00a0\u00bbtrue\u00a0\u00bb padding_top=\u00a0\u00bb110&Prime; padding_bottom=\u00a0\u00bb90&Prime; animation=\u00a0\u00bbbottom-to-top\u00a0\u00bb sidebar=\u00a0\u00bbsidebar-1&Prime;][vc_column][mk_fancy_title color=\u00a0\u00bb#ffffff\u00a0\u00bb size=\u00a0\u00bb100&Prime; font_weight=\u00a0\u00bb100&Prime; font_family=\u00a0\u00bbnone\u00a0\u00bb align=\u00a0\u00bbcenter\u00a0\u00bb]ByDesign WMS[\/mk_fancy_title][\/vc_column][\/mk_page_section][vc_row][vc_column][mk_padding_divider size=\u00a0\u00bb80&Prime;][\/vc_column][\/vc_row][vc_row css=\u00a0\u00bb.vc_custom_1505779317433{margin-bottom: 40px !important;}\u00a0\u00bb][vc_column width=\u00a0\u00bb2\/3&Prime;][mk_fancy_title size=\u00a0\u00bb30&Prime; font_family=\u00a0\u00bbnone\u00a0\u00bb]\n<h1>LISA BYDESIGN WMS POUR SAP BUSINESS BYDESIGN<\/h1>\n[\/mk_fancy_title][vc_column_text css=\u00a0\u00bb.vc_custom_1527886387595{margin-bottom: 0px !important;}\u00a0\u00bb]La solution LISA ByDesign WMS est con\u00e7ue pour \u00e9tendre la puissance de SAP Business ByDesign en s\u2019adaptant entre les op\u00e9rations relativement simples d\u2019un entrep\u00f4t de moyenne envergure et l\u2019exploitation de centres de distribution plus complexes. Enti\u00e8rement int\u00e9gr\u00e9e \u00e0 SAP Business ByDesign, notre solution de gestion d\u2019entrep\u00f4t permet aux moyennes entreprises et aux filiales de rationaliser les op\u00e9rations quotidiennes de leur entrep\u00f4t et de simplifier la logistique complexe de la cha\u00eene d\u2019approvisionnement. \u00a0Le module compl\u00e9mentaire LISA ByDesign permet aux entreprises d\u2019\u00eatre plus agiles, plus efficaces et plus r\u00e9actives aux besoins des clients.<\/p>\n<h2>Notre solution WMS pour SAP Business ByDesign permet aux entreprises\u00a0:<\/h2>\n<ul>\n<li>d\u2019int\u00e9grer les op\u00e9rations complexes d\u2019entrep\u00f4t et de distribution aux processus et syst\u00e8mes de gestion d\u2019entreprise;<\/li>\n<li>d\u2019augmenter la productivit\u00e9 et l\u2019efficacit\u00e9 de l\u2019entrep\u00f4t;<\/li>\n<li>d\u2019augmenter leur r\u00e9activit\u00e9 et leur agilit\u00e9 pour r\u00e9pondre aux clients afin de mieux les satisfaire;<\/li>\n<li>d\u2019obtenir plus de contr\u00f4le dans la gestion de leur entrep\u00f4t gr\u00e2ce aux lecteurs \u00e0 radiofr\u00e9quences et \u00e0 l\u2019identification des codes \u00e0 barres;<\/li>\n<li>de consulter des rapports complets, personnalisables et flexibles en mati\u00e8re de performance, de rentabilit\u00e9 et de productivit\u00e9;<\/li>\n<li>de soutenir de multiples entrep\u00f4ts et la logistique tierce partie gr\u00e2ce \u00e0 l\u2019interface de transactions bas\u00e9es sur le Web de LISA.<\/li>\n<\/ul>\n[\/vc_column_text][\/vc_column][vc_column width=\u00a0\u00bb1\/3&Prime;][vc_single_image image=\u00a0\u00bb4531&Prime; img_size=\u00a0\u00bbfull\u00a0\u00bb el_class=\u00a0\u00bbnicepic\u00a0\u00bb][\/vc_column][\/vc_row][vc_row fullwidth=\u00a0\u00bbtrue\u00a0\u00bb fullwidth_content=\u00a0\u00bbfalse\u00a0\u00bb css=\u00a0\u00bb.vc_custom_1507158730214{background-color: #edaf23 !important;}\u00a0\u00bb][vc_column][mk_padding_divider size=\u00a0\u00bb30&Prime;][vc_row_inner][vc_column_inner width=\u00a0\u00bb2\/3&Prime;][mk_padding_divider size=\u00a0\u00bb10&Prime;][mk_fancy_title tag_name=\u00a0\u00bbh5&Prime; color=\u00a0\u00bb#ffffff\u00a0\u00bb size=\u00a0\u00bb30&Prime; font_weight=\u00a0\u00bb400&Prime; txt_transform=\u00a0\u00bbnone\u00a0\u00bb font_family=\u00a0\u00bbOpen+Sans\u00a0\u00bb font_type=\u00a0\u00bbgoogle\u00a0\u00bb align=\u00a0\u00bbcenter\u00a0\u00bb]Ce produit vous int\u00e9resse?[\/mk_fancy_title][\/vc_column_inner][vc_column_inner width=\u00a0\u00bb1\/3&Prime;][mk_button dimension=\u00a0\u00bbflat\u00a0\u00bb size=\u00a0\u00bblarge\u00a0\u00bb url=\u00a0\u00bbhttps:\/\/www.lisawms.com\/fr\/contact\/\u00a0\u00bb margin_right=\u00a0\u00bb0&Prime; bg_color=\u00a0\u00bb#ffffff\u00a0\u00bb btn_hover_bg=\u00a0\u00bb#dedede\u00a0\u00bb text_color=\u00a0\u00bbdark\u00a0\u00bb btn_hover_txt_color=\u00a0\u00bb#0a0a0a\u00a0\u00bb]CONTACTEZ-NOUS![\/mk_button][\/vc_column_inner][\/vc_row_inner][\/vc_column][\/vc_row][mk_page_section bg_image=\u00a0\u00bbhttp:\/\/www.lisawms.com\/wp-content\/uploads\/2015\/12\/projects-bg.jpg\u00a0\u00bb bg_color=\u00a0\u00bb#cccccc\u00a0\u00bb blend_mode=\u00a0\u00bboverlay\u00a0\u00bb bg_position=\u00a0\u00bbcenter top\u00a0\u00bb bg_repeat=\u00a0\u00bbno-repeat\u00a0\u00bb bg_stretch=\u00a0\u00bbtrue\u00a0\u00bb video_color_mask=\u00a0\u00bb#e8e8e8&Prime; video_opacity=\u00a0\u00bb0.7&Prime; sidebar=\u00a0\u00bbsidebar-1&Prime;][vc_column][mk_padding_divider size=\u00a0\u00bb30&Prime;][vc_column_text align=\u00a0\u00bbcenter\u00a0\u00bb css=\u00a0\u00bb.vc_custom_1509649861972{margin-bottom: 0px !important;}\u00a0\u00bb]\n<h4>Fonctionnalit\u00e9s de LISA ByDesign WMS<\/h4>\n[\/vc_column_text][mk_padding_divider size=\u00a0\u00bb15&Prime;][vc_row_inner][vc_column_inner width=\u00a0\u00bb1\/3&Prime;][mk_custom_list]\n<ul>\n<li>R\u00e9ception<\/li>\n<li>Plaques d\u2019identification<\/li>\n<li>Transbordement<\/li>\n<li>Placement<\/li>\n<li>Palettes de placement<\/li>\n<li>Transfert d&rsquo;inventaire (emplacement)<\/li>\n<li>Transfert d&rsquo;inventaire (palette)<\/li>\n<li>Transfert de lot<\/li>\n<li>Ajustement d\u2019inventaire<\/li>\n<\/ul>\n[\/mk_custom_list][\/vc_column_inner][vc_column_inner width=\u00a0\u00bb1\/3&Prime;][mk_custom_list]\n<ul>\n<li>Requ\u00eate d\u2019inventaire<\/li>\n<li>R\u00e9approvisionnement<\/li>\n<li>\u00c9cran de priorit\u00e9s de cueillette<\/li>\n<li>Attributions r\u00e9serv\u00e9es<\/li>\n<li>Cueillette<\/li>\n<li>Cueillette de lots<\/li>\n<li>Cueillette expresse<\/li>\n<li>Fermeture\u00a0\/ reconditionnement<\/li>\n<\/ul>\n[\/mk_custom_list][\/vc_column_inner][vc_column_inner width=\u00a0\u00bb1\/3&Prime;][mk_custom_list]\n<ul>\n<li>Replacement<\/li>\n<li>Exp\u00e9dition<\/li>\n<li>Exp\u00e9dition expresse<\/li>\n<li>D\u00e9compte cyclique<\/li>\n<li>Gestion de zones multiples<\/li>\n<li>Suivi de num\u00e9ros de s\u00e9rie<\/li>\n<li>Suivi de num\u00e9ros de lot<\/li>\n<li>Suivi de la date d\u2019expiration<\/li>\n<\/ul>\n[\/mk_custom_list][\/vc_column_inner][\/vc_row_inner][\/vc_column][\/mk_page_section][vc_row][vc_column][mk_padding_divider size=\u00a0\u00bb30&Prime;][mk_fancy_title color=\u00a0\u00bb#666666&Prime; size=\u00a0\u00bb40&Prime; font_weight=\u00a0\u00bb200&Prime; font_family=\u00a0\u00bbnone\u00a0\u00bb align=\u00a0\u00bbcenter\u00a0\u00bb]<strong><span style=\"color: #edaf23;\">LISA ByDesign WMS<\/span><\/strong><br \/>\nune solution dont l\u2019int\u00e9gration avec les applications SAP<br \/>\nest certifi\u00e9e par SAP[\/mk_fancy_title][mk_divider style=\u00a0\u00bbthin_solid\u00a0\u00bb divider_width=\u00a0\u00bbcustom_width\u00a0\u00bb custom_width=\u00a0\u00bb85&Prime; thickness=\u00a0\u00bb5&Prime; margin_top=\u00a0\u00bb0&Prime;][vc_column_text align=\u00a0\u00bbcenter\u00a0\u00bb css=\u00a0\u00bb.vc_custom_1509650068884{margin-bottom: 0px !important;}\u00a0\u00bb]LISA ByDesign est le seul module compl\u00e9mentaire offert sp\u00e9cifiquement pour SAP Business ByDesign. Il s\u2019int\u00e8gre \u00e0 SAP Business ByDesign pour accro\u00eetre ses fonctionnalit\u00e9s et automatiser les op\u00e9rations d\u2019entrep\u00f4t dans les environnements complexes de distribution et de vente en gros comptant de multiples entrep\u00f4ts et zones et o\u00f9 des activit\u00e9s dirig\u00e9es doivent \u00eatre ex\u00e9cut\u00e9es.[\/vc_column_text][mk_padding_divider size=\u00a0\u00bb30&Prime;][\/vc_column][\/vc_row][vc_row][vc_column][mk_padding_divider size=\u00a0\u00bb30&Prime;][vc_row_inner][vc_column_inner][vc_column_text css=\u00a0\u00bb.vc_custom_1669995460299{margin-bottom: 0px !important;}\u00a0\u00bb]\n<h3>TABLEAUX DE BORD ET CAPTURES D\u2019\u00c9CRAN DE SAP BUSINESS ByDesign WMS<\/h3>\n[\/vc_column_text][mk_padding_divider size=\u00a0\u00bb30&Prime;][vc_text_separator title=\u00a0\u00bbWEB\u00a0\u00bb color=\u00a0\u00bbcustom\u00a0\u00bb accent_color=\u00a0\u00bb#ebae24&Prime;][\/vc_column_inner][\/vc_row_inner][vc_row_inner][vc_column_inner width=\u00a0\u00bb1\/3&Prime;][vc_column_text css=\u00a0\u00bb.vc_custom_1670002418356{margin-bottom: 0px !important;}\u00a0\u00bb]\n<h4 style=\"text-align: center;\">TABLEAU DE BORD<\/h4>\n[\/vc_column_text][vc_single_image image=\u00a0\u00bb4535&Prime; img_size=\u00a0\u00bbfull\u00a0\u00bb onclick=\u00a0\u00bblink_image\u00a0\u00bb][\/vc_column_inner][vc_column_inner width=\u00a0\u00bb1\/3&Prime;][vc_column_text css=\u00a0\u00bb.vc_custom_1669995569894{margin-bottom: 0px !important;}\u00a0\u00bb]\n<h4 style=\"text-align: center;\">LISTE D\u2019INVENTAIRE<\/h4>\n[\/vc_column_text][vc_single_image image=\u00a0\u00bb4649&Prime; img_size=\u00a0\u00bbfull\u00a0\u00bb onclick=\u00a0\u00bblink_image\u00a0\u00bb][\/vc_column_inner][vc_column_inner width=\u00a0\u00bb1\/3&Prime;][vc_column_text css=\u00a0\u00bb.vc_custom_1670003616144{margin-bottom: 0px !important;}\u00a0\u00bb]\n<h4 style=\"text-align: center;\">PRIORIT\u00c9 DE cueillette<\/h4>\n[\/vc_column_text][vc_single_image image=\u00a0\u00bb4652&Prime; img_size=\u00a0\u00bbfull\u00a0\u00bb onclick=\u00a0\u00bblink_image\u00a0\u00bb][\/vc_column_inner][\/vc_row_inner][vc_text_separator title=\u00a0\u00bbAPPLICATION\u00a0\u00bb color=\u00a0\u00bbcustom\u00a0\u00bb accent_color=\u00a0\u00bb#ebae24&Prime;][vc_row_inner][vc_column_inner width=\u00a0\u00bb1\/4&Prime;][vc_column_text css=\u00a0\u00bb.vc_custom_1670002427365{margin-bottom: 0px !important;}\u00a0\u00bb]\n<h4 style=\"text-align: center;\">MENU<\/h4>\n[\/vc_column_text][vc_single_image image=\u00a0\u00bb4603&Prime; img_size=\u00a0\u00bbfull\u00a0\u00bb][\/vc_column_inner][vc_column_inner width=\u00a0\u00bb1\/4&Prime;][vc_column_text css=\u00a0\u00bb.vc_custom_1670002435073{margin-bottom: 0px !important;}\u00a0\u00bb]\n<h4 style=\"text-align: center;\">entrant<\/h4>\n[\/vc_column_text][vc_single_image image=\u00a0\u00bb4600&Prime; img_size=\u00a0\u00bbfull\u00a0\u00bb][\/vc_column_inner][vc_column_inner width=\u00a0\u00bb1\/4&Prime;][vc_column_text css=\u00a0\u00bb.vc_custom_1670002446041{margin-bottom: 0px !important;}\u00a0\u00bb]\n<h4 style=\"text-align: center;\">sortant<\/h4>\n[\/vc_column_text][vc_single_image image=\u00a0\u00bb4601&Prime; img_size=\u00a0\u00bbfull\u00a0\u00bb][\/vc_column_inner][vc_column_inner width=\u00a0\u00bb1\/4&Prime;][vc_column_text css=\u00a0\u00bb.vc_custom_1670002460436{margin-bottom: 0px !important;}\u00a0\u00bb]\n<h4 style=\"text-align: center;\">production<\/h4>\n[\/vc_column_text][vc_single_image image=\u00a0\u00bb4602&Prime; img_size=\u00a0\u00bbfull\u00a0\u00bb][\/vc_column_inner][\/vc_row_inner][mk_padding_divider size=\u00a0\u00bb30&Prime;][\/vc_column][\/vc_row][vc_row fullwidth=\u00a0\u00bbtrue\u00a0\u00bb fullwidth_content=\u00a0\u00bbfalse\u00a0\u00bb css=\u00a0\u00bb.vc_custom_1507158730214{background-color: #edaf23 !important;}\u00a0\u00bb][vc_column][mk_padding_divider size=\u00a0\u00bb30&Prime;][vc_row_inner][vc_column_inner width=\u00a0\u00bb2\/3&Prime;][mk_padding_divider size=\u00a0\u00bb10&Prime;][mk_fancy_title tag_name=\u00a0\u00bbh5&Prime; color=\u00a0\u00bb#ffffff\u00a0\u00bb size=\u00a0\u00bb30&Prime; font_weight=\u00a0\u00bb400&Prime; txt_transform=\u00a0\u00bbnone\u00a0\u00bb font_family=\u00a0\u00bbOpen+Sans\u00a0\u00bb font_type=\u00a0\u00bbgoogle\u00a0\u00bb align=\u00a0\u00bbcenter\u00a0\u00bb]En savoir plus sur notre module WMS[\/mk_fancy_title][\/vc_column_inner][vc_column_inner width=\u00a0\u00bb1\/3&Prime;][mk_button dimension=\u00a0\u00bbflat\u00a0\u00bb size=\u00a0\u00bblarge\u00a0\u00bb url=\u00a0\u00bbhttps:\/\/www.lisawms.com\/fr\/contact\/\u00a0\u00bb margin_right=\u00a0\u00bb0&Prime; bg_color=\u00a0\u00bb#ffffff\u00a0\u00bb btn_hover_bg=\u00a0\u00bb#dedede\u00a0\u00bb text_color=\u00a0\u00bbdark\u00a0\u00bb btn_hover_txt_color=\u00a0\u00bb#0a0a0a\u00a0\u00bb]PLANIFIER UNE RENCONTRE[\/mk_button][\/vc_column_inner][\/vc_row_inner][\/vc_column][\/vc_row]\n<\/div>","protected":false},"excerpt":{"rendered":"<p>[mk_page_section bg_image=\u00a0\u00bbhttp:\/\/www.lisawms.com\/wp-content\/uploads\/2017\/09\/products_header.jpg\u00a0\u00bb bg_color=\u00a0\u00bb#edaf23&Prime; blend_mode=\u00a0\u00bbluminosity\u00a0\u00bb bg_position=\u00a0\u00bbcenter center\u00a0\u00bb bg_repeat=\u00a0\u00bbno-repeat\u00a0\u00bb bg_stretch=\u00a0\u00bbtrue\u00a0\u00bb enable_3d=\u00a0\u00bbtrue\u00a0\u00bb speed_factor=\u00a0\u00bb0.6&Prime; bg_gradient=\u00a0\u00bbleft_bottom\u00a0\u00bb video_color_mask=\u00a0\u00bb#223356&Prime; gr_end=\u00a0\u00bb#edaf23&Prime; video_opacity=\u00a0\u00bb0.8&Prime; min_height=\u00a0\u00bb325&Prime; full_width=\u00a0\u00bbtrue\u00a0\u00bb padding_top=\u00a0\u00bb110&Prime; padding_bottom=\u00a0\u00bb90&Prime; animation=\u00a0\u00bbbottom-to-top\u00a0\u00bb sidebar=\u00a0\u00bbsidebar-1&Prime;][vc_column][mk_fancy_title color=\u00a0\u00bb#ffffff\u00a0\u00bb size=\u00a0\u00bb100&Prime; font_weight=\u00a0\u00bb100&Prime; font_family=\u00a0\u00bbnone\u00a0\u00bb align=\u00a0\u00bbcenter\u00a0\u00bb]ByDesign WMS[\/mk_fancy_title][\/vc_column][\/mk_page_section][vc_row][vc_column][mk_padding_divider size=\u00a0\u00bb80&Prime;][\/vc_column][\/vc_row][vc_row css=\u00a0\u00bb.vc_custom_1505779317433{margin-bottom: 40px !important;}\u00a0\u00bb][vc_column width=\u00a0\u00bb2\/3&Prime;][mk_fancy_title size=\u00a0\u00bb30&Prime; font_family=\u00a0\u00bbnone\u00a0\u00bb] LISA BYDESIGN WMS POUR SAP BUSINESS BYDESIGN [\/mk_fancy_title][vc_column_text css=\u00a0\u00bb.vc_custom_1527886387595{margin-bottom: 0px !important;}\u00a0\u00bb]La solution LISA ByDesign WMS est con\u00e7ue pour \u00e9tendre la puissance de [&hellip;]<\/p>\n","protected":false},"author":1,"featured_media":0,"parent":867,"menu_order":-980,"comment_status":"closed","ping_status":"closed","template":"","meta":{"footnotes":""},"class_list":["post-874","page","type-page","status-publish","hentry"],"yoast_head":"<!-- This site is optimized with the Yoast SEO plugin v27.5 - https:\/\/yoast.com\/product\/yoast-seo-wordpress\/ -->\n<title>LISA ByDesign WMS pour SAP Business ByDesign | Lisa Distribution<\/title>\n<meta name=\"description\" content=\"La solution LISA ByDesign WMS est con\u00e7ue pour \u00e9tendre la puissance de SAP Business ByDesign en s\u2019adaptant entre les op\u00e9rations relativement simples des PMEs\" \/>\n<meta name=\"robots\" content=\"index, follow, max-snippet:-1, max-image-preview:large, max-video-preview:-1\" \/>\n<link rel=\"canonical\" href=\"https:\/\/www.lisawms.com\/fr\/produits\/lisa-bydesign-wms-pour-sap-business-bydesign\/\" \/>\n<meta property=\"og:locale\" content=\"fr_FR\" \/>\n<meta property=\"og:type\" content=\"article\" \/>\n<meta property=\"og:title\" content=\"LISA ByDesign WMS pour SAP Business ByDesign | Lisa Distribution\" \/>\n<meta property=\"og:description\" content=\"La solution LISA ByDesign WMS est con\u00e7ue pour \u00e9tendre la puissance de SAP Business ByDesign en s\u2019adaptant entre les op\u00e9rations relativement simples des PMEs\" \/>\n<meta property=\"og:url\" content=\"https:\/\/www.lisawms.com\/fr\/produits\/lisa-bydesign-wms-pour-sap-business-bydesign\/\" \/>\n<meta property=\"og:site_name\" content=\"LISA Distribution\" \/>\n<meta property=\"article:publisher\" content=\"https:\/\/www.facebook.com\/nwaretechnologies\" \/>\n<meta property=\"article:modified_time\" content=\"2022-12-02T17:54:08+00:00\" \/>\n<meta name=\"twitter:card\" content=\"summary_large_image\" \/>\n<meta name=\"twitter:site\" content=\"@LISAtalksWMS\" \/>\n<meta name=\"twitter:label1\" content=\"Dur\u00e9e de lecture estim\u00e9e\" \/>\n\t<meta name=\"twitter:data1\" content=\"3 minutes\" \/>\n<script type=\"application\/ld+json\" class=\"yoast-schema-graph\">{\"@context\":\"https:\\\/\\\/schema.org\",\"@graph\":[{\"@type\":\"WebPage\",\"@id\":\"https:\\\/\\\/www.lisawms.com\\\/fr\\\/produits\\\/lisa-bydesign-wms-pour-sap-business-bydesign\\\/\",\"url\":\"https:\\\/\\\/www.lisawms.com\\\/fr\\\/produits\\\/lisa-bydesign-wms-pour-sap-business-bydesign\\\/\",\"name\":\"LISA ByDesign WMS pour SAP Business ByDesign | Lisa Distribution\",\"isPartOf\":{\"@id\":\"https:\\\/\\\/www.lisawms.com\\\/#website\"},\"datePublished\":\"2017-09-25T18:06:18+00:00\",\"dateModified\":\"2022-12-02T17:54:08+00:00\",\"description\":\"La solution LISA ByDesign WMS est con\u00e7ue pour \u00e9tendre la puissance de SAP Business ByDesign en s\u2019adaptant entre les op\u00e9rations relativement simples des PMEs\",\"breadcrumb\":{\"@id\":\"https:\\\/\\\/www.lisawms.com\\\/fr\\\/produits\\\/lisa-bydesign-wms-pour-sap-business-bydesign\\\/#breadcrumb\"},\"inLanguage\":\"fr-FR\",\"potentialAction\":[{\"@type\":\"ReadAction\",\"target\":[\"https:\\\/\\\/www.lisawms.com\\\/fr\\\/produits\\\/lisa-bydesign-wms-pour-sap-business-bydesign\\\/\"]}]},{\"@type\":\"BreadcrumbList\",\"@id\":\"https:\\\/\\\/www.lisawms.com\\\/fr\\\/produits\\\/lisa-bydesign-wms-pour-sap-business-bydesign\\\/#breadcrumb\",\"itemListElement\":[{\"@type\":\"ListItem\",\"position\":1,\"name\":\"Accueil\",\"item\":\"https:\\\/\\\/www.lisawms.com\\\/fr\\\/\"},{\"@type\":\"ListItem\",\"position\":2,\"name\":\"Produits\",\"item\":\"https:\\\/\\\/www.lisawms.com\\\/fr\\\/produits\\\/\"},{\"@type\":\"ListItem\",\"position\":3,\"name\":\"LISA ByDesign WMS pour SAP Business ByDesign\"}]},{\"@type\":\"WebSite\",\"@id\":\"https:\\\/\\\/www.lisawms.com\\\/#website\",\"url\":\"https:\\\/\\\/www.lisawms.com\\\/\",\"name\":\"LISA WMS\",\"description\":\"Wharehouse distribution made easy\",\"publisher\":{\"@id\":\"https:\\\/\\\/www.lisawms.com\\\/#organization\"},\"potentialAction\":[{\"@type\":\"SearchAction\",\"target\":{\"@type\":\"EntryPoint\",\"urlTemplate\":\"https:\\\/\\\/www.lisawms.com\\\/?s={search_term_string}\"},\"query-input\":{\"@type\":\"PropertyValueSpecification\",\"valueRequired\":true,\"valueName\":\"search_term_string\"}}],\"inLanguage\":\"fr-FR\"},{\"@type\":\"Organization\",\"@id\":\"https:\\\/\\\/www.lisawms.com\\\/#organization\",\"name\":\"LISA WMS\",\"url\":\"https:\\\/\\\/www.lisawms.com\\\/\",\"logo\":{\"@type\":\"ImageObject\",\"inLanguage\":\"fr-FR\",\"@id\":\"https:\\\/\\\/www.lisawms.com\\\/#\\\/schema\\\/logo\\\/image\\\/\",\"url\":\"http:\\\/\\\/www.lisawms.com\\\/wp-content\\\/uploads\\\/2018\\\/03\\\/logo-lisa-distribution.png\",\"contentUrl\":\"http:\\\/\\\/www.lisawms.com\\\/wp-content\\\/uploads\\\/2018\\\/03\\\/logo-lisa-distribution.png\",\"width\":426,\"height\":180,\"caption\":\"LISA WMS\"},\"image\":{\"@id\":\"https:\\\/\\\/www.lisawms.com\\\/#\\\/schema\\\/logo\\\/image\\\/\"},\"sameAs\":[\"https:\\\/\\\/www.facebook.com\\\/nwaretechnologies\",\"https:\\\/\\\/x.com\\\/LISAtalksWMS\",\"https:\\\/\\\/www.linkedin.com\\\/company\\\/145448\",\"https:\\\/\\\/www.youtube.com\\\/channel\\\/UCl-HuOQf5YngwlixhS0SAbg\"]}]}<\/script>\n<!-- \/ Yoast SEO plugin. -->","yoast_head_json":{"title":"LISA ByDesign WMS pour SAP Business ByDesign | Lisa Distribution","description":"La solution LISA ByDesign WMS est con\u00e7ue pour \u00e9tendre la puissance de SAP Business ByDesign en s\u2019adaptant entre les op\u00e9rations relativement simples des PMEs","robots":{"index":"index","follow":"follow","max-snippet":"max-snippet:-1","max-image-preview":"max-image-preview:large","max-video-preview":"max-video-preview:-1"},"canonical":"https:\/\/www.lisawms.com\/fr\/produits\/lisa-bydesign-wms-pour-sap-business-bydesign\/","og_locale":"fr_FR","og_type":"article","og_title":"LISA ByDesign WMS pour SAP Business ByDesign | Lisa Distribution","og_description":"La solution LISA ByDesign WMS est con\u00e7ue pour \u00e9tendre la puissance de SAP Business ByDesign en s\u2019adaptant entre les op\u00e9rations relativement simples des PMEs","og_url":"https:\/\/www.lisawms.com\/fr\/produits\/lisa-bydesign-wms-pour-sap-business-bydesign\/","og_site_name":"LISA Distribution","article_publisher":"https:\/\/www.facebook.com\/nwaretechnologies","article_modified_time":"2022-12-02T17:54:08+00:00","twitter_card":"summary_large_image","twitter_site":"@LISAtalksWMS","twitter_misc":{"Dur\u00e9e de lecture estim\u00e9e":"3 minutes"},"schema":{"@context":"https:\/\/schema.org","@graph":[{"@type":"WebPage","@id":"https:\/\/www.lisawms.com\/fr\/produits\/lisa-bydesign-wms-pour-sap-business-bydesign\/","url":"https:\/\/www.lisawms.com\/fr\/produits\/lisa-bydesign-wms-pour-sap-business-bydesign\/","name":"LISA ByDesign WMS pour SAP Business ByDesign | Lisa Distribution","isPartOf":{"@id":"https:\/\/www.lisawms.com\/#website"},"datePublished":"2017-09-25T18:06:18+00:00","dateModified":"2022-12-02T17:54:08+00:00","description":"La solution LISA ByDesign WMS est con\u00e7ue pour \u00e9tendre la puissance de SAP Business ByDesign en s\u2019adaptant entre les op\u00e9rations relativement simples des PMEs","breadcrumb":{"@id":"https:\/\/www.lisawms.com\/fr\/produits\/lisa-bydesign-wms-pour-sap-business-bydesign\/#breadcrumb"},"inLanguage":"fr-FR","potentialAction":[{"@type":"ReadAction","target":["https:\/\/www.lisawms.com\/fr\/produits\/lisa-bydesign-wms-pour-sap-business-bydesign\/"]}]},{"@type":"BreadcrumbList","@id":"https:\/\/www.lisawms.com\/fr\/produits\/lisa-bydesign-wms-pour-sap-business-bydesign\/#breadcrumb","itemListElement":[{"@type":"ListItem","position":1,"name":"Accueil","item":"https:\/\/www.lisawms.com\/fr\/"},{"@type":"ListItem","position":2,"name":"Produits","item":"https:\/\/www.lisawms.com\/fr\/produits\/"},{"@type":"ListItem","position":3,"name":"LISA ByDesign WMS pour SAP Business ByDesign"}]},{"@type":"WebSite","@id":"https:\/\/www.lisawms.com\/#website","url":"https:\/\/www.lisawms.com\/","name":"LISA WMS","description":"Wharehouse distribution made easy","publisher":{"@id":"https:\/\/www.lisawms.com\/#organization"},"potentialAction":[{"@type":"SearchAction","target":{"@type":"EntryPoint","urlTemplate":"https:\/\/www.lisawms.com\/?s={search_term_string}"},"query-input":{"@type":"PropertyValueSpecification","valueRequired":true,"valueName":"search_term_string"}}],"inLanguage":"fr-FR"},{"@type":"Organization","@id":"https:\/\/www.lisawms.com\/#organization","name":"LISA WMS","url":"https:\/\/www.lisawms.com\/","logo":{"@type":"ImageObject","inLanguage":"fr-FR","@id":"https:\/\/www.lisawms.com\/#\/schema\/logo\/image\/","url":"http:\/\/www.lisawms.com\/wp-content\/uploads\/2018\/03\/logo-lisa-distribution.png","contentUrl":"http:\/\/www.lisawms.com\/wp-content\/uploads\/2018\/03\/logo-lisa-distribution.png","width":426,"height":180,"caption":"LISA WMS"},"image":{"@id":"https:\/\/www.lisawms.com\/#\/schema\/logo\/image\/"},"sameAs":["https:\/\/www.facebook.com\/nwaretechnologies","https:\/\/x.com\/LISAtalksWMS","https:\/\/www.linkedin.com\/company\/145448","https:\/\/www.youtube.com\/channel\/UCl-HuOQf5YngwlixhS0SAbg"]}]}},"_links":{"self":[{"href":"https:\/\/www.lisawms.com\/fr\/wp-json\/wp\/v2\/pages\/874","targetHints":{"allow":["GET"]}}],"collection":[{"href":"https:\/\/www.lisawms.com\/fr\/wp-json\/wp\/v2\/pages"}],"about":[{"href":"https:\/\/www.lisawms.com\/fr\/wp-json\/wp\/v2\/types\/page"}],"author":[{"embeddable":true,"href":"https:\/\/www.lisawms.com\/fr\/wp-json\/wp\/v2\/users\/1"}],"replies":[{"embeddable":true,"href":"https:\/\/www.lisawms.com\/fr\/wp-json\/wp\/v2\/comments?post=874"}],"version-history":[{"count":0,"href":"https:\/\/www.lisawms.com\/fr\/wp-json\/wp\/v2\/pages\/874\/revisions"}],"up":[{"embeddable":true,"href":"https:\/\/www.lisawms.com\/fr\/wp-json\/wp\/v2\/pages\/867"}],"wp:attachment":[{"href":"https:\/\/www.lisawms.com\/fr\/wp-json\/wp\/v2\/media?parent=874"}],"curies":[{"name":"wp","href":"https:\/\/api.w.org\/{rel}","templated":true}]}}