{"id":774,"date":"2015-12-03T13:39:46","date_gmt":"2015-12-03T13:39:46","guid":{"rendered":"http:\/\/mr-futon.com\/home\/"},"modified":"2023-11-07T15:20:08","modified_gmt":"2023-11-07T19:20:08","slug":"home","status":"publish","type":"page","link":"https:\/\/www.lisawms.com\/fr\/","title":{"rendered":"Accueil"},"content":{"rendered":"<div class=\"wpb-content-wrapper\">[mk_page_section bg_image=\u00a0\u00bbhttp:\/\/www.lisawms.com\/wp-content\/uploads\/2020\/07\/warehouse_home_page_lisa_no_filter.jpg\u00a0\u00bb bg_color=\u00a0\u00bb#223356&Prime; blend_mode=\u00a0\u00bbluminosity\u00a0\u00bb bg_position=\u00a0\u00bbcenter bottom\u00a0\u00bb bg_stretch=\u00a0\u00bbtrue\u00a0\u00bb enable_3d=\u00a0\u00bbtrue\u00a0\u00bb speed_factor=\u00a0\u00bb0.6&Prime; video_color_mask=\u00a0\u00bb#223356&Prime; video_opacity=\u00a0\u00bb0.87&Prime; min_height=\u00a0\u00bb400&Prime; full_width=\u00a0\u00bbtrue\u00a0\u00bb padding_top=\u00a0\u00bb125&Prime; padding_bottom=\u00a0\u00bb125&Prime; sidebar=\u00a0\u00bbsidebar-1&Prime;][vc_column][mk_fancy_title tag_name=\u00a0\u00bbh1&Prime; color=\u00a0\u00bb#ffffff\u00a0\u00bb size=\u00a0\u00bb70&Prime; font_weight=\u00a0\u00bb400&Prime; txt_transform=\u00a0\u00bbuppercase\u00a0\u00bb font_family=\u00a0\u00bbnone\u00a0\u00bb align=\u00a0\u00bbcenter\u00a0\u00bb animation=\u00a0\u00bbbottom-to-top\u00a0\u00bb]\n<h1 style=\"text-align: center;\"><span style=\"color: #ffffff;\">GESTION MANUFACTURI\u00c8RE ET DISTRIBUTION<\/span> <strong><span style=\"color: #edaf23;\">(WMS)<\/span><\/strong>\u00a0<span style=\"color: #ffffff;\">AVANC\u00c9E<\/span><br \/>\n<span style=\"color: #ffffff;\">POUR<\/span>\u00a0<strong><span style=\"color: #edaf23;\">SAP BUSINESS ONE<\/span><\/strong> <span style=\"color: #ffffff;\">ET<\/span> <strong><span style=\"color: #edaf23;\">SAP BUSINESS BYDESIGN<\/span><\/strong><\/h1>\n[\/mk_fancy_title][\/vc_column][\/mk_page_section][vc_row fullwidth=\u00a0\u00bbtrue\u00a0\u00bb][vc_column][mk_padding_divider size=\u00a0\u00bb80&Prime;][mk_fancy_title color=\u00a0\u00bb#666666&Prime; size=\u00a0\u00bb40&Prime; font_weight=\u00a0\u00bb200&Prime; margin_bottom=\u00a0\u00bb5&Prime; font_family=\u00a0\u00bbnone\u00a0\u00bb align=\u00a0\u00bbcenter\u00a0\u00bb]\n<h2><b><span style=\"color: #666666;\">EXPLOREZ NOS MODULES DE GESTION INT\u00c9GR\u00c9S<\/span><\/b><\/h2>\n<h2><b><span style=\"color: #999999;\">S\u00c9LECTIONNEZ VOTRE SOLUTION SAP<\/span><br \/>\n<\/b><\/h2>\n[\/mk_fancy_title][mk_divider style=\u00a0\u00bbthin_solid\u00a0\u00bb divider_width=\u00a0\u00bbcustom_width\u00a0\u00bb custom_width=\u00a0\u00bb86&Prime; thin_single_color=\u00a0\u00bb#999999&Prime; thickness=\u00a0\u00bb5&Prime; margin_top=\u00a0\u00bb0&Prime;][mk_padding_divider size=\u00a0\u00bb20&Prime;][\/vc_column][\/vc_row][vc_row][vc_column width=\u00a0\u00bb2\/3&Prime;][mk_custom_box corner_radius=\u00a0\u00bb4&Prime; bg_color=\u00a0\u00bb#ffffff\u00a0\u00bb border_color_style=\u00a0\u00bbsingle_color\u00a0\u00bb border_color=\u00a0\u00bb#000000&Prime; border_width=\u00a0\u00bb2&Prime; overlay_color=\u00a0\u00bb#ffffff\u00a0\u00bb][vc_single_image image=\u00a0\u00bb3678&Prime; img_size=\u00a0\u00bbfull\u00a0\u00bb alignment=\u00a0\u00bbcenter\u00a0\u00bb][vc_separator border_width=\u00a0\u00bb2&Prime; el_width=\u00a0\u00bb40&Prime;][vc_row_inner][vc_column_inner width=\u00a0\u00bb1\/2&Prime;][vc_single_image image=\u00a0\u00bb3675&Prime; img_size=\u00a0\u00bbfull\u00a0\u00bb alignment=\u00a0\u00bbcenter\u00a0\u00bb][vc_separator border_width=\u00a0\u00bb2&Prime; el_width=\u00a0\u00bb40&Prime;][vc_column_text css=\u00a0\u00bb.vc_custom_1599070409797{margin-bottom: 0px !important;}\u00a0\u00bb]\n<h4 style=\"text-align: center;\"><span style=\"color: #223356;\">LISA WMS certifi\u00e9<br \/>\npour SAP Business One<\/span><\/h4>\n<p style=\"text-align: center;\"><em>Gestion d&rsquo;entrep\u00f4ts (WMS) et num\u00e9risation <\/em><br \/>\n<em>de codes-barres certifi\u00e9 pour SAP B1<\/em><\/p>\n[\/vc_column_text][mk_button size=\u00a0\u00bblarge\u00a0\u00bb url=\u00a0\u00bbhttps:\/\/www.lisawms.com\/fr\/produits\/lisa-wms-pour-sap-business-one\/\u00a0\u00bb align=\u00a0\u00bbcenter\u00a0\u00bb bg_color=\u00a0\u00bb#223356&Prime;]D\u00c9COUVRIR LISA WMS[\/mk_button][\/vc_column_inner][vc_column_inner width=\u00a0\u00bb1\/2&Prime;][vc_single_image image=\u00a0\u00bb3684&Prime; img_size=\u00a0\u00bbfull\u00a0\u00bb alignment=\u00a0\u00bbcenter\u00a0\u00bb][mk_padding_divider][vc_separator border_width=\u00a0\u00bb2&Prime; el_width=\u00a0\u00bb40&Prime;][vc_column_text css=\u00a0\u00bb.vc_custom_1599071136198{margin-bottom: 0px !important;}\u00a0\u00bb]\n<h4 style=\"text-align: center;\"><span style=\"color: #223356;\">PDC-One<br \/>\npour SAP Business One<\/span><\/h4>\n<p style=\"text-align: center;\"><em>Tableau de bord et suivi<br \/>\nde production pour SAP B1<\/em><\/p>\n[\/vc_column_text][mk_button size=\u00a0\u00bblarge\u00a0\u00bb url=\u00a0\u00bb\/fr\/produits\/pdc-one_pour_sap_business_one\/\u00a0\u00bb align=\u00a0\u00bbcenter\u00a0\u00bb bg_color=\u00a0\u00bb#223356&Prime;]D\u00c9COUVRIR PDC-ONE[\/mk_button][\/vc_column_inner][\/vc_row_inner][\/mk_custom_box][\/vc_column][vc_column width=\u00a0\u00bb1\/3&Prime;][mk_custom_box corner_radius=\u00a0\u00bb4&Prime; bg_color=\u00a0\u00bb#ffffff\u00a0\u00bb border_color_style=\u00a0\u00bbsingle_color\u00a0\u00bb border_color=\u00a0\u00bb#000000&Prime; border_width=\u00a0\u00bb2&Prime; overlay_color=\u00a0\u00bb#ffffff\u00a0\u00bb][vc_single_image image=\u00a0\u00bb3681&Prime; img_size=\u00a0\u00bbfull\u00a0\u00bb alignment=\u00a0\u00bbcenter\u00a0\u00bb][vc_separator border_width=\u00a0\u00bb2&Prime; el_width=\u00a0\u00bb40&Prime;][vc_single_image image=\u00a0\u00bb3675&Prime; img_size=\u00a0\u00bbfull\u00a0\u00bb alignment=\u00a0\u00bbcenter\u00a0\u00bb][vc_separator border_width=\u00a0\u00bb2&Prime; el_width=\u00a0\u00bb40&Prime;][vc_column_text css=\u00a0\u00bb.vc_custom_1599070459973{margin-bottom: 0px !important;}\u00a0\u00bb]\n<h4 style=\"text-align: center;\"><span style=\"color: #223356;\">LISA WMS pour<br \/>\n<\/span><span style=\"color: #223356;\">SAP Business BYDESIGN<\/span><\/h4>\n<p style=\"text-align: center;\"><em>Gestion d\u2019entrep\u00f4t et syst\u00e8me<br \/>\nde codes-barres pour SAP ByD<\/em><\/p>\n[\/vc_column_text][mk_button size=\u00a0\u00bblarge\u00a0\u00bb url=\u00a0\u00bb\/fr\/produits\/lisa-bydesign-wms-pour-sap-business-bydesign\/\u00a0\u00bb align=\u00a0\u00bbcenter\u00a0\u00bb bg_color=\u00a0\u00bb#223356&Prime;]D\u00c9COUVRIR LISA WMS BYD[\/mk_button][\/mk_custom_box][\/vc_column][\/vc_row][vc_row][vc_column][mk_padding_divider][\/vc_column][\/vc_row][vc_row fullwidth=\u00a0\u00bbtrue\u00a0\u00bb fullwidth_content=\u00a0\u00bbfalse\u00a0\u00bb css=\u00a0\u00bb.vc_custom_1507158730214{background-color: #edaf23 !important;}\u00a0\u00bb][vc_column][mk_padding_divider size=\u00a0\u00bb30&Prime;][vc_row_inner][vc_column_inner width=\u00a0\u00bb2\/3&Prime;][mk_padding_divider size=\u00a0\u00bb10&Prime;][mk_fancy_title tag_name=\u00a0\u00bbh5&Prime; color=\u00a0\u00bb#ffffff\u00a0\u00bb size=\u00a0\u00bb30&Prime; font_weight=\u00a0\u00bb400&Prime; txt_transform=\u00a0\u00bbnone\u00a0\u00bb font_family=\u00a0\u00bbOpen+Sans\u00a0\u00bb font_type=\u00a0\u00bbgoogle\u00a0\u00bb align=\u00a0\u00bbcenter\u00a0\u00bb]PLANIFIEZ UNE D\u00c9MONSTRATION[\/mk_fancy_title][\/vc_column_inner][vc_column_inner width=\u00a0\u00bb1\/3&Prime;][mk_button dimension=\u00a0\u00bbflat\u00a0\u00bb size=\u00a0\u00bblarge\u00a0\u00bb url=\u00a0\u00bbhttps:\/\/www.lisawms.com\/fr\/contact\/\u00a0\u00bb margin_right=\u00a0\u00bb0&Prime; bg_color=\u00a0\u00bb#ffffff\u00a0\u00bb btn_hover_bg=\u00a0\u00bb#dedede\u00a0\u00bb text_color=\u00a0\u00bbdark\u00a0\u00bb btn_hover_txt_color=\u00a0\u00bb#0a0a0a\u00a0\u00bb]CONTACTEZ-NOUS[\/mk_button][\/vc_column_inner][\/vc_row_inner][\/vc_column][\/vc_row][mk_page_section bg_image=\u00a0\u00bbhttp:\/\/www.lisawms.com\/wp-content\/uploads\/2015\/12\/shutterstock_133329239.jpg\u00a0\u00bb bg_color=\u00a0\u00bb#525252&Prime; blend_mode=\u00a0\u00bbluminosity\u00a0\u00bb bg_position=\u00a0\u00bbcenter center\u00a0\u00bb bg_repeat=\u00a0\u00bbno-repeat\u00a0\u00bb bg_stretch=\u00a0\u00bbtrue\u00a0\u00bb speed_factor=\u00a0\u00bb0.5&Prime; video_color_mask=\u00a0\u00bb#223356&Prime; video_opacity=\u00a0\u00bb0.87&Prime; min_height=\u00a0\u00bb500&Prime; padding_top=\u00a0\u00bb80&Prime; padding_bottom=\u00a0\u00bb165&Prime; sidebar=\u00a0\u00bbsidebar-1&Prime;][vc_column][mk_fancy_title tag_name=\u00a0\u00bbh3&Prime; color=\u00a0\u00bb#ffffff\u00a0\u00bb size=\u00a0\u00bb40&Prime; font_weight=\u00a0\u00bb400&Prime; txt_transform=\u00a0\u00bbuppercase\u00a0\u00bb margin_bottom=\u00a0\u00bb5&Prime; font_family=\u00a0\u00bbnone\u00a0\u00bb align=\u00a0\u00bbcenter\u00a0\u00bb]D\u00c9COUVREZ LE SUCC\u00c8S DE NOS CLIENTS![\/mk_fancy_title][vc_column_text css=\u00a0\u00bb.vc_custom_1599071047925{margin-bottom: 0px !important;}\u00a0\u00bb]\n<h4 style=\"text-align: center; color: #edaf23;\">Nous aidons les PME comme la v\u00f4tre \u00e0 rationaliser leur cha\u00eene d\u2019approvisionnement!<\/h4>\n[\/vc_column_text][mk_padding_divider size=\u00a0\u00bb50&Prime;][vc_row_inner][vc_column_inner width=\u00a0\u00bb1\/2&Prime;][mk_custom_box padding_vertical=\u00a0\u00bb20&Prime; margin_bottom=\u00a0\u00bb0&Prime; drop_shadow=\u00a0\u00bbtrue\u00a0\u00bb][vc_video link=\u00a0\u00bbhttps:\/\/youtu.be\/rTH9bN0RnoI\u00a0\u00bb][\/mk_custom_box][mk_padding_divider visibility=\u00a0\u00bbvisible-sm\u00a0\u00bb][\/vc_column_inner][vc_column_inner width=\u00a0\u00bb1\/2&Prime;][mk_custom_box padding_vertical=\u00a0\u00bb20&Prime; margin_bottom=\u00a0\u00bb0&Prime; drop_shadow=\u00a0\u00bbtrue\u00a0\u00bb][vc_video link=\u00a0\u00bbhttps:\/\/youtu.be\/4eTFtHDohGY\u00a0\u00bb][vc_column_text css=\u00a0\u00bb.vc_custom_1507162456901{margin-bottom: 0px !important;}\u00a0\u00bb][\/vc_column_text][\/mk_custom_box][\/vc_column_inner][\/vc_row_inner][\/vc_column][\/mk_page_section][vc_row][vc_column][mk_padding_divider size=\u00a0\u00bb80&Prime;][mk_fancy_title color=\u00a0\u00bb#666666&Prime; size=\u00a0\u00bb40&Prime; font_weight=\u00a0\u00bb200&Prime; margin_bottom=\u00a0\u00bb5&Prime; font_family=\u00a0\u00bbnone\u00a0\u00bb align=\u00a0\u00bbcenter\u00a0\u00bb]<b>NOUVELLES\u00a0<\/b><span style=\"color: #939393;\"><b>R\u00c9CENTES<\/b><\/span>[\/mk_fancy_title][mk_divider style=\u00a0\u00bbthin_solid\u00a0\u00bb divider_width=\u00a0\u00bbcustom_width\u00a0\u00bb custom_width=\u00a0\u00bb86&Prime; thin_single_color=\u00a0\u00bb#999999&Prime; thickness=\u00a0\u00bb5&Prime; margin_top=\u00a0\u00bb0&Prime;][mk_padding_divider][mk_blog_carousel cat=\u00a0\u00bb10&Prime;][mk_padding_divider size=\u00a0\u00bb80&Prime;][\/vc_column][\/vc_row][mk_page_section bg_image=\u00a0\u00bbhttp:\/\/www.lisawms.com\/wp-content\/uploads\/2015\/12\/26112986_high.jpg\u00a0\u00bb bg_color=\u00a0\u00bb#525252&Prime; blend_mode=\u00a0\u00bbluminosity\u00a0\u00bb bg_position=\u00a0\u00bbcenter center\u00a0\u00bb bg_repeat=\u00a0\u00bbno-repeat\u00a0\u00bb bg_stretch=\u00a0\u00bbtrue\u00a0\u00bb speed_factor=\u00a0\u00bb0.5&Prime; video_color_mask=\u00a0\u00bb#223356&Prime; video_opacity=\u00a0\u00bb0.87&Prime; min_height=\u00a0\u00bb500&Prime; padding_top=\u00a0\u00bb80&Prime; padding_bottom=\u00a0\u00bb65&Prime; sidebar=\u00a0\u00bbsidebar-1&Prime;][vc_column][mk_fancy_title tag_name=\u00a0\u00bbh3&Prime; color=\u00a0\u00bb#ffffff\u00a0\u00bb size=\u00a0\u00bb40&Prime; font_weight=\u00a0\u00bb400&Prime; txt_transform=\u00a0\u00bbuppercase\u00a0\u00bb margin_bottom=\u00a0\u00bb5&Prime; font_family=\u00a0\u00bbnone\u00a0\u00bb align=\u00a0\u00bbcenter\u00a0\u00bb]DE NOS JOURS, LE PAYSAGE TECHNOLOGIQUE<br \/>\nEST EN CONSTANTE \u00c9VOLUTION.[\/mk_fancy_title][vc_column_text css=\u00a0\u00bb.vc_custom_1528894357235{margin-bottom: 0px !important;}\u00a0\u00bb]\n<h4 style=\"text-align: center;\">C\u2019EST POURQUOI LE SYST\u00c8ME WMS DE LISA WMS<br \/>\nVOUS PERMET DE CHOISIR VOTRE M\u00c9THODE DE D\u00c9PLOIEMENT :<\/h4>\n[\/vc_column_text][vc_row_inner el_class=\u00a0\u00bbdarkenboxiconbox\u00a0\u00bb][vc_column_inner width=\u00a0\u00bb1\/3&Prime;][mk_font_icons icon=\u00a0\u00bbmk-moon-cloud-3&Prime; color_style=\u00a0\u00bbgradient_color\u00a0\u00bb grandient_color_from=\u00a0\u00bb#edaf23&Prime; grandient_color_to=\u00a0\u00bb#223356&Prime; grandient_color_angle=\u00a0\u00bbdiagonal_left_top\u00a0\u00bb size=\u00a0\u00bbxx-large\u00a0\u00bb align=\u00a0\u00bbcenter\u00a0\u00bb][vc_column_text align=\u00a0\u00bbcenter\u00a0\u00bb css=\u00a0\u00bb.vc_custom_1509645105783{margin-bottom: 0px !important;}\u00a0\u00bb]\n<h2 style=\"color: #fff;\">DANS LE NUAGE<\/h2>\n[\/vc_column_text][\/vc_column_inner][vc_column_inner width=\u00a0\u00bb1\/3&Prime;][mk_font_icons icon=\u00a0\u00bbmk-icon-laptop\u00a0\u00bb color_style=\u00a0\u00bbgradient_color\u00a0\u00bb grandient_color_from=\u00a0\u00bb#edaf23&Prime; grandient_color_to=\u00a0\u00bb#223356&Prime; grandient_color_angle=\u00a0\u00bbdiagonal_left_top\u00a0\u00bb size=\u00a0\u00bbxx-large\u00a0\u00bb align=\u00a0\u00bbcenter\u00a0\u00bb][vc_column_text align=\u00a0\u00bbcenter\u00a0\u00bb css=\u00a0\u00bb.vc_custom_1509645117675{margin-bottom: 0px !important;}\u00a0\u00bb]\n<h2 style=\"color: #fff;\">SUR PLACE<\/h2>\n[\/vc_column_text][\/vc_column_inner][vc_column_inner width=\u00a0\u00bb1\/3&Prime;][mk_font_icons icon=\u00a0\u00bbmk-icon-database\u00a0\u00bb color_style=\u00a0\u00bbgradient_color\u00a0\u00bb grandient_color_from=\u00a0\u00bb#edaf23&Prime; grandient_color_to=\u00a0\u00bb#223356&Prime; grandient_color_angle=\u00a0\u00bbdiagonal_left_top\u00a0\u00bb size=\u00a0\u00bbxx-large\u00a0\u00bb align=\u00a0\u00bbcenter\u00a0\u00bb][vc_column_text align=\u00a0\u00bbcenter\u00a0\u00bb css=\u00a0\u00bb.vc_custom_1509645129287{margin-bottom: 0px !important;}\u00a0\u00bb]\n<h2 style=\"color: #fff;\">EN H\u00c9BERGEMENT<\/h2>\n[\/vc_column_text][\/vc_column_inner][\/vc_row_inner][\/vc_column][\/mk_page_section][vc_row][vc_column][mk_padding_divider size=\u00a0\u00bb80&Prime;][mk_fancy_title color=\u00a0\u00bb#666666&Prime; size=\u00a0\u00bb40&Prime; font_weight=\u00a0\u00bb200&Prime; margin_bottom=\u00a0\u00bb5&Prime; font_family=\u00a0\u00bbnone\u00a0\u00bb align=\u00a0\u00bbcenter\u00a0\u00bb]PLUS <span style=\"color: #939393;\"><b>D&rsquo;HISTOIRES DE SUCC\u00c8S<\/b><\/span>[\/mk_fancy_title][mk_divider style=\u00a0\u00bbthin_solid\u00a0\u00bb divider_width=\u00a0\u00bbcustom_width\u00a0\u00bb custom_width=\u00a0\u00bb86&Prime; thin_single_color=\u00a0\u00bb#999999&Prime; thickness=\u00a0\u00bb5&Prime; margin_top=\u00a0\u00bb0&Prime;][mk_padding_divider][mk_clients style=\u00a0\u00bbcolumn\u00a0\u00bb column=\u00a0\u00bb4&Prime; gutter_space=\u00a0\u00bb25&Prime; border_color=\u00a0\u00bb#d6d6d6&Prime; height=\u00a0\u00bb200&Prime;][\/vc_column][\/vc_row][vc_row fullwidth=\u00a0\u00bbtrue\u00a0\u00bb fullwidth_content=\u00a0\u00bbfalse\u00a0\u00bb css=\u00a0\u00bb.vc_custom_1507158730214{background-color: #edaf23 !important;}\u00a0\u00bb][vc_column][mk_padding_divider size=\u00a0\u00bb30&Prime;][vc_row_inner][vc_column_inner width=\u00a0\u00bb2\/3&Prime;][mk_padding_divider size=\u00a0\u00bb10&Prime;][mk_fancy_title tag_name=\u00a0\u00bbh5&Prime; color=\u00a0\u00bb#ffffff\u00a0\u00bb size=\u00a0\u00bb30&Prime; font_weight=\u00a0\u00bb400&Prime; txt_transform=\u00a0\u00bbnone\u00a0\u00bb font_family=\u00a0\u00bbOpen+Sans\u00a0\u00bb font_type=\u00a0\u00bbgoogle\u00a0\u00bb align=\u00a0\u00bbcenter\u00a0\u00bb]DISCUTEZ AVEC\u00a0 NOTRE \u00c9QUIPE[\/mk_fancy_title][\/vc_column_inner][vc_column_inner width=\u00a0\u00bb1\/3&Prime;][mk_button dimension=\u00a0\u00bbflat\u00a0\u00bb size=\u00a0\u00bblarge\u00a0\u00bb url=\u00a0\u00bbhttps:\/\/www.lisawms.com\/fr\/contact\/\u00a0\u00bb margin_right=\u00a0\u00bb0&Prime; bg_color=\u00a0\u00bb#ffffff\u00a0\u00bb btn_hover_bg=\u00a0\u00bb#dedede\u00a0\u00bb text_color=\u00a0\u00bbdark\u00a0\u00bb btn_hover_txt_color=\u00a0\u00bb#0a0a0a\u00a0\u00bb]CONTACTEZ-NOUS[\/mk_button][\/vc_column_inner][\/vc_row_inner][\/vc_column][\/vc_row][vc_row fullwidth=\u00a0\u00bbtrue\u00a0\u00bb][vc_column][mk_image src=\u00a0\u00bbhttp:\/\/www.lisawms.com\/wp-content\/uploads\/2017\/12\/wholesale-distribution-wms-footer.jpg\u00a0\u00bb align=\u00a0\u00bbcenter\u00a0\u00bb margin_bottom=\u00a0\u00bb0&Prime; crop=\u00a0\u00bbfalse\u00a0\u00bb][\/vc_column][\/vc_row]\n<\/div>","protected":false},"excerpt":{"rendered":"<p>[mk_page_section bg_image=\u00a0\u00bbhttp:\/\/www.lisawms.com\/wp-content\/uploads\/2020\/07\/warehouse_home_page_lisa_no_filter.jpg\u00a0\u00bb bg_color=\u00a0\u00bb#223356&Prime; blend_mode=\u00a0\u00bbluminosity\u00a0\u00bb bg_position=\u00a0\u00bbcenter bottom\u00a0\u00bb bg_stretch=\u00a0\u00bbtrue\u00a0\u00bb enable_3d=\u00a0\u00bbtrue\u00a0\u00bb speed_factor=\u00a0\u00bb0.6&Prime; video_color_mask=\u00a0\u00bb#223356&Prime; video_opacity=\u00a0\u00bb0.87&Prime; min_height=\u00a0\u00bb400&Prime; full_width=\u00a0\u00bbtrue\u00a0\u00bb padding_top=\u00a0\u00bb125&Prime; padding_bottom=\u00a0\u00bb125&Prime; sidebar=\u00a0\u00bbsidebar-1&Prime;][vc_column][mk_fancy_title tag_name=\u00a0\u00bbh1&Prime; color=\u00a0\u00bb#ffffff\u00a0\u00bb size=\u00a0\u00bb70&Prime; font_weight=\u00a0\u00bb400&Prime; txt_transform=\u00a0\u00bbuppercase\u00a0\u00bb font_family=\u00a0\u00bbnone\u00a0\u00bb align=\u00a0\u00bbcenter\u00a0\u00bb animation=\u00a0\u00bbbottom-to-top\u00a0\u00bb] GESTION MANUFACTURI\u00c8RE ET DISTRIBUTION (WMS)\u00a0AVANC\u00c9E POUR\u00a0SAP BUSINESS ONE ET SAP BUSINESS BYDESIGN [\/mk_fancy_title][\/vc_column][\/mk_page_section][vc_row fullwidth=\u00a0\u00bbtrue\u00a0\u00bb][vc_column][mk_padding_divider size=\u00a0\u00bb80&Prime;][mk_fancy_title color=\u00a0\u00bb#666666&Prime; size=\u00a0\u00bb40&Prime; font_weight=\u00a0\u00bb200&Prime; margin_bottom=\u00a0\u00bb5&Prime; font_family=\u00a0\u00bbnone\u00a0\u00bb align=\u00a0\u00bbcenter\u00a0\u00bb] EXPLOREZ NOS MODULES DE GESTION INT\u00c9GR\u00c9S S\u00c9LECTIONNEZ VOTRE SOLUTION SAP [&hellip;]<\/p>\n","protected":false},"author":1,"featured_media":0,"parent":0,"menu_order":-1000,"comment_status":"closed","ping_status":"closed","template":"","meta":{"footnotes":""},"class_list":["post-774","page","type-page","status-publish","hentry"],"yoast_head":"<!-- This site is optimized with the Yoast SEO plugin v27.5 - https:\/\/yoast.com\/product\/yoast-seo-wordpress\/ -->\n<title>Accueil - LISA WMS<\/title>\n<meta name=\"description\" content=\"LISA WMS est la solution pour rationaliser les op\u00e9rations entrantes et sortantes de votre cha\u00eene d\u2019approvisionnement et int\u00e9gr\u00e9e \u00e0 SAP Business One.\" \/>\n<meta name=\"robots\" content=\"index, follow, max-snippet:-1, max-image-preview:large, max-video-preview:-1\" \/>\n<link rel=\"canonical\" href=\"https:\/\/www.lisawms.com\/fr\/\" \/>\n<meta property=\"og:locale\" content=\"fr_FR\" \/>\n<meta property=\"og:type\" content=\"article\" \/>\n<meta property=\"og:title\" content=\"Accueil - LISA WMS\" \/>\n<meta property=\"og:description\" content=\"LISA WMS est la solution pour rationaliser les op\u00e9rations entrantes et sortantes de votre cha\u00eene d\u2019approvisionnement et int\u00e9gr\u00e9e \u00e0 SAP Business One.\" \/>\n<meta property=\"og:url\" content=\"https:\/\/www.lisawms.com\/fr\/\" \/>\n<meta property=\"og:site_name\" content=\"LISA Distribution\" \/>\n<meta property=\"article:publisher\" content=\"https:\/\/www.facebook.com\/nwaretechnologies\" \/>\n<meta property=\"article:modified_time\" content=\"2023-11-07T19:20:08+00:00\" \/>\n<meta name=\"twitter:card\" content=\"summary_large_image\" \/>\n<meta name=\"twitter:site\" content=\"@LISAtalksWMS\" \/>\n<meta name=\"twitter:label1\" content=\"Dur\u00e9e de lecture estim\u00e9e\" \/>\n\t<meta name=\"twitter:data1\" content=\"2 minutes\" \/>\n<script type=\"application\/ld+json\" class=\"yoast-schema-graph\">{\"@context\":\"https:\\\/\\\/schema.org\",\"@graph\":[{\"@type\":\"WebPage\",\"@id\":\"https:\\\/\\\/www.lisawms.com\\\/fr\\\/\",\"url\":\"https:\\\/\\\/www.lisawms.com\\\/fr\\\/\",\"name\":\"Accueil - LISA WMS\",\"isPartOf\":{\"@id\":\"https:\\\/\\\/www.lisawms.com\\\/#website\"},\"datePublished\":\"2015-12-03T13:39:46+00:00\",\"dateModified\":\"2023-11-07T19:20:08+00:00\",\"description\":\"LISA WMS est la solution pour rationaliser les op\u00e9rations entrantes et sortantes de votre cha\u00eene d\u2019approvisionnement et int\u00e9gr\u00e9e \u00e0 SAP Business One.\",\"breadcrumb\":{\"@id\":\"https:\\\/\\\/www.lisawms.com\\\/fr\\\/#breadcrumb\"},\"inLanguage\":\"fr-FR\",\"potentialAction\":[{\"@type\":\"ReadAction\",\"target\":[\"https:\\\/\\\/www.lisawms.com\\\/fr\\\/\"]}]},{\"@type\":\"BreadcrumbList\",\"@id\":\"https:\\\/\\\/www.lisawms.com\\\/fr\\\/#breadcrumb\",\"itemListElement\":[{\"@type\":\"ListItem\",\"position\":1,\"name\":\"Accueil\",\"item\":\"https:\\\/\\\/www.lisawms.com\\\/fr\\\/\"},{\"@type\":\"ListItem\",\"position\":2,\"name\":\"Accueil\"}]},{\"@type\":\"WebSite\",\"@id\":\"https:\\\/\\\/www.lisawms.com\\\/#website\",\"url\":\"https:\\\/\\\/www.lisawms.com\\\/\",\"name\":\"LISA WMS\",\"description\":\"Wharehouse distribution made easy\",\"publisher\":{\"@id\":\"https:\\\/\\\/www.lisawms.com\\\/#organization\"},\"potentialAction\":[{\"@type\":\"SearchAction\",\"target\":{\"@type\":\"EntryPoint\",\"urlTemplate\":\"https:\\\/\\\/www.lisawms.com\\\/?s={search_term_string}\"},\"query-input\":{\"@type\":\"PropertyValueSpecification\",\"valueRequired\":true,\"valueName\":\"search_term_string\"}}],\"inLanguage\":\"fr-FR\"},{\"@type\":\"Organization\",\"@id\":\"https:\\\/\\\/www.lisawms.com\\\/#organization\",\"name\":\"LISA WMS\",\"url\":\"https:\\\/\\\/www.lisawms.com\\\/\",\"logo\":{\"@type\":\"ImageObject\",\"inLanguage\":\"fr-FR\",\"@id\":\"https:\\\/\\\/www.lisawms.com\\\/#\\\/schema\\\/logo\\\/image\\\/\",\"url\":\"http:\\\/\\\/www.lisawms.com\\\/wp-content\\\/uploads\\\/2018\\\/03\\\/logo-lisa-distribution.png\",\"contentUrl\":\"http:\\\/\\\/www.lisawms.com\\\/wp-content\\\/uploads\\\/2018\\\/03\\\/logo-lisa-distribution.png\",\"width\":426,\"height\":180,\"caption\":\"LISA WMS\"},\"image\":{\"@id\":\"https:\\\/\\\/www.lisawms.com\\\/#\\\/schema\\\/logo\\\/image\\\/\"},\"sameAs\":[\"https:\\\/\\\/www.facebook.com\\\/nwaretechnologies\",\"https:\\\/\\\/x.com\\\/LISAtalksWMS\",\"https:\\\/\\\/www.linkedin.com\\\/company\\\/145448\",\"https:\\\/\\\/www.youtube.com\\\/channel\\\/UCl-HuOQf5YngwlixhS0SAbg\"]}]}<\/script>\n<!-- \/ Yoast SEO plugin. -->","yoast_head_json":{"title":"Accueil - LISA WMS","description":"LISA WMS est la solution pour rationaliser les op\u00e9rations entrantes et sortantes de votre cha\u00eene d\u2019approvisionnement et int\u00e9gr\u00e9e \u00e0 SAP Business One.","robots":{"index":"index","follow":"follow","max-snippet":"max-snippet:-1","max-image-preview":"max-image-preview:large","max-video-preview":"max-video-preview:-1"},"canonical":"https:\/\/www.lisawms.com\/fr\/","og_locale":"fr_FR","og_type":"article","og_title":"Accueil - LISA WMS","og_description":"LISA WMS est la solution pour rationaliser les op\u00e9rations entrantes et sortantes de votre cha\u00eene d\u2019approvisionnement et int\u00e9gr\u00e9e \u00e0 SAP Business One.","og_url":"https:\/\/www.lisawms.com\/fr\/","og_site_name":"LISA Distribution","article_publisher":"https:\/\/www.facebook.com\/nwaretechnologies","article_modified_time":"2023-11-07T19:20:08+00:00","twitter_card":"summary_large_image","twitter_site":"@LISAtalksWMS","twitter_misc":{"Dur\u00e9e de lecture estim\u00e9e":"2 minutes"},"schema":{"@context":"https:\/\/schema.org","@graph":[{"@type":"WebPage","@id":"https:\/\/www.lisawms.com\/fr\/","url":"https:\/\/www.lisawms.com\/fr\/","name":"Accueil - LISA WMS","isPartOf":{"@id":"https:\/\/www.lisawms.com\/#website"},"datePublished":"2015-12-03T13:39:46+00:00","dateModified":"2023-11-07T19:20:08+00:00","description":"LISA WMS est la solution pour rationaliser les op\u00e9rations entrantes et sortantes de votre cha\u00eene d\u2019approvisionnement et int\u00e9gr\u00e9e \u00e0 SAP Business One.","breadcrumb":{"@id":"https:\/\/www.lisawms.com\/fr\/#breadcrumb"},"inLanguage":"fr-FR","potentialAction":[{"@type":"ReadAction","target":["https:\/\/www.lisawms.com\/fr\/"]}]},{"@type":"BreadcrumbList","@id":"https:\/\/www.lisawms.com\/fr\/#breadcrumb","itemListElement":[{"@type":"ListItem","position":1,"name":"Accueil","item":"https:\/\/www.lisawms.com\/fr\/"},{"@type":"ListItem","position":2,"name":"Accueil"}]},{"@type":"WebSite","@id":"https:\/\/www.lisawms.com\/#website","url":"https:\/\/www.lisawms.com\/","name":"LISA WMS","description":"Wharehouse distribution made easy","publisher":{"@id":"https:\/\/www.lisawms.com\/#organization"},"potentialAction":[{"@type":"SearchAction","target":{"@type":"EntryPoint","urlTemplate":"https:\/\/www.lisawms.com\/?s={search_term_string}"},"query-input":{"@type":"PropertyValueSpecification","valueRequired":true,"valueName":"search_term_string"}}],"inLanguage":"fr-FR"},{"@type":"Organization","@id":"https:\/\/www.lisawms.com\/#organization","name":"LISA WMS","url":"https:\/\/www.lisawms.com\/","logo":{"@type":"ImageObject","inLanguage":"fr-FR","@id":"https:\/\/www.lisawms.com\/#\/schema\/logo\/image\/","url":"http:\/\/www.lisawms.com\/wp-content\/uploads\/2018\/03\/logo-lisa-distribution.png","contentUrl":"http:\/\/www.lisawms.com\/wp-content\/uploads\/2018\/03\/logo-lisa-distribution.png","width":426,"height":180,"caption":"LISA WMS"},"image":{"@id":"https:\/\/www.lisawms.com\/#\/schema\/logo\/image\/"},"sameAs":["https:\/\/www.facebook.com\/nwaretechnologies","https:\/\/x.com\/LISAtalksWMS","https:\/\/www.linkedin.com\/company\/145448","https:\/\/www.youtube.com\/channel\/UCl-HuOQf5YngwlixhS0SAbg"]}]}},"_links":{"self":[{"href":"https:\/\/www.lisawms.com\/fr\/wp-json\/wp\/v2\/pages\/774","targetHints":{"allow":["GET"]}}],"collection":[{"href":"https:\/\/www.lisawms.com\/fr\/wp-json\/wp\/v2\/pages"}],"about":[{"href":"https:\/\/www.lisawms.com\/fr\/wp-json\/wp\/v2\/types\/page"}],"author":[{"embeddable":true,"href":"https:\/\/www.lisawms.com\/fr\/wp-json\/wp\/v2\/users\/1"}],"replies":[{"embeddable":true,"href":"https:\/\/www.lisawms.com\/fr\/wp-json\/wp\/v2\/comments?post=774"}],"version-history":[{"count":4,"href":"https:\/\/www.lisawms.com\/fr\/wp-json\/wp\/v2\/pages\/774\/revisions"}],"predecessor-version":[{"id":4874,"href":"https:\/\/www.lisawms.com\/fr\/wp-json\/wp\/v2\/pages\/774\/revisions\/4874"}],"wp:attachment":[{"href":"https:\/\/www.lisawms.com\/fr\/wp-json\/wp\/v2\/media?parent=774"}],"curies":[{"name":"wp","href":"https:\/\/api.w.org\/{rel}","templated":true}]}}