{"id":1930,"date":"2018-06-12T14:26:47","date_gmt":"2018-06-12T18:26:47","guid":{"rendered":"http:\/\/www.lisawms.com\/?page_id=1930"},"modified":"2018-08-29T11:23:16","modified_gmt":"2018-08-29T15:23:16","slug":"pdc-one_pour_sap_business_one","status":"publish","type":"page","link":"https:\/\/www.lisawms.com\/fr\/produits\/pdc-one_pour_sap_business_one\/","title":{"rendered":"PDC-One pour SAP Business One"},"content":{"rendered":"<div class=\"wpb-content-wrapper\">[mk_page_section bg_image=\u00a0\u00bbhttp:\/\/www.lisawms.com\/wp-content\/uploads\/2018\/06\/shopfloor-data-collection.jpg\u00a0\u00bb bg_color=\u00a0\u00bb#edaf23&Prime; blend_mode=\u00a0\u00bbluminosity\u00a0\u00bb bg_position=\u00a0\u00bbcenter center\u00a0\u00bb bg_repeat=\u00a0\u00bbno-repeat\u00a0\u00bb bg_stretch=\u00a0\u00bbtrue\u00a0\u00bb enable_3d=\u00a0\u00bbtrue\u00a0\u00bb speed_factor=\u00a0\u00bb0.6&Prime; bg_gradient=\u00a0\u00bbleft_bottom\u00a0\u00bb video_color_mask=\u00a0\u00bb#223356&Prime; gr_end=\u00a0\u00bb#edaf23&Prime; video_opacity=\u00a0\u00bb0.8&Prime; min_height=\u00a0\u00bb325&Prime; full_width=\u00a0\u00bbtrue\u00a0\u00bb padding_top=\u00a0\u00bb110&Prime; padding_bottom=\u00a0\u00bb90&Prime; animation=\u00a0\u00bbbottom-to-top\u00a0\u00bb sidebar=\u00a0\u00bbsidebar-1&Prime;][vc_column][vc_single_image image=\u00a0\u00bb1791&Prime; img_size=\u00a0\u00bb516&#215;176.4&Prime; alignment=\u00a0\u00bbcenter\u00a0\u00bb][\/vc_column][\/mk_page_section][vc_row][vc_column][mk_padding_divider size=\u00a0\u00bb80&Prime;][\/vc_column][\/vc_row][vc_row css=\u00a0\u00bb.vc_custom_1505779317433{margin-bottom: 40px !important;}\u00a0\u00bb][vc_column width=\u00a0\u00bb2\/3&Prime;][mk_fancy_title size=\u00a0\u00bb30&Prime; font_family=\u00a0\u00bbnone\u00a0\u00bb]\n<h1>LOGICIEL COLLECTE DE DONN\u00c9ES DE PRODUCTION EN TEMPS R\u00c9EL POUR<br \/>\nSAP BUSINESS ONE<\/h1>\n[\/mk_fancy_title][vc_column_text css=\u00a0\u00bb.vc_custom_1530105647885{margin-bottom: 0px !important;}\u00a0\u00bb]<strong>Con\u00e7ue pour \u00eatre simple et efficace<\/strong>, PDC-One est une solution compl\u00e9mentaire \u00e0 SAP Business One pour les entreprises manufacturi\u00e8res qui d\u00e9sirent b\u00e9n\u00e9ficier d\u2019une visibilit\u00e9 accrue de leurs op\u00e9rations<strong> en temps r\u00e9el<\/strong>. Il permet aux op\u00e9rateurs sur le plancher de production d\u2019enregistrer facilement le statut des t\u00e2ches, les heures travaill\u00e9es et la consommation des mati\u00e8res premi\u00e8res en fonction des ordres de fabrication de SAP Business One.<\/p>\n<p>Son implantation d\u2019une grande simplicit\u00e9 vous permet d\u2019\u00eatre fonctionnel rapidement sans la complexit\u00e9 et les co\u00fbts souvent li\u00e9s \u00e0 l\u2019implantation d\u2019un module manufacturier complet. Par ailleurs, PDC-One est une application bas\u00e9e sur navigateur (browser-based), compatible avec la plupart des appareils utilis\u00e9s sur les planchers de production.<\/p>\n<h3>Tirez pleinement profit du module de production de SAP Business One sans la complexit\u00e9 li\u00e9e \u00e0 l&rsquo;implantation d&rsquo;une extension (add-on) manufacturi\u00e8re compl\u00e8te<\/h3>\n<ul>\n<li>Consultez rapidement le statut des bons de travail en temps r\u00e9el directement dans SAP Business One<\/li>\n<li>Comparez avec pr\u00e9cision votre consommation de mati\u00e8re premi\u00e8re estim\u00e9e et r\u00e9elle<\/li>\n<li>R\u00e9duisez les t\u00e2ches administratives et les erreurs li\u00e9es \u00e0 l\u2019entr\u00e9e manuelle de donn\u00e9es<\/li>\n<li>Favorisez un environnement sans papier<\/li>\n<li>Am\u00e9liorez la pr\u00e9cision du calcul de votre co\u00fbt de revient<\/li>\n<li>B\u00e9n\u00e9ficiez d\u2019une application conviviale et facile d&rsquo;utilisation<\/li>\n<li>Compatible avec la plupart des appareils (ordinateurs, terminaux tactiles industriels, mobile, etc.)<\/li>\n<\/ul>\n[\/vc_column_text][\/vc_column][vc_column width=\u00a0\u00bb1\/3&Prime;][vc_column_text css=\u00a0\u00bb.vc_custom_1530103754449{margin-bottom: 0px !important;}\u00a0\u00bb]\n<p style=\"text-align: right;\"><strong><em>PDC-One est un module d&rsquo;extension autonome pour\u00a0 SAP Business One. Vous n&rsquo;avez pas \u00e0 installer LISA WMS pour en b\u00e9n\u00e9ficier.<\/em><\/strong><\/p>\n[\/vc_column_text][vc_separator color=\u00a0\u00bbcustom\u00a0\u00bb accent_color=\u00a0\u00bb#223356&Prime;][vc_single_image image=\u00a0\u00bb1770&Prime; img_size=\u00a0\u00bblarge\u00a0\u00bb][\/vc_column][\/vc_row][vc_row fullwidth=\u00a0\u00bbtrue\u00a0\u00bb fullwidth_content=\u00a0\u00bbfalse\u00a0\u00bb css=\u00a0\u00bb.vc_custom_1507158730214{background-color: #edaf23 !important;}\u00a0\u00bb][vc_column][mk_padding_divider size=\u00a0\u00bb30&Prime;][vc_row_inner][vc_column_inner width=\u00a0\u00bb2\/3&Prime;][mk_padding_divider size=\u00a0\u00bb10&Prime;][mk_fancy_title tag_name=\u00a0\u00bbh5&Prime; color=\u00a0\u00bb#ffffff\u00a0\u00bb size=\u00a0\u00bb30&Prime; font_weight=\u00a0\u00bb400&Prime; txt_transform=\u00a0\u00bbnone\u00a0\u00bb font_family=\u00a0\u00bbOpen+Sans\u00a0\u00bb font_type=\u00a0\u00bbgoogle\u00a0\u00bb align=\u00a0\u00bbcenter\u00a0\u00bb]VOUS AIMERIEZ EN APPRENDRE DAVANTAGE?[\/mk_fancy_title][\/vc_column_inner][vc_column_inner width=\u00a0\u00bb1\/3&Prime;][mk_button dimension=\u00a0\u00bbflat\u00a0\u00bb size=\u00a0\u00bblarge\u00a0\u00bb url=\u00a0\u00bbhttp:\/\/www.lisawms.com\/wp-content\/uploads\/2018\/08\/pdc-one_fr.pdf\u00a0\u00bb target=\u00a0\u00bb_blank\u00a0\u00bb margin_right=\u00a0\u00bb0&Prime; bg_color=\u00a0\u00bb#ffffff\u00a0\u00bb btn_hover_bg=\u00a0\u00bb#dedede\u00a0\u00bb text_color=\u00a0\u00bbdark\u00a0\u00bb btn_hover_txt_color=\u00a0\u00bb#0a0a0a\u00a0\u00bb]T\u00c9L\u00c9CHARGEZ NOTRE BROCHURE[\/mk_button][\/vc_column_inner][\/vc_row_inner][\/vc_column][\/vc_row][mk_page_section vertical_align=\u00a0\u00bbtop\u00a0\u00bb bg_image=\u00a0\u00bbhttp:\/\/www.lisawms.com\/wp-content\/uploads\/2018\/06\/manufacturing-process-tracking.jpg\u00a0\u00bb bg_color=\u00a0\u00bb#cccccc\u00a0\u00bb blend_mode=\u00a0\u00bboverlay\u00a0\u00bb bg_position=\u00a0\u00bbcenter top\u00a0\u00bb bg_repeat=\u00a0\u00bbno-repeat\u00a0\u00bb bg_stretch=\u00a0\u00bbtrue\u00a0\u00bb video_color_mask=\u00a0\u00bb#e8e8e8&Prime; video_opacity=\u00a0\u00bb0.7&Prime; sidebar=\u00a0\u00bbsidebar-1&Prime;][vc_column][mk_padding_divider size=\u00a0\u00bb30&Prime;][vc_row_inner][vc_column_inner width=\u00a0\u00bb1\/2&Prime;][mk_font_icons icon=\u00a0\u00bbmk-li-config\u00a0\u00bb color=\u00a0\u00bb#666666&Prime; size=\u00a0\u00bbx-large\u00a0\u00bb align=\u00a0\u00bbcenter\u00a0\u00bb][vc_column_text css=\u00a0\u00bb.vc_custom_1530104975914{margin-bottom: 0px !important;}\u00a0\u00bb]\n<h3>Fonctionnalit\u00e9s clefs pour la collecte de donn\u00e9es manufacturi\u00e8res<\/h3>\n[\/vc_column_text][mk_custom_list]\n<ul>\n<li>Entr\u00e9e et rapports du temps des employ\u00e9s<\/li>\n<li>Alertes pour toutes les transactions normales des ordres de fabrication SAP, y compris les registres de production, l\u2019\u00e9mission des mati\u00e8res et les sorties r\u00e9troactives, avec suivi des \u00e9tapes et des ressources de production<\/li>\n<li>Gestion des num\u00e9ros de s\u00e9rie et de lot<\/li>\n<li>Compatibilit\u00e9 avec les appareils de num\u00e9risation de codes \u00e0 barres et de num\u00e9ros de badge<\/li>\n<li>Tableau de bord des statuts de production int\u00e9gr\u00e9 \u00e0 SAP Business One<\/li>\n<li>Application adaptative et compatible avec la plupart des appareils<\/li>\n<\/ul>\n[\/mk_custom_list][\/vc_column_inner][vc_column_inner width=\u00a0\u00bb1\/2&Prime;][vc_single_image image=\u00a0\u00bb1774&Prime; img_size=\u00a0\u00bblarge\u00a0\u00bb][\/vc_column_inner][\/vc_row_inner][\/vc_column][\/mk_page_section][vc_row][vc_column][mk_padding_divider][mk_fancy_title font_family=\u00a0\u00bbnone\u00a0\u00bb]\n<h2>PDC-ONE: TABLEAUX DE BORD ET SUIVI DU D\u00c9TAIL DES ORDRES DE FABRICATION<\/h2>\n[\/mk_fancy_title][\/vc_column][vc_column width=\u00a0\u00bb1\/3&Prime;][vc_column_text css=\u00a0\u00bb.vc_custom_1530105417078{margin-bottom: 0px !important;}\u00a0\u00bb]\n<h4>Statut des ordres de fabrication<\/h4>\n[\/vc_column_text][vc_single_image image=\u00a0\u00bb1784&Prime; img_size=\u00a0\u00bbfull\u00a0\u00bb alignment=\u00a0\u00bbcenter\u00a0\u00bb onclick=\u00a0\u00bblink_image\u00a0\u00bb][\/vc_column][vc_column width=\u00a0\u00bb1\/3&Prime;][vc_column_text css=\u00a0\u00bb.vc_custom_1530105428980{margin-bottom: 0px !important;}\u00a0\u00bb]\n<h4>Suivi des temps main d\u2019oeuvre<\/h4>\n[\/vc_column_text][vc_single_image image=\u00a0\u00bb1782&Prime; img_size=\u00a0\u00bbfull\u00a0\u00bb alignment=\u00a0\u00bbcenter\u00a0\u00bb onclick=\u00a0\u00bblink_image\u00a0\u00bb][\/vc_column][vc_column width=\u00a0\u00bb1\/3&Prime;][vc_column_text css=\u00a0\u00bb.vc_custom_1530105441942{margin-bottom: 0px !important;}\u00a0\u00bb]\n<h4>\u00c9cran de saisie des mati\u00e8res premi\u00e8res<\/h4>\n[\/vc_column_text][vc_single_image image=\u00a0\u00bb1789&Prime; img_size=\u00a0\u00bbfull\u00a0\u00bb alignment=\u00a0\u00bbcenter\u00a0\u00bb onclick=\u00a0\u00bblink_image\u00a0\u00bb][\/vc_column][\/vc_row][vc_row fullwidth=\u00a0\u00bbtrue\u00a0\u00bb fullwidth_content=\u00a0\u00bbfalse\u00a0\u00bb css=\u00a0\u00bb.vc_custom_1507158730214{background-color: #edaf23 !important;}\u00a0\u00bb][vc_column][mk_padding_divider size=\u00a0\u00bb30&Prime;][vc_row_inner][vc_column_inner width=\u00a0\u00bb2\/3&Prime;][mk_padding_divider size=\u00a0\u00bb10&Prime;][mk_fancy_title tag_name=\u00a0\u00bbh5&Prime; color=\u00a0\u00bb#ffffff\u00a0\u00bb size=\u00a0\u00bb30&Prime; font_weight=\u00a0\u00bb400&Prime; txt_transform=\u00a0\u00bbnone\u00a0\u00bb font_family=\u00a0\u00bbOpen+Sans\u00a0\u00bb font_type=\u00a0\u00bbgoogle\u00a0\u00bb align=\u00a0\u00bbcenter\u00a0\u00bb]POUR EN SAVOIR DAVANTAGE[\/mk_fancy_title][\/vc_column_inner][vc_column_inner width=\u00a0\u00bb1\/3&Prime;][mk_button dimension=\u00a0\u00bbflat\u00a0\u00bb size=\u00a0\u00bblarge\u00a0\u00bb url=\u00a0\u00bb\/contact\/\u00a0\u00bb margin_right=\u00a0\u00bb0&Prime; bg_color=\u00a0\u00bb#ffffff\u00a0\u00bb btn_hover_bg=\u00a0\u00bb#dedede\u00a0\u00bb text_color=\u00a0\u00bbdark\u00a0\u00bb btn_hover_txt_color=\u00a0\u00bb#0a0a0a\u00a0\u00bb]CONTACTEZ-NOUS[\/mk_button][\/vc_column_inner][\/vc_row_inner][\/vc_column][\/vc_row]\n<\/div>","protected":false},"excerpt":{"rendered":"<p>[mk_page_section bg_image=\u00a0\u00bbhttp:\/\/www.lisawms.com\/wp-content\/uploads\/2018\/06\/shopfloor-data-collection.jpg\u00a0\u00bb bg_color=\u00a0\u00bb#edaf23&Prime; blend_mode=\u00a0\u00bbluminosity\u00a0\u00bb bg_position=\u00a0\u00bbcenter center\u00a0\u00bb bg_repeat=\u00a0\u00bbno-repeat\u00a0\u00bb bg_stretch=\u00a0\u00bbtrue\u00a0\u00bb enable_3d=\u00a0\u00bbtrue\u00a0\u00bb speed_factor=\u00a0\u00bb0.6&Prime; bg_gradient=\u00a0\u00bbleft_bottom\u00a0\u00bb video_color_mask=\u00a0\u00bb#223356&Prime; gr_end=\u00a0\u00bb#edaf23&Prime; video_opacity=\u00a0\u00bb0.8&Prime; min_height=\u00a0\u00bb325&Prime; full_width=\u00a0\u00bbtrue\u00a0\u00bb padding_top=\u00a0\u00bb110&Prime; padding_bottom=\u00a0\u00bb90&Prime; animation=\u00a0\u00bbbottom-to-top\u00a0\u00bb sidebar=\u00a0\u00bbsidebar-1&Prime;][vc_column][vc_single_image image=\u00a0\u00bb1791&Prime; img_size=\u00a0\u00bb516&#215;176.4&Prime; alignment=\u00a0\u00bbcenter\u00a0\u00bb][\/vc_column][\/mk_page_section][vc_row][vc_column][mk_padding_divider size=\u00a0\u00bb80&Prime;][\/vc_column][\/vc_row][vc_row css=\u00a0\u00bb.vc_custom_1505779317433{margin-bottom: 40px !important;}\u00a0\u00bb][vc_column width=\u00a0\u00bb2\/3&Prime;][mk_fancy_title size=\u00a0\u00bb30&Prime; font_family=\u00a0\u00bbnone\u00a0\u00bb] LOGICIEL COLLECTE DE DONN\u00c9ES DE PRODUCTION EN TEMPS R\u00c9EL POUR SAP BUSINESS ONE [\/mk_fancy_title][vc_column_text css=\u00a0\u00bb.vc_custom_1530105647885{margin-bottom: 0px !important;}\u00a0\u00bb]Con\u00e7ue pour \u00eatre simple et efficace, PDC-One est une [&hellip;]<\/p>\n","protected":false},"author":1,"featured_media":0,"parent":867,"menu_order":-990,"comment_status":"closed","ping_status":"closed","template":"","meta":{"footnotes":""},"class_list":["post-1930","page","type-page","status-publish","hentry"],"yoast_head":"<!-- This site is optimized with the Yoast SEO plugin v27.5 - https:\/\/yoast.com\/product\/yoast-seo-wordpress\/ -->\n<title>PDC-One - Collecte de donn\u00e9es de production en temps r\u00e9el pour SAP B1<\/title>\n<meta name=\"description\" content=\"PDC-One est un logiciel int\u00e9gr\u00e9 de collecte de donn\u00e9es de production qui vous permet de suivre l&#039;\u00e9volution des ordres de fabrication de SAP Business One\" \/>\n<meta name=\"robots\" content=\"index, follow, max-snippet:-1, max-image-preview:large, max-video-preview:-1\" \/>\n<link rel=\"canonical\" href=\"https:\/\/www.lisawms.com\/fr\/produits\/pdc-one_pour_sap_business_one\/\" \/>\n<meta property=\"og:locale\" content=\"fr_FR\" \/>\n<meta property=\"og:type\" content=\"article\" \/>\n<meta property=\"og:title\" content=\"PDC-One - Collecte de donn\u00e9es de production en temps r\u00e9el pour SAP B1\" \/>\n<meta property=\"og:description\" content=\"PDC-One est un logiciel int\u00e9gr\u00e9 de collecte de donn\u00e9es de production qui vous permet de suivre l&#039;\u00e9volution des ordres de fabrication de SAP Business One\" \/>\n<meta property=\"og:url\" content=\"https:\/\/www.lisawms.com\/fr\/produits\/pdc-one_pour_sap_business_one\/\" \/>\n<meta property=\"og:site_name\" content=\"LISA Distribution\" \/>\n<meta property=\"article:publisher\" content=\"https:\/\/www.facebook.com\/nwaretechnologies\" \/>\n<meta property=\"article:modified_time\" content=\"2018-08-29T15:23:16+00:00\" \/>\n<meta name=\"twitter:card\" content=\"summary_large_image\" \/>\n<meta name=\"twitter:site\" content=\"@LISAtalksWMS\" \/>\n<meta name=\"twitter:label1\" content=\"Dur\u00e9e de lecture estim\u00e9e\" \/>\n\t<meta name=\"twitter:data1\" content=\"5 minutes\" \/>\n<script type=\"application\/ld+json\" class=\"yoast-schema-graph\">{\"@context\":\"https:\\\/\\\/schema.org\",\"@graph\":[{\"@type\":\"WebPage\",\"@id\":\"https:\\\/\\\/www.lisawms.com\\\/fr\\\/produits\\\/pdc-one_pour_sap_business_one\\\/\",\"url\":\"https:\\\/\\\/www.lisawms.com\\\/fr\\\/produits\\\/pdc-one_pour_sap_business_one\\\/\",\"name\":\"PDC-One - Collecte de donn\u00e9es de production en temps r\u00e9el pour SAP B1\",\"isPartOf\":{\"@id\":\"https:\\\/\\\/www.lisawms.com\\\/#website\"},\"datePublished\":\"2018-06-12T18:26:47+00:00\",\"dateModified\":\"2018-08-29T15:23:16+00:00\",\"description\":\"PDC-One est un logiciel int\u00e9gr\u00e9 de collecte de donn\u00e9es de production qui vous permet de suivre l'\u00e9volution des ordres de fabrication de SAP Business One\",\"breadcrumb\":{\"@id\":\"https:\\\/\\\/www.lisawms.com\\\/fr\\\/produits\\\/pdc-one_pour_sap_business_one\\\/#breadcrumb\"},\"inLanguage\":\"fr-FR\",\"potentialAction\":[{\"@type\":\"ReadAction\",\"target\":[\"https:\\\/\\\/www.lisawms.com\\\/fr\\\/produits\\\/pdc-one_pour_sap_business_one\\\/\"]}]},{\"@type\":\"BreadcrumbList\",\"@id\":\"https:\\\/\\\/www.lisawms.com\\\/fr\\\/produits\\\/pdc-one_pour_sap_business_one\\\/#breadcrumb\",\"itemListElement\":[{\"@type\":\"ListItem\",\"position\":1,\"name\":\"Accueil\",\"item\":\"https:\\\/\\\/www.lisawms.com\\\/fr\\\/\"},{\"@type\":\"ListItem\",\"position\":2,\"name\":\"Produits\",\"item\":\"https:\\\/\\\/www.lisawms.com\\\/fr\\\/produits\\\/\"},{\"@type\":\"ListItem\",\"position\":3,\"name\":\"PDC-One pour SAP Business One\"}]},{\"@type\":\"WebSite\",\"@id\":\"https:\\\/\\\/www.lisawms.com\\\/#website\",\"url\":\"https:\\\/\\\/www.lisawms.com\\\/\",\"name\":\"LISA WMS\",\"description\":\"Wharehouse distribution made easy\",\"publisher\":{\"@id\":\"https:\\\/\\\/www.lisawms.com\\\/#organization\"},\"potentialAction\":[{\"@type\":\"SearchAction\",\"target\":{\"@type\":\"EntryPoint\",\"urlTemplate\":\"https:\\\/\\\/www.lisawms.com\\\/?s={search_term_string}\"},\"query-input\":{\"@type\":\"PropertyValueSpecification\",\"valueRequired\":true,\"valueName\":\"search_term_string\"}}],\"inLanguage\":\"fr-FR\"},{\"@type\":\"Organization\",\"@id\":\"https:\\\/\\\/www.lisawms.com\\\/#organization\",\"name\":\"LISA WMS\",\"url\":\"https:\\\/\\\/www.lisawms.com\\\/\",\"logo\":{\"@type\":\"ImageObject\",\"inLanguage\":\"fr-FR\",\"@id\":\"https:\\\/\\\/www.lisawms.com\\\/#\\\/schema\\\/logo\\\/image\\\/\",\"url\":\"http:\\\/\\\/www.lisawms.com\\\/wp-content\\\/uploads\\\/2018\\\/03\\\/logo-lisa-distribution.png\",\"contentUrl\":\"http:\\\/\\\/www.lisawms.com\\\/wp-content\\\/uploads\\\/2018\\\/03\\\/logo-lisa-distribution.png\",\"width\":426,\"height\":180,\"caption\":\"LISA WMS\"},\"image\":{\"@id\":\"https:\\\/\\\/www.lisawms.com\\\/#\\\/schema\\\/logo\\\/image\\\/\"},\"sameAs\":[\"https:\\\/\\\/www.facebook.com\\\/nwaretechnologies\",\"https:\\\/\\\/x.com\\\/LISAtalksWMS\",\"https:\\\/\\\/www.linkedin.com\\\/company\\\/145448\",\"https:\\\/\\\/www.youtube.com\\\/channel\\\/UCl-HuOQf5YngwlixhS0SAbg\"]}]}<\/script>\n<!-- \/ Yoast SEO plugin. -->","yoast_head_json":{"title":"PDC-One - Collecte de donn\u00e9es de production en temps r\u00e9el pour SAP B1","description":"PDC-One est un logiciel int\u00e9gr\u00e9 de collecte de donn\u00e9es de production qui vous permet de suivre l'\u00e9volution des ordres de fabrication de SAP Business One","robots":{"index":"index","follow":"follow","max-snippet":"max-snippet:-1","max-image-preview":"max-image-preview:large","max-video-preview":"max-video-preview:-1"},"canonical":"https:\/\/www.lisawms.com\/fr\/produits\/pdc-one_pour_sap_business_one\/","og_locale":"fr_FR","og_type":"article","og_title":"PDC-One - Collecte de donn\u00e9es de production en temps r\u00e9el pour SAP B1","og_description":"PDC-One est un logiciel int\u00e9gr\u00e9 de collecte de donn\u00e9es de production qui vous permet de suivre l'\u00e9volution des ordres de fabrication de SAP Business One","og_url":"https:\/\/www.lisawms.com\/fr\/produits\/pdc-one_pour_sap_business_one\/","og_site_name":"LISA Distribution","article_publisher":"https:\/\/www.facebook.com\/nwaretechnologies","article_modified_time":"2018-08-29T15:23:16+00:00","twitter_card":"summary_large_image","twitter_site":"@LISAtalksWMS","twitter_misc":{"Dur\u00e9e de lecture estim\u00e9e":"5 minutes"},"schema":{"@context":"https:\/\/schema.org","@graph":[{"@type":"WebPage","@id":"https:\/\/www.lisawms.com\/fr\/produits\/pdc-one_pour_sap_business_one\/","url":"https:\/\/www.lisawms.com\/fr\/produits\/pdc-one_pour_sap_business_one\/","name":"PDC-One - Collecte de donn\u00e9es de production en temps r\u00e9el pour SAP B1","isPartOf":{"@id":"https:\/\/www.lisawms.com\/#website"},"datePublished":"2018-06-12T18:26:47+00:00","dateModified":"2018-08-29T15:23:16+00:00","description":"PDC-One est un logiciel int\u00e9gr\u00e9 de collecte de donn\u00e9es de production qui vous permet de suivre l'\u00e9volution des ordres de fabrication de SAP Business One","breadcrumb":{"@id":"https:\/\/www.lisawms.com\/fr\/produits\/pdc-one_pour_sap_business_one\/#breadcrumb"},"inLanguage":"fr-FR","potentialAction":[{"@type":"ReadAction","target":["https:\/\/www.lisawms.com\/fr\/produits\/pdc-one_pour_sap_business_one\/"]}]},{"@type":"BreadcrumbList","@id":"https:\/\/www.lisawms.com\/fr\/produits\/pdc-one_pour_sap_business_one\/#breadcrumb","itemListElement":[{"@type":"ListItem","position":1,"name":"Accueil","item":"https:\/\/www.lisawms.com\/fr\/"},{"@type":"ListItem","position":2,"name":"Produits","item":"https:\/\/www.lisawms.com\/fr\/produits\/"},{"@type":"ListItem","position":3,"name":"PDC-One pour SAP Business One"}]},{"@type":"WebSite","@id":"https:\/\/www.lisawms.com\/#website","url":"https:\/\/www.lisawms.com\/","name":"LISA WMS","description":"Wharehouse distribution made easy","publisher":{"@id":"https:\/\/www.lisawms.com\/#organization"},"potentialAction":[{"@type":"SearchAction","target":{"@type":"EntryPoint","urlTemplate":"https:\/\/www.lisawms.com\/?s={search_term_string}"},"query-input":{"@type":"PropertyValueSpecification","valueRequired":true,"valueName":"search_term_string"}}],"inLanguage":"fr-FR"},{"@type":"Organization","@id":"https:\/\/www.lisawms.com\/#organization","name":"LISA WMS","url":"https:\/\/www.lisawms.com\/","logo":{"@type":"ImageObject","inLanguage":"fr-FR","@id":"https:\/\/www.lisawms.com\/#\/schema\/logo\/image\/","url":"http:\/\/www.lisawms.com\/wp-content\/uploads\/2018\/03\/logo-lisa-distribution.png","contentUrl":"http:\/\/www.lisawms.com\/wp-content\/uploads\/2018\/03\/logo-lisa-distribution.png","width":426,"height":180,"caption":"LISA WMS"},"image":{"@id":"https:\/\/www.lisawms.com\/#\/schema\/logo\/image\/"},"sameAs":["https:\/\/www.facebook.com\/nwaretechnologies","https:\/\/x.com\/LISAtalksWMS","https:\/\/www.linkedin.com\/company\/145448","https:\/\/www.youtube.com\/channel\/UCl-HuOQf5YngwlixhS0SAbg"]}]}},"_links":{"self":[{"href":"https:\/\/www.lisawms.com\/fr\/wp-json\/wp\/v2\/pages\/1930","targetHints":{"allow":["GET"]}}],"collection":[{"href":"https:\/\/www.lisawms.com\/fr\/wp-json\/wp\/v2\/pages"}],"about":[{"href":"https:\/\/www.lisawms.com\/fr\/wp-json\/wp\/v2\/types\/page"}],"author":[{"embeddable":true,"href":"https:\/\/www.lisawms.com\/fr\/wp-json\/wp\/v2\/users\/1"}],"replies":[{"embeddable":true,"href":"https:\/\/www.lisawms.com\/fr\/wp-json\/wp\/v2\/comments?post=1930"}],"version-history":[{"count":0,"href":"https:\/\/www.lisawms.com\/fr\/wp-json\/wp\/v2\/pages\/1930\/revisions"}],"up":[{"embeddable":true,"href":"https:\/\/www.lisawms.com\/fr\/wp-json\/wp\/v2\/pages\/867"}],"wp:attachment":[{"href":"https:\/\/www.lisawms.com\/fr\/wp-json\/wp\/v2\/media?parent=1930"}],"curies":[{"name":"wp","href":"https:\/\/api.w.org\/{rel}","templated":true}]}}