{"id":904,"date":"2017-09-25T16:19:03","date_gmt":"2017-09-25T20:19:03","guid":{"rendered":"http:\/\/mr-futon.com\/industries\/medical-devices\/"},"modified":"2019-07-08T13:39:50","modified_gmt":"2019-07-08T17:39:50","slug":"dispositivos-medicos","status":"publish","type":"page","link":"https:\/\/www.lisawms.com\/es\/industrias\/dispositivos-medicos\/","title":{"rendered":"Dispositivos m\u00e9dicos"},"content":{"rendered":"<div class=\"wpb-content-wrapper\">[mk_page_section bg_image=\u00bbhttp:\/\/www.lisawms.com\/wp-content\/uploads\/2017\/09\/medical_header.jpg\u00bb bg_color=\u00bb#edaf23&#8243; blend_mode=\u00bbluminosity\u00bb bg_position=\u00bbcenter center\u00bb bg_repeat=\u00bbno-repeat\u00bb bg_stretch=\u00bbtrue\u00bb enable_3d=\u00bbtrue\u00bb speed_factor=\u00bb0.6&#8243; bg_gradient=\u00bbleft_bottom\u00bb video_color_mask=\u00bb#223356&#8243; gr_end=\u00bb#edaf23&#8243; video_opacity=\u00bb0.8&#8243; min_height=\u00bb325&#8243; full_width=\u00bbtrue\u00bb padding_top=\u00bb110&#8243; padding_bottom=\u00bb90&#8243; animation=\u00bbbottom-to-top\u00bb sidebar=\u00bbsidebar-1&#8243;][vc_column][mk_fancy_title color=\u00bb#ffffff\u00bb size=\u00bb100&#8243; font_weight=\u00bb100&#8243; font_family=\u00bbnone\u00bb align=\u00bbcenter\u00bb]DISPOSITIVOS M\u00c9DICOS[\/mk_fancy_title][\/vc_column][\/mk_page_section][vc_row][vc_column][mk_padding_divider][vc_column_text css=\u00bb.vc_custom_1529692370066{margin-bottom: 0px !important;}\u00bb]\n<h1><span id=\"result_box\" class=\"short_text\" lang=\"es\"><span class=\"\">LISA WMS PARA DISTRIBUIDORES DE DISPOSITIVOS M\u00c9DICOS<\/span><\/span><\/h1>\n[\/vc_column_text][mk_padding_divider][\/vc_column][\/vc_row][vc_row css=\u00bb.vc_custom_1505779317433{margin-bottom: 40px !important;}\u00bb][vc_column width=\u00bb2\/3&#8243;][vc_column_text css=\u00bb.vc_custom_1562607580888{margin-bottom: 0px !important;}\u00bb]<strong>La vertical de Dispositivos M\u00e9dicos precisa de una ejecuci\u00f3n eficiente de las operaciones de cadena de suministro, manteniendo un alto grado de rastreabilidad en todo momento.<\/strong> El implementar lectura de c\u00f3digos de barra en tiempo real, con un sistema de gesti\u00f3n de almacenes basado en radio frecuencias es esencial para su ejecuci\u00f3n.<\/p>\n<p>La capacidad para transaccionar con n\u00fameros de parte que son pr\u00e1cticamente id\u00e9nticos, requiere de la precisi\u00f3n del escaneo de c\u00f3digos de barra, mientras se capturan adecuadamente los n\u00fameros de serie y\/o lote para la lograr un rastreo completo a trav\u00e9s del ciclo de inventario, requiere de un sistema \u00e1gil.<\/p>\n<h2>LISA WMS permite a las compa\u00f1\u00edas de Dispositivos M\u00e9dicos optimizar su cadena de suministros al:<\/h2>\n<ul>\n<li>Utilizar la Gesti\u00f3n de Manifiestos y Contenedores para obtener visibilidad de los embarques entrantes y con ello recibirlos eficientemente al llegar al almac\u00e9n.<\/li>\n<li>Implementaci\u00f3n de c\u00f3digos de barra al momento de la recepci\u00f3n con la finalidad de registrar el inventario de manera precisa, creando la disponibilidad inmediata.<\/li>\n<li>Rastreabilidad de movimientos y consumo de stock, incluyendo n\u00fameros de serie y lotes en todo el ciclo de vida en el almac\u00e9n.<\/li>\n<li>Picking, packing y shipping utilizando actividades dirigidas para incrementar la productividad y mejorar la rastreabilidad.<\/li>\n<li>Soportar la rastreabilidad completa para asegurar que la informaci\u00f3n necesaria esta disponible en caso de un recall.<\/li>\n<li>Cumplimiento de industria y de requerimientos de clientes, con la inclusi\u00f3n de las regulaciones de la FDA para el rastreo de medicamentos y dispositivos m\u00e9dicos con n\u00fameros de lote serializados.<\/li>\n<\/ul>\n<p>Todas estas herramientas coadyuvan a la <strong>optimizaci\u00f3n de su almac\u00e9n, incrementando su precisi\u00f3n, reduciendo errores de embarque y generando una mayor satisfacci\u00f3n del cliente. Haga clic aqu\u00ed para conocer como podemos ayudar a su negocio.<\/strong>[\/vc_column_text][\/vc_column][vc_column width=\u00bb1\/3&#8243;][vc_single_image image=\u00bb398&#8243; img_size=\u00bblarge\u00bb el_class=\u00bbnicepic\u00bb][mk_padding_divider size=\u00bb30&#8243;][mk_blockquote font_family=\u00bbnone\u00bb]<em>Novocure conf\u00eda en SAP Business One y LISA WMS el manejo eficiente de sus inventarios a trav\u00e9s de toda la cadena de suministro. Esto brinda los detalles en tiempo real de la ubicaci\u00f3n y estatus de cada uno de los dispositivos.<\/em>[\/mk_blockquote][\/vc_column][\/vc_row][vc_row fullwidth=\u00bbtrue\u00bb fullwidth_content=\u00bbfalse\u00bb css=\u00bb.vc_custom_1507158730214{background-color: #edaf23 !important;}\u00bb][vc_column][mk_padding_divider size=\u00bb30&#8243;][vc_row_inner][vc_column_inner width=\u00bb2\/3&#8243;][mk_padding_divider size=\u00bb10&#8243;][mk_fancy_title tag_name=\u00bbh5&#8243; color=\u00bb#ffffff\u00bb size=\u00bb30&#8243; font_weight=\u00bb400&#8243; txt_transform=\u00bbnone\u00bb font_family=\u00bbOpen+Sans\u00bb font_type=\u00bbgoogle\u00bb align=\u00bbcenter\u00bb]\n<p class=\"p1\"><span class=\"s1\">\u00bfLISTO PARA OPTIMIZAR TU ALMAC\u00c9N?<\/span><\/p>\n[\/mk_fancy_title][\/vc_column_inner][vc_column_inner width=\u00bb1\/3&#8243;][mk_button dimension=\u00bbflat\u00bb size=\u00bblarge\u00bb url=\u00bbhttps:\/\/www.lisawms.com\/es\/contacto\u00bb margin_right=\u00bb0&#8243; bg_color=\u00bb#ffffff\u00bb btn_hover_bg=\u00bb#dedede\u00bb text_color=\u00bbdark\u00bb btn_hover_txt_color=\u00bb#0a0a0a\u00bb]PROGRAMAR UNA REUNI\u00d3N[\/mk_button][\/vc_column_inner][\/vc_row_inner][\/vc_column][\/vc_row]\n<\/div>","protected":false},"excerpt":{"rendered":"<p>[mk_page_section bg_image=\u00bbhttp:\/\/www.lisawms.com\/wp-content\/uploads\/2017\/09\/medical_header.jpg\u00bb bg_color=\u00bb#edaf23&#8243; blend_mode=\u00bbluminosity\u00bb bg_position=\u00bbcenter center\u00bb bg_repeat=\u00bbno-repeat\u00bb bg_stretch=\u00bbtrue\u00bb enable_3d=\u00bbtrue\u00bb speed_factor=\u00bb0.6&#8243; bg_gradient=\u00bbleft_bottom\u00bb video_color_mask=\u00bb#223356&#8243; gr_end=\u00bb#edaf23&#8243; video_opacity=\u00bb0.8&#8243; min_height=\u00bb325&#8243; full_width=\u00bbtrue\u00bb padding_top=\u00bb110&#8243; padding_bottom=\u00bb90&#8243; animation=\u00bbbottom-to-top\u00bb sidebar=\u00bbsidebar-1&#8243;][vc_column][mk_fancy_title color=\u00bb#ffffff\u00bb size=\u00bb100&#8243; font_weight=\u00bb100&#8243; font_family=\u00bbnone\u00bb align=\u00bbcenter\u00bb]DISPOSITIVOS M\u00c9DICOS[\/mk_fancy_title][\/vc_column][\/mk_page_section][vc_row][vc_column][mk_padding_divider][vc_column_text css=\u00bb.vc_custom_1529692370066{margin-bottom: 0px !important;}\u00bb] LISA WMS PARA DISTRIBUIDORES DE DISPOSITIVOS M\u00c9DICOS [\/vc_column_text][mk_padding_divider][\/vc_column][\/vc_row][vc_row css=\u00bb.vc_custom_1505779317433{margin-bottom: 40px !important;}\u00bb][vc_column width=\u00bb2\/3&#8243;][vc_column_text css=\u00bb.vc_custom_1562607580888{margin-bottom: 0px !important;}\u00bb]La vertical de Dispositivos M\u00e9dicos precisa de una ejecuci\u00f3n eficiente de las [&hellip;]<\/p>\n","protected":false},"author":1,"featured_media":0,"parent":890,"menu_order":-860,"comment_status":"closed","ping_status":"closed","template":"","meta":{"footnotes":""},"class_list":["post-904","page","type-page","status-publish","hentry"],"yoast_head":"<!-- This site is optimized with the Yoast SEO plugin v27.5 - https:\/\/yoast.com\/product\/yoast-seo-wordpress\/ -->\n<title>Dispositivos M\u00e9dicos | Industrias | Lisa WMS<\/title>\n<meta name=\"description\" content=\"La vertical de Dispositivos M\u00e9dicos precisa de una ejecuci\u00f3n eficiente de las operaciones de cadena de suministro, manteniendo un alto grado de...\" \/>\n<meta name=\"robots\" content=\"index, follow, max-snippet:-1, max-image-preview:large, max-video-preview:-1\" \/>\n<link rel=\"canonical\" href=\"https:\/\/www.lisawms.com\/es\/industrias\/dispositivos-medicos\/\" \/>\n<meta property=\"og:locale\" content=\"es_ES\" \/>\n<meta property=\"og:type\" content=\"article\" \/>\n<meta property=\"og:title\" content=\"Dispositivos M\u00e9dicos | Industrias | Lisa WMS\" \/>\n<meta property=\"og:description\" content=\"La vertical de Dispositivos M\u00e9dicos precisa de una ejecuci\u00f3n eficiente de las operaciones de cadena de suministro, manteniendo un alto grado de...\" \/>\n<meta property=\"og:url\" content=\"https:\/\/www.lisawms.com\/es\/industrias\/dispositivos-medicos\/\" \/>\n<meta property=\"og:site_name\" content=\"LISA WMS\" \/>\n<meta property=\"article:publisher\" content=\"https:\/\/www.facebook.com\/nwaretechnologies\" \/>\n<meta property=\"article:modified_time\" content=\"2019-07-08T17:39:50+00:00\" \/>\n<meta name=\"twitter:card\" content=\"summary_large_image\" \/>\n<meta name=\"twitter:site\" content=\"@LISAtalksWMS\" \/>\n<meta name=\"twitter:label1\" content=\"Tiempo de lectura\" \/>\n\t<meta name=\"twitter:data1\" content=\"3 minutos\" \/>\n<script type=\"application\/ld+json\" class=\"yoast-schema-graph\">{\"@context\":\"https:\\\/\\\/schema.org\",\"@graph\":[{\"@type\":\"WebPage\",\"@id\":\"https:\\\/\\\/www.lisawms.com\\\/es\\\/industrias\\\/dispositivos-medicos\\\/\",\"url\":\"https:\\\/\\\/www.lisawms.com\\\/es\\\/industrias\\\/dispositivos-medicos\\\/\",\"name\":\"Dispositivos M\u00e9dicos | Industrias | Lisa WMS\",\"isPartOf\":{\"@id\":\"https:\\\/\\\/www.lisawms.com\\\/#website\"},\"datePublished\":\"2017-09-25T20:19:03+00:00\",\"dateModified\":\"2019-07-08T17:39:50+00:00\",\"description\":\"La vertical de Dispositivos M\u00e9dicos precisa de una ejecuci\u00f3n eficiente de las operaciones de cadena de suministro, manteniendo un alto grado de...\",\"breadcrumb\":{\"@id\":\"https:\\\/\\\/www.lisawms.com\\\/es\\\/industrias\\\/dispositivos-medicos\\\/#breadcrumb\"},\"inLanguage\":\"es\",\"potentialAction\":[{\"@type\":\"ReadAction\",\"target\":[\"https:\\\/\\\/www.lisawms.com\\\/es\\\/industrias\\\/dispositivos-medicos\\\/\"]}]},{\"@type\":\"BreadcrumbList\",\"@id\":\"https:\\\/\\\/www.lisawms.com\\\/es\\\/industrias\\\/dispositivos-medicos\\\/#breadcrumb\",\"itemListElement\":[{\"@type\":\"ListItem\",\"position\":1,\"name\":\"Accueil\",\"item\":\"https:\\\/\\\/www.lisawms.com\\\/es\\\/\"},{\"@type\":\"ListItem\",\"position\":2,\"name\":\"Industrias\",\"item\":\"https:\\\/\\\/www.lisawms.com\\\/es\\\/industrias\\\/\"},{\"@type\":\"ListItem\",\"position\":3,\"name\":\"Dispositivos m\u00e9dicos\"}]},{\"@type\":\"WebSite\",\"@id\":\"https:\\\/\\\/www.lisawms.com\\\/#website\",\"url\":\"https:\\\/\\\/www.lisawms.com\\\/\",\"name\":\"LISA WMS\",\"description\":\"Warehouse Management System Solution\",\"publisher\":{\"@id\":\"https:\\\/\\\/www.lisawms.com\\\/#organization\"},\"potentialAction\":[{\"@type\":\"SearchAction\",\"target\":{\"@type\":\"EntryPoint\",\"urlTemplate\":\"https:\\\/\\\/www.lisawms.com\\\/?s={search_term_string}\"},\"query-input\":{\"@type\":\"PropertyValueSpecification\",\"valueRequired\":true,\"valueName\":\"search_term_string\"}}],\"inLanguage\":\"es\"},{\"@type\":\"Organization\",\"@id\":\"https:\\\/\\\/www.lisawms.com\\\/#organization\",\"name\":\"LISA WMS\",\"url\":\"https:\\\/\\\/www.lisawms.com\\\/\",\"logo\":{\"@type\":\"ImageObject\",\"inLanguage\":\"es\",\"@id\":\"https:\\\/\\\/www.lisawms.com\\\/#\\\/schema\\\/logo\\\/image\\\/\",\"url\":\"http:\\\/\\\/www.lisawms.com\\\/wp-content\\\/uploads\\\/2018\\\/03\\\/logo-lisa-distribution.png\",\"contentUrl\":\"http:\\\/\\\/www.lisawms.com\\\/wp-content\\\/uploads\\\/2018\\\/03\\\/logo-lisa-distribution.png\",\"width\":426,\"height\":180,\"caption\":\"LISA WMS\"},\"image\":{\"@id\":\"https:\\\/\\\/www.lisawms.com\\\/#\\\/schema\\\/logo\\\/image\\\/\"},\"sameAs\":[\"https:\\\/\\\/www.facebook.com\\\/nwaretechnologies\",\"https:\\\/\\\/x.com\\\/LISAtalksWMS\",\"https:\\\/\\\/www.linkedin.com\\\/company\\\/145448\",\"https:\\\/\\\/www.youtube.com\\\/channel\\\/UCl-HuOQf5YngwlixhS0SAbg\"]}]}<\/script>\n<!-- \/ Yoast SEO plugin. -->","yoast_head_json":{"title":"Dispositivos M\u00e9dicos | Industrias | Lisa WMS","description":"La vertical de Dispositivos M\u00e9dicos precisa de una ejecuci\u00f3n eficiente de las operaciones de cadena de suministro, manteniendo un alto grado de...","robots":{"index":"index","follow":"follow","max-snippet":"max-snippet:-1","max-image-preview":"max-image-preview:large","max-video-preview":"max-video-preview:-1"},"canonical":"https:\/\/www.lisawms.com\/es\/industrias\/dispositivos-medicos\/","og_locale":"es_ES","og_type":"article","og_title":"Dispositivos M\u00e9dicos | Industrias | Lisa WMS","og_description":"La vertical de Dispositivos M\u00e9dicos precisa de una ejecuci\u00f3n eficiente de las operaciones de cadena de suministro, manteniendo un alto grado de...","og_url":"https:\/\/www.lisawms.com\/es\/industrias\/dispositivos-medicos\/","og_site_name":"LISA WMS","article_publisher":"https:\/\/www.facebook.com\/nwaretechnologies","article_modified_time":"2019-07-08T17:39:50+00:00","twitter_card":"summary_large_image","twitter_site":"@LISAtalksWMS","twitter_misc":{"Tiempo de lectura":"3 minutos"},"schema":{"@context":"https:\/\/schema.org","@graph":[{"@type":"WebPage","@id":"https:\/\/www.lisawms.com\/es\/industrias\/dispositivos-medicos\/","url":"https:\/\/www.lisawms.com\/es\/industrias\/dispositivos-medicos\/","name":"Dispositivos M\u00e9dicos | Industrias | Lisa WMS","isPartOf":{"@id":"https:\/\/www.lisawms.com\/#website"},"datePublished":"2017-09-25T20:19:03+00:00","dateModified":"2019-07-08T17:39:50+00:00","description":"La vertical de Dispositivos M\u00e9dicos precisa de una ejecuci\u00f3n eficiente de las operaciones de cadena de suministro, manteniendo un alto grado de...","breadcrumb":{"@id":"https:\/\/www.lisawms.com\/es\/industrias\/dispositivos-medicos\/#breadcrumb"},"inLanguage":"es","potentialAction":[{"@type":"ReadAction","target":["https:\/\/www.lisawms.com\/es\/industrias\/dispositivos-medicos\/"]}]},{"@type":"BreadcrumbList","@id":"https:\/\/www.lisawms.com\/es\/industrias\/dispositivos-medicos\/#breadcrumb","itemListElement":[{"@type":"ListItem","position":1,"name":"Accueil","item":"https:\/\/www.lisawms.com\/es\/"},{"@type":"ListItem","position":2,"name":"Industrias","item":"https:\/\/www.lisawms.com\/es\/industrias\/"},{"@type":"ListItem","position":3,"name":"Dispositivos m\u00e9dicos"}]},{"@type":"WebSite","@id":"https:\/\/www.lisawms.com\/#website","url":"https:\/\/www.lisawms.com\/","name":"LISA WMS","description":"Warehouse Management System Solution","publisher":{"@id":"https:\/\/www.lisawms.com\/#organization"},"potentialAction":[{"@type":"SearchAction","target":{"@type":"EntryPoint","urlTemplate":"https:\/\/www.lisawms.com\/?s={search_term_string}"},"query-input":{"@type":"PropertyValueSpecification","valueRequired":true,"valueName":"search_term_string"}}],"inLanguage":"es"},{"@type":"Organization","@id":"https:\/\/www.lisawms.com\/#organization","name":"LISA WMS","url":"https:\/\/www.lisawms.com\/","logo":{"@type":"ImageObject","inLanguage":"es","@id":"https:\/\/www.lisawms.com\/#\/schema\/logo\/image\/","url":"http:\/\/www.lisawms.com\/wp-content\/uploads\/2018\/03\/logo-lisa-distribution.png","contentUrl":"http:\/\/www.lisawms.com\/wp-content\/uploads\/2018\/03\/logo-lisa-distribution.png","width":426,"height":180,"caption":"LISA WMS"},"image":{"@id":"https:\/\/www.lisawms.com\/#\/schema\/logo\/image\/"},"sameAs":["https:\/\/www.facebook.com\/nwaretechnologies","https:\/\/x.com\/LISAtalksWMS","https:\/\/www.linkedin.com\/company\/145448","https:\/\/www.youtube.com\/channel\/UCl-HuOQf5YngwlixhS0SAbg"]}]}},"_links":{"self":[{"href":"https:\/\/www.lisawms.com\/es\/wp-json\/wp\/v2\/pages\/904","targetHints":{"allow":["GET"]}}],"collection":[{"href":"https:\/\/www.lisawms.com\/es\/wp-json\/wp\/v2\/pages"}],"about":[{"href":"https:\/\/www.lisawms.com\/es\/wp-json\/wp\/v2\/types\/page"}],"author":[{"embeddable":true,"href":"https:\/\/www.lisawms.com\/es\/wp-json\/wp\/v2\/users\/1"}],"replies":[{"embeddable":true,"href":"https:\/\/www.lisawms.com\/es\/wp-json\/wp\/v2\/comments?post=904"}],"version-history":[{"count":0,"href":"https:\/\/www.lisawms.com\/es\/wp-json\/wp\/v2\/pages\/904\/revisions"}],"up":[{"embeddable":true,"href":"https:\/\/www.lisawms.com\/es\/wp-json\/wp\/v2\/pages\/890"}],"wp:attachment":[{"href":"https:\/\/www.lisawms.com\/es\/wp-json\/wp\/v2\/media?parent=904"}],"curies":[{"name":"wp","href":"https:\/\/api.w.org\/{rel}","templated":true}]}}