{"id":888,"date":"2017-09-25T15:28:23","date_gmt":"2017-09-25T19:28:23","guid":{"rendered":"http:\/\/mr-futon.com\/automotive-aftermarket\/"},"modified":"2018-06-22T14:49:31","modified_gmt":"2018-06-22T18:49:31","slug":"mercado-de-autopartes","status":"publish","type":"page","link":"https:\/\/www.lisawms.com\/es\/industrias\/mercado-de-autopartes\/","title":{"rendered":"Mercado de autopartes"},"content":{"rendered":"<div class=\"wpb-content-wrapper\">[mk_page_section bg_image=\u00bbhttp:\/\/www.lisawms.com\/wp-content\/uploads\/2017\/09\/automotive_header.jpg\u00bb bg_color=\u00bb#edaf23&#8243; blend_mode=\u00bbluminosity\u00bb bg_position=\u00bbcenter center\u00bb bg_repeat=\u00bbno-repeat\u00bb bg_stretch=\u00bbtrue\u00bb enable_3d=\u00bbtrue\u00bb speed_factor=\u00bb0.6&#8243; bg_gradient=\u00bbleft_bottom\u00bb video_color_mask=\u00bb#223356&#8243; gr_end=\u00bb#edaf23&#8243; video_opacity=\u00bb0.8&#8243; min_height=\u00bb325&#8243; full_width=\u00bbtrue\u00bb padding_top=\u00bb110&#8243; padding_bottom=\u00bb90&#8243; animation=\u00bbbottom-to-top\u00bb sidebar=\u00bbsidebar-1&#8243;][vc_column][mk_fancy_title color=\u00bb#ffffff\u00bb size=\u00bb100&#8243; font_weight=\u00bb100&#8243; font_family=\u00bbnone\u00bb align=\u00bbcenter\u00bb]MERCADO DE AUTOPARTES[\/mk_fancy_title][\/vc_column][\/mk_page_section][vc_row][vc_column][mk_padding_divider][vc_column_text css=\u00bb.vc_custom_1529691106327{margin-bottom: 0px !important;}\u00bb]\n<h1>LISA WMS PARA DISTRIBUIDORES DE PIEZAS DE AUTOM\u00d3VIL<\/h1>\n[\/vc_column_text][mk_padding_divider][\/vc_column][\/vc_row][vc_row css=\u00bb.vc_custom_1505779317433{margin-bottom: 40px !important;}\u00bb][vc_column width=\u00bb2\/3&#8243;][vc_video link=\u00bbhttps:\/\/youtu.be\/KnkM_tMgBvA\u00bb][vc_column_text css=\u00bb.vc_custom_1528747974458{margin-top: 25px !important;margin-bottom: 0px !important;}\u00bb]<strong>El Mercado de Autopartes es altamente competitivo, por lo que la eficiencia en la ejecuci\u00f3n de operaciones de la cadena de suministro son cr\u00edticas.<\/strong> El implementar lectura de c\u00f3digos de barra en tiempo real, con un sistema de gesti\u00f3n de almacenes basado en radio frecuencias es esencial para ser exitoso.<\/p>\n<p>El escaneo de c\u00f3digos de barra en tiempo real brinda visibilidad instant\u00e1nea, as\u00ed como la disponibilidad requerida para cumplir con los fill rates y requerimientos de retailers de grandes cadenas. Procesar el stock eficientemente en todo el ciclo del inventario le permitir\u00e1 mantenerse como un proveedor de calidad.<\/p>\n<h2>LISA WMS permite a las compa\u00f1\u00edas de la vertical de Autopartes optimizar su cadena de suministros al:<\/h2>\n<ul>\n<li>Utilizar la Gesti\u00f3n de Manifiestos y Contenedores para obtener visibilidad de los embarques entrantes y con ello recibirlos eficientemente al llegar al almac\u00e9n.<\/li>\n<li>Implementaci\u00f3n de c\u00f3digos de barra al momento de la recepci\u00f3n con la finalidad de registrar el inventario de manera precisa, creando la disponibilidad inmediata.<\/li>\n<li>Incremente los fill rates al utilizar la funcionalidad de Cross Docking.<\/li>\n<li>Rastreabilidad de movimientos y consumo de stock, incluyendo n\u00fameros de serie y lotes en todo el ciclo de vida en el almac\u00e9n.<\/li>\n<li>Picking, packing y shipping utilizando actividades dirigidas para incrementar la productividad y mejorar la rastreabilidad.<\/li>\n<li>Creaci\u00f3n de datos ASN para integrar con sistemas EDI.<\/li>\n<\/ul>\n<p>Todas estas herramientas coadyuvan a la <strong>optimizaci\u00f3n de su almac\u00e9n, incrementando su precisi\u00f3n, reduciendo errores de embarque y permitiendo ser competitivo en esta industria. Haga clic aqu\u00ed para conocer como podemos ayudar a su negocio.<\/strong>[\/vc_column_text][\/vc_column][vc_column width=\u00bb1\/3&#8243;][vc_single_image image=\u00bb1245&#8243; img_size=\u00bblarge\u00bb el_class=\u00bbnicepic\u00bb][mk_padding_divider size=\u00bb30&#8243;][mk_blockquote font_family=\u00bbnone\u00bb]<em>Hemos incrementado nuestra capacidad 10 veces, reduciendo nuestros tiempos de entrega de horas a minutos en nuestro negocio de internet y semanas a horas en nuestro negocio de distribuci\u00f3n.\u00a0SAP Business One y LISA WMS nos han brindado exactamente lo que necesitamos y m\u00e1s, a un precio muy competitivo. Hemos adem\u00e1s a\u00f1adido dos vendedores m\u00e1s, con la finalidad de crecer nuestro negocio sumando clientes nuevos. Estamos confiados en que \u00e9sta es la soluci\u00f3n que soportar\u00e1 nuestros planes de crecimiento.<\/em><\/p>\n<p>&nbsp;<\/p>\n<p style=\"text-align: right;\"><strong>David Wilhite, Presidente<br \/>\nNeotek Corporation<\/strong><\/p>\n[\/mk_blockquote][vc_column_text css=\u00bb.vc_custom_1529693363452{margin-bottom: 0px !important;}\u00bb]\n<h3 style=\"text-align: center;\">WMS CASO DE \u00c9XITO:<br \/>\nMERCADO DE AUTOPARTES<\/h3>\n<p style=\"text-align: center;\">Vea usted mismo c\u00f3mo nuestro cliente, <a href=\"https:\/\/www.lisawms.com\/es\/neotek-incrementa-x10-la-productividad-en-el-almacen-con-lisa-wms\/\">Neotek<\/a>, ha multiplicado por diez la productividad de su almac\u00e9n con LISA WMS para soluciones SAP.<\/p>\n[\/vc_column_text][mk_button dimension=\u00bbflat\u00bb size=\u00bblarge\u00bb url=\u00bb\/es\/neotek-incrementa-x10-la-productividad-en-el-almacen-con-lisa-wms\/\u00bb align=\u00bbcenter\u00bb bg_color=\u00bb#666666&#8243;]LEER LA HISTORIA COMPLETA[\/mk_button][\/vc_column][\/vc_row][vc_row fullwidth=\u00bbtrue\u00bb fullwidth_content=\u00bbfalse\u00bb css=\u00bb.vc_custom_1507158730214{background-color: #edaf23 !important;}\u00bb][vc_column][mk_padding_divider size=\u00bb30&#8243;][vc_row_inner][vc_column_inner width=\u00bb2\/3&#8243;][mk_padding_divider size=\u00bb10&#8243;][mk_fancy_title tag_name=\u00bbh5&#8243; color=\u00bb#ffffff\u00bb size=\u00bb30&#8243; font_weight=\u00bb400&#8243; txt_transform=\u00bbnone\u00bb font_family=\u00bbOpen+Sans\u00bb font_type=\u00bbgoogle\u00bb align=\u00bbcenter\u00bb]\u00bfLISTO PARA OPTIMIZAR TU ALMAC\u00c9N?[\/mk_fancy_title][\/vc_column_inner][vc_column_inner width=\u00bb1\/3&#8243;][mk_button dimension=\u00bbflat\u00bb size=\u00bblarge\u00bb url=\u00bbhttps:\/\/www.lisawms.com\/es\/contacto\u00bb margin_right=\u00bb0&#8243; bg_color=\u00bb#ffffff\u00bb btn_hover_bg=\u00bb#dedede\u00bb text_color=\u00bbdark\u00bb btn_hover_txt_color=\u00bb#0a0a0a\u00bb]PROGRAMAR UNA REUNI\u00d3N[\/mk_button][\/vc_column_inner][\/vc_row_inner][\/vc_column][\/vc_row]\n<\/div>","protected":false},"excerpt":{"rendered":"<p>[mk_page_section bg_image=\u00bbhttp:\/\/www.lisawms.com\/wp-content\/uploads\/2017\/09\/automotive_header.jpg\u00bb bg_color=\u00bb#edaf23&#8243; blend_mode=\u00bbluminosity\u00bb bg_position=\u00bbcenter center\u00bb bg_repeat=\u00bbno-repeat\u00bb bg_stretch=\u00bbtrue\u00bb enable_3d=\u00bbtrue\u00bb speed_factor=\u00bb0.6&#8243; bg_gradient=\u00bbleft_bottom\u00bb video_color_mask=\u00bb#223356&#8243; gr_end=\u00bb#edaf23&#8243; video_opacity=\u00bb0.8&#8243; min_height=\u00bb325&#8243; full_width=\u00bbtrue\u00bb padding_top=\u00bb110&#8243; padding_bottom=\u00bb90&#8243; animation=\u00bbbottom-to-top\u00bb sidebar=\u00bbsidebar-1&#8243;][vc_column][mk_fancy_title color=\u00bb#ffffff\u00bb size=\u00bb100&#8243; font_weight=\u00bb100&#8243; font_family=\u00bbnone\u00bb align=\u00bbcenter\u00bb]MERCADO DE AUTOPARTES[\/mk_fancy_title][\/vc_column][\/mk_page_section][vc_row][vc_column][mk_padding_divider][vc_column_text css=\u00bb.vc_custom_1529691106327{margin-bottom: 0px !important;}\u00bb] LISA WMS PARA DISTRIBUIDORES DE PIEZAS DE AUTOM\u00d3VIL [\/vc_column_text][mk_padding_divider][\/vc_column][\/vc_row][vc_row css=\u00bb.vc_custom_1505779317433{margin-bottom: 40px !important;}\u00bb][vc_column width=\u00bb2\/3&#8243;][vc_video link=\u00bbhttps:\/\/youtu.be\/KnkM_tMgBvA\u00bb][vc_column_text css=\u00bb.vc_custom_1528747974458{margin-top: 25px !important;margin-bottom: 0px !important;}\u00bb]El Mercado de Autopartes es altamente competitivo, [&hellip;]<\/p>\n","protected":false},"author":1,"featured_media":0,"parent":890,"menu_order":-890,"comment_status":"closed","ping_status":"closed","template":"","meta":{"footnotes":""},"class_list":["post-888","page","type-page","status-publish","hentry"],"yoast_head":"<!-- This site is optimized with the Yoast SEO plugin v27.5 - https:\/\/yoast.com\/product\/yoast-seo-wordpress\/ -->\n<title>El Mercado de Autopartes | Industrias | LISA WMS<\/title>\n<meta name=\"description\" content=\"El Mercado de Autopartes es altamente competitivo, por lo que la eficiencia en la ejecuci\u00f3n de operaciones de la cadena de suministro son...\" \/>\n<meta name=\"robots\" content=\"index, follow, max-snippet:-1, max-image-preview:large, max-video-preview:-1\" \/>\n<link rel=\"canonical\" href=\"https:\/\/www.lisawms.com\/es\/industrias\/mercado-de-autopartes\/\" \/>\n<meta property=\"og:locale\" content=\"es_ES\" \/>\n<meta property=\"og:type\" content=\"article\" \/>\n<meta property=\"og:title\" content=\"El Mercado de Autopartes | Industrias | LISA WMS\" \/>\n<meta property=\"og:description\" content=\"El Mercado de Autopartes es altamente competitivo, por lo que la eficiencia en la ejecuci\u00f3n de operaciones de la cadena de suministro son...\" \/>\n<meta property=\"og:url\" content=\"https:\/\/www.lisawms.com\/es\/industrias\/mercado-de-autopartes\/\" \/>\n<meta property=\"og:site_name\" content=\"LISA WMS\" \/>\n<meta property=\"article:publisher\" content=\"https:\/\/www.facebook.com\/nwaretechnologies\" \/>\n<meta property=\"article:modified_time\" content=\"2018-06-22T18:49:31+00:00\" \/>\n<meta name=\"twitter:card\" content=\"summary_large_image\" \/>\n<meta name=\"twitter:site\" content=\"@LISAtalksWMS\" \/>\n<meta name=\"twitter:label1\" content=\"Tiempo de lectura\" \/>\n\t<meta name=\"twitter:data1\" content=\"4 minutos\" \/>\n<script type=\"application\/ld+json\" class=\"yoast-schema-graph\">{\"@context\":\"https:\\\/\\\/schema.org\",\"@graph\":[{\"@type\":\"WebPage\",\"@id\":\"https:\\\/\\\/www.lisawms.com\\\/es\\\/industrias\\\/mercado-de-autopartes\\\/\",\"url\":\"https:\\\/\\\/www.lisawms.com\\\/es\\\/industrias\\\/mercado-de-autopartes\\\/\",\"name\":\"El Mercado de Autopartes | Industrias | LISA WMS\",\"isPartOf\":{\"@id\":\"https:\\\/\\\/www.lisawms.com\\\/#website\"},\"datePublished\":\"2017-09-25T19:28:23+00:00\",\"dateModified\":\"2018-06-22T18:49:31+00:00\",\"description\":\"El Mercado de Autopartes es altamente competitivo, por lo que la eficiencia en la ejecuci\u00f3n de operaciones de la cadena de suministro son...\",\"breadcrumb\":{\"@id\":\"https:\\\/\\\/www.lisawms.com\\\/es\\\/industrias\\\/mercado-de-autopartes\\\/#breadcrumb\"},\"inLanguage\":\"es\",\"potentialAction\":[{\"@type\":\"ReadAction\",\"target\":[\"https:\\\/\\\/www.lisawms.com\\\/es\\\/industrias\\\/mercado-de-autopartes\\\/\"]}]},{\"@type\":\"BreadcrumbList\",\"@id\":\"https:\\\/\\\/www.lisawms.com\\\/es\\\/industrias\\\/mercado-de-autopartes\\\/#breadcrumb\",\"itemListElement\":[{\"@type\":\"ListItem\",\"position\":1,\"name\":\"Accueil\",\"item\":\"https:\\\/\\\/www.lisawms.com\\\/es\\\/\"},{\"@type\":\"ListItem\",\"position\":2,\"name\":\"Industrias\",\"item\":\"https:\\\/\\\/www.lisawms.com\\\/es\\\/industrias\\\/\"},{\"@type\":\"ListItem\",\"position\":3,\"name\":\"Mercado de autopartes\"}]},{\"@type\":\"WebSite\",\"@id\":\"https:\\\/\\\/www.lisawms.com\\\/#website\",\"url\":\"https:\\\/\\\/www.lisawms.com\\\/\",\"name\":\"LISA WMS\",\"description\":\"Warehouse Management System Solution\",\"publisher\":{\"@id\":\"https:\\\/\\\/www.lisawms.com\\\/#organization\"},\"potentialAction\":[{\"@type\":\"SearchAction\",\"target\":{\"@type\":\"EntryPoint\",\"urlTemplate\":\"https:\\\/\\\/www.lisawms.com\\\/?s={search_term_string}\"},\"query-input\":{\"@type\":\"PropertyValueSpecification\",\"valueRequired\":true,\"valueName\":\"search_term_string\"}}],\"inLanguage\":\"es\"},{\"@type\":\"Organization\",\"@id\":\"https:\\\/\\\/www.lisawms.com\\\/#organization\",\"name\":\"LISA WMS\",\"url\":\"https:\\\/\\\/www.lisawms.com\\\/\",\"logo\":{\"@type\":\"ImageObject\",\"inLanguage\":\"es\",\"@id\":\"https:\\\/\\\/www.lisawms.com\\\/#\\\/schema\\\/logo\\\/image\\\/\",\"url\":\"http:\\\/\\\/www.lisawms.com\\\/wp-content\\\/uploads\\\/2018\\\/03\\\/logo-lisa-distribution.png\",\"contentUrl\":\"http:\\\/\\\/www.lisawms.com\\\/wp-content\\\/uploads\\\/2018\\\/03\\\/logo-lisa-distribution.png\",\"width\":426,\"height\":180,\"caption\":\"LISA WMS\"},\"image\":{\"@id\":\"https:\\\/\\\/www.lisawms.com\\\/#\\\/schema\\\/logo\\\/image\\\/\"},\"sameAs\":[\"https:\\\/\\\/www.facebook.com\\\/nwaretechnologies\",\"https:\\\/\\\/x.com\\\/LISAtalksWMS\",\"https:\\\/\\\/www.linkedin.com\\\/company\\\/145448\",\"https:\\\/\\\/www.youtube.com\\\/channel\\\/UCl-HuOQf5YngwlixhS0SAbg\"]}]}<\/script>\n<!-- \/ Yoast SEO plugin. -->","yoast_head_json":{"title":"El Mercado de Autopartes | Industrias | LISA WMS","description":"El Mercado de Autopartes es altamente competitivo, por lo que la eficiencia en la ejecuci\u00f3n de operaciones de la cadena de suministro son...","robots":{"index":"index","follow":"follow","max-snippet":"max-snippet:-1","max-image-preview":"max-image-preview:large","max-video-preview":"max-video-preview:-1"},"canonical":"https:\/\/www.lisawms.com\/es\/industrias\/mercado-de-autopartes\/","og_locale":"es_ES","og_type":"article","og_title":"El Mercado de Autopartes | Industrias | LISA WMS","og_description":"El Mercado de Autopartes es altamente competitivo, por lo que la eficiencia en la ejecuci\u00f3n de operaciones de la cadena de suministro son...","og_url":"https:\/\/www.lisawms.com\/es\/industrias\/mercado-de-autopartes\/","og_site_name":"LISA WMS","article_publisher":"https:\/\/www.facebook.com\/nwaretechnologies","article_modified_time":"2018-06-22T18:49:31+00:00","twitter_card":"summary_large_image","twitter_site":"@LISAtalksWMS","twitter_misc":{"Tiempo de lectura":"4 minutos"},"schema":{"@context":"https:\/\/schema.org","@graph":[{"@type":"WebPage","@id":"https:\/\/www.lisawms.com\/es\/industrias\/mercado-de-autopartes\/","url":"https:\/\/www.lisawms.com\/es\/industrias\/mercado-de-autopartes\/","name":"El Mercado de Autopartes | Industrias | LISA WMS","isPartOf":{"@id":"https:\/\/www.lisawms.com\/#website"},"datePublished":"2017-09-25T19:28:23+00:00","dateModified":"2018-06-22T18:49:31+00:00","description":"El Mercado de Autopartes es altamente competitivo, por lo que la eficiencia en la ejecuci\u00f3n de operaciones de la cadena de suministro son...","breadcrumb":{"@id":"https:\/\/www.lisawms.com\/es\/industrias\/mercado-de-autopartes\/#breadcrumb"},"inLanguage":"es","potentialAction":[{"@type":"ReadAction","target":["https:\/\/www.lisawms.com\/es\/industrias\/mercado-de-autopartes\/"]}]},{"@type":"BreadcrumbList","@id":"https:\/\/www.lisawms.com\/es\/industrias\/mercado-de-autopartes\/#breadcrumb","itemListElement":[{"@type":"ListItem","position":1,"name":"Accueil","item":"https:\/\/www.lisawms.com\/es\/"},{"@type":"ListItem","position":2,"name":"Industrias","item":"https:\/\/www.lisawms.com\/es\/industrias\/"},{"@type":"ListItem","position":3,"name":"Mercado de autopartes"}]},{"@type":"WebSite","@id":"https:\/\/www.lisawms.com\/#website","url":"https:\/\/www.lisawms.com\/","name":"LISA WMS","description":"Warehouse Management System Solution","publisher":{"@id":"https:\/\/www.lisawms.com\/#organization"},"potentialAction":[{"@type":"SearchAction","target":{"@type":"EntryPoint","urlTemplate":"https:\/\/www.lisawms.com\/?s={search_term_string}"},"query-input":{"@type":"PropertyValueSpecification","valueRequired":true,"valueName":"search_term_string"}}],"inLanguage":"es"},{"@type":"Organization","@id":"https:\/\/www.lisawms.com\/#organization","name":"LISA WMS","url":"https:\/\/www.lisawms.com\/","logo":{"@type":"ImageObject","inLanguage":"es","@id":"https:\/\/www.lisawms.com\/#\/schema\/logo\/image\/","url":"http:\/\/www.lisawms.com\/wp-content\/uploads\/2018\/03\/logo-lisa-distribution.png","contentUrl":"http:\/\/www.lisawms.com\/wp-content\/uploads\/2018\/03\/logo-lisa-distribution.png","width":426,"height":180,"caption":"LISA WMS"},"image":{"@id":"https:\/\/www.lisawms.com\/#\/schema\/logo\/image\/"},"sameAs":["https:\/\/www.facebook.com\/nwaretechnologies","https:\/\/x.com\/LISAtalksWMS","https:\/\/www.linkedin.com\/company\/145448","https:\/\/www.youtube.com\/channel\/UCl-HuOQf5YngwlixhS0SAbg"]}]}},"_links":{"self":[{"href":"https:\/\/www.lisawms.com\/es\/wp-json\/wp\/v2\/pages\/888","targetHints":{"allow":["GET"]}}],"collection":[{"href":"https:\/\/www.lisawms.com\/es\/wp-json\/wp\/v2\/pages"}],"about":[{"href":"https:\/\/www.lisawms.com\/es\/wp-json\/wp\/v2\/types\/page"}],"author":[{"embeddable":true,"href":"https:\/\/www.lisawms.com\/es\/wp-json\/wp\/v2\/users\/1"}],"replies":[{"embeddable":true,"href":"https:\/\/www.lisawms.com\/es\/wp-json\/wp\/v2\/comments?post=888"}],"version-history":[{"count":0,"href":"https:\/\/www.lisawms.com\/es\/wp-json\/wp\/v2\/pages\/888\/revisions"}],"up":[{"embeddable":true,"href":"https:\/\/www.lisawms.com\/es\/wp-json\/wp\/v2\/pages\/890"}],"wp:attachment":[{"href":"https:\/\/www.lisawms.com\/es\/wp-json\/wp\/v2\/media?parent=888"}],"curies":[{"name":"wp","href":"https:\/\/api.w.org\/{rel}","templated":true}]}}