{"id":879,"date":"2017-09-25T14:23:23","date_gmt":"2017-09-25T18:23:23","guid":{"rendered":"http:\/\/mr-futon.com\/products\/lisa-distribution-express\/"},"modified":"2018-06-15T11:49:01","modified_gmt":"2018-06-15T15:49:01","slug":"lisa-distribution-express","status":"publish","type":"page","link":"https:\/\/www.lisawms.com\/es\/lisa-distribution-express\/","title":{"rendered":"Distribution Express"},"content":{"rendered":"<div class=\"wpb-content-wrapper\">[mk_page_section bg_image=\u00bbhttp:\/\/www.lisawms.com\/wp-content\/uploads\/2017\/09\/products_header.jpg\u00bb bg_color=\u00bb#edaf23&#8243; blend_mode=\u00bbluminosity\u00bb bg_position=\u00bbcenter center\u00bb bg_repeat=\u00bbno-repeat\u00bb bg_stretch=\u00bbtrue\u00bb enable_3d=\u00bbtrue\u00bb speed_factor=\u00bb0.6&#8243; bg_gradient=\u00bbleft_bottom\u00bb video_color_mask=\u00bb#223356&#8243; gr_end=\u00bb#edaf23&#8243; video_opacity=\u00bb0.8&#8243; min_height=\u00bb325&#8243; full_width=\u00bbtrue\u00bb padding_top=\u00bb110&#8243; padding_bottom=\u00bb90&#8243; animation=\u00bbbottom-to-top\u00bb sidebar=\u00bbsidebar-1&#8243;][vc_column][mk_fancy_title color=\u00bb#ffffff\u00bb size=\u00bb100&#8243; font_weight=\u00bb100&#8243; font_family=\u00bbnone\u00bb align=\u00bbcenter\u00bb]Distribution Express[\/mk_fancy_title][\/vc_column][\/mk_page_section][vc_row][vc_column][mk_padding_divider size=\u00bb80&#8243;][\/vc_column][\/vc_row][vc_row css=\u00bb.vc_custom_1505779317433{margin-bottom: 40px !important;}\u00bb][vc_column width=\u00bb2\/3&#8243;][mk_fancy_title size=\u00bb30&#8243; font_family=\u00bbnone\u00bb]LISA WMS EXPRESS[\/mk_fancy_title][vc_column_text css=\u00bb.vc_custom_1529077719034{margin-bottom: 0px !important;}\u00bb]LISA WMS Express es un Add-On de Gesti\u00f3n de Almacenes, bajo un modelo de configuraci\u00f3n acelerada. Esta soluci\u00f3n ha sido dise\u00f1ada para cubrir los requerimientos de su empresa, integr\u00e1ndose a su sistema ERP con una implementaci\u00f3n r\u00e1pida que permite a su negocio correr sin contratiempos. Esta soluci\u00f3n completa de gesti\u00f3n de almacenes incluye software, hardware y servicios.[\/vc_column_text][\/vc_column][vc_column width=\u00bb1\/3&#8243;][vc_single_image image=\u00bb543&#8243; img_size=\u00bblarge\u00bb el_class=\u00bbnicepic\u00bb][\/vc_column][\/vc_row][vc_row fullwidth=\u00bbtrue\u00bb fullwidth_content=\u00bbfalse\u00bb css=\u00bb.vc_custom_1507158730214{background-color: #edaf23 !important;}\u00bb][vc_column][mk_padding_divider size=\u00bb30&#8243;][vc_row_inner][vc_column_inner width=\u00bb2\/3&#8243;][mk_padding_divider size=\u00bb10&#8243;][mk_fancy_title tag_name=\u00bbh5&#8243; color=\u00bb#ffffff\u00bb size=\u00bb30&#8243; font_weight=\u00bb400&#8243; txt_transform=\u00bbnone\u00bb font_family=\u00bbOpen+Sans\u00bb font_type=\u00bbgoogle\u00bb align=\u00bbcenter\u00bb]\n<p class=\"p1\"><span class=\"s1\">\u00bfQuieres una demostraci\u00f3n?<\/span><\/p>\n[\/mk_fancy_title][\/vc_column_inner][vc_column_inner width=\u00bb1\/3&#8243;][mk_button dimension=\u00bbflat\u00bb size=\u00bblarge\u00bb url=\u00bbhttps:\/\/www.lisawms.com\/es\/contacto\u00bb margin_right=\u00bb0&#8243; bg_color=\u00bb#ffffff\u00bb btn_hover_bg=\u00bb#dedede\u00bb text_color=\u00bbdark\u00bb btn_hover_txt_color=\u00bb#0a0a0a\u00bb]CONT\u00c1CTENOS[\/mk_button][\/vc_column_inner][\/vc_row_inner][\/vc_column][\/vc_row][mk_page_section bg_image=\u00bbhttp:\/\/www.lisawms.com\/wp-content\/uploads\/2014\/08\/portolio-004.jpg\u00bb bg_color=\u00bb#cccccc\u00bb blend_mode=\u00bboverlay\u00bb bg_position=\u00bbcenter top\u00bb bg_repeat=\u00bbno-repeat\u00bb bg_stretch=\u00bbtrue\u00bb video_color_mask=\u00bb#e8e8e8&#8243; video_opacity=\u00bb0.7&#8243; sidebar=\u00bbsidebar-1&#8243;][vc_column][mk_padding_divider size=\u00bb30&#8243;][vc_row_inner][vc_column_inner width=\u00bb1\/3&#8243;][mk_font_icons icon=\u00bbmk-moon-checkbox\u00bb color=\u00bb#666666&#8243; size=\u00bbx-large\u00bb align=\u00bbcenter\u00bb][vc_column_text css=\u00bb.vc_custom_1509995276700{margin-bottom: 0px !important;}\u00bb]\n<h4>El sistema base incluye:<\/h4>\n[\/vc_column_text][mk_custom_list]\n<ul>\n<li>Gesti\u00f3n de Inventarios<\/li>\n<li>Gesti\u00f3n de bins<\/li>\n<li>Recepci\u00f3n de Orden de Compra<\/li>\n<li>Ubicaci\u00f3n (Put Away) Optimizada y Rutas de Picking<\/li>\n<li>Transferencias y Ajustes de Inventario<\/li>\n<li>Ubicaciones Fijas o al Azar<\/li>\n<li>Tecnolog\u00eda Basada en Web<\/li>\n<\/ul>\n[\/mk_custom_list][\/vc_column_inner][vc_column_inner width=\u00bb1\/3&#8243;][mk_font_icons icon=\u00bbmk-moon-cart-checkout\u00bb color=\u00bb#666666&#8243; size=\u00bbx-large\u00bb align=\u00bbcenter\u00bb][vc_column_text css=\u00bb.vc_custom_1509995300699{margin-bottom: 0px !important;}\u00bb]Muchas Opciones Disponibles:[\/vc_column_text][mk_custom_list]\n<ul>\n<li>Recepci\u00f3n de Manifiestos\/Contenedores<\/li>\n<li>Cross Docking<\/li>\n<li>Procesamiento RMA (Devoluciones de Mercader\u00eda)<\/li>\n<li>Conteos C\u00edclicos<\/li>\n<li>Wave Picking<\/li>\n<li>Planeaci\u00f3n de Distribuci\u00f3n de Ordenes<\/li>\n<\/ul>\n[\/mk_custom_list][\/vc_column_inner][vc_column_inner width=\u00bb1\/3&#8243;][mk_font_icons icon=\u00bbmk-moon-numbered-list\u00bb color=\u00bb#666666&#8243; size=\u00bbx-large\u00bb align=\u00bbcenter\u00bb][vc_column_text css=\u00bb.vc_custom_1509995325068{margin-bottom: 0px !important;}\u00bb]\n<h4>Proceso de 3 Pasos<\/h4>\n[\/vc_column_text][mk_custom_list]\n<ul>\n<li>Defina las necesidades estrat\u00e9gicas de su almac\u00e9n<\/li>\n<li>Elija las opciones para cubrir dichas necesidades<\/li>\n<li>Implemente la soluci\u00f3n WMS<\/li>\n<\/ul>\n[\/mk_custom_list][\/vc_column_inner][\/vc_row_inner][\/vc_column][\/mk_page_section][vc_row][vc_column][mk_padding_divider size=\u00bb30&#8243;][mk_fancy_title color=\u00bb#666666&#8243; size=\u00bb40&#8243; font_family=\u00bbnone\u00bb align=\u00bbcenter\u00bb]<span style=\"color: #edaf23;\">YELIJA LO QUE NECESITA.<\/span>[\/mk_fancy_title][mk_divider style=\u00bbthin_solid\u00bb divider_width=\u00bbcustom_width\u00bb custom_width=\u00bb85&#8243; thickness=\u00bb5&#8243; margin_top=\u00bb0&#8243;][vc_column_text align=\u00bbcenter\u00bb css=\u00bb.vc_custom_1509995209265{margin-bottom: 0px !important;}\u00bb]Este es el mismo software que diversos clientes satisfechos de SAP Business One utilizan en Norte y Sur Am\u00e9rica, Europa y Asia para gestionar sus operaciones dentro del almac\u00e9n.[\/vc_column_text][mk_padding_divider size=\u00bb30&#8243;][\/vc_column][\/vc_row]\n<\/div>","protected":false},"excerpt":{"rendered":"<p>[mk_page_section bg_image=\u00bbhttp:\/\/www.lisawms.com\/wp-content\/uploads\/2017\/09\/products_header.jpg\u00bb bg_color=\u00bb#edaf23&#8243; blend_mode=\u00bbluminosity\u00bb bg_position=\u00bbcenter center\u00bb bg_repeat=\u00bbno-repeat\u00bb bg_stretch=\u00bbtrue\u00bb enable_3d=\u00bbtrue\u00bb speed_factor=\u00bb0.6&#8243; bg_gradient=\u00bbleft_bottom\u00bb video_color_mask=\u00bb#223356&#8243; gr_end=\u00bb#edaf23&#8243; video_opacity=\u00bb0.8&#8243; min_height=\u00bb325&#8243; full_width=\u00bbtrue\u00bb padding_top=\u00bb110&#8243; padding_bottom=\u00bb90&#8243; animation=\u00bbbottom-to-top\u00bb sidebar=\u00bbsidebar-1&#8243;][vc_column][mk_fancy_title color=\u00bb#ffffff\u00bb size=\u00bb100&#8243; font_weight=\u00bb100&#8243; font_family=\u00bbnone\u00bb align=\u00bbcenter\u00bb]Distribution Express[\/mk_fancy_title][\/vc_column][\/mk_page_section][vc_row][vc_column][mk_padding_divider size=\u00bb80&#8243;][\/vc_column][\/vc_row][vc_row css=\u00bb.vc_custom_1505779317433{margin-bottom: 40px !important;}\u00bb][vc_column width=\u00bb2\/3&#8243;][mk_fancy_title size=\u00bb30&#8243; font_family=\u00bbnone\u00bb]LISA WMS EXPRESS[\/mk_fancy_title][vc_column_text css=\u00bb.vc_custom_1529077719034{margin-bottom: 0px !important;}\u00bb]LISA WMS Express es un Add-On de Gesti\u00f3n de Almacenes, bajo un modelo de configuraci\u00f3n acelerada. Esta soluci\u00f3n [&hellip;]<\/p>\n","protected":false},"author":1,"featured_media":0,"parent":0,"menu_order":-980,"comment_status":"closed","ping_status":"closed","template":"","meta":{"footnotes":""},"class_list":["post-879","page","type-page","status-publish","hentry"],"yoast_head":"<!-- This site is optimized with the Yoast SEO plugin v27.5 - https:\/\/yoast.com\/product\/yoast-seo-wordpress\/ -->\n<title>LISA WMS Express | Productos<\/title>\n<meta name=\"description\" content=\"LISA WMS Express es un Add-On de Gesti\u00f3n de Almacenes, bajo un modelo de configuraci\u00f3n acelerada. Esta soluci\u00f3n ha sido dise\u00f1ada para...\" \/>\n<meta name=\"robots\" content=\"index, follow, max-snippet:-1, max-image-preview:large, max-video-preview:-1\" \/>\n<link rel=\"canonical\" href=\"https:\/\/www.lisawms.com\/es\/lisa-distribution-express\/\" \/>\n<meta property=\"og:locale\" content=\"es_ES\" \/>\n<meta property=\"og:type\" content=\"article\" \/>\n<meta property=\"og:title\" content=\"LISA WMS Express | Productos\" \/>\n<meta property=\"og:description\" content=\"LISA WMS Express es un Add-On de Gesti\u00f3n de Almacenes, bajo un modelo de configuraci\u00f3n acelerada. Esta soluci\u00f3n ha sido dise\u00f1ada para...\" \/>\n<meta property=\"og:url\" content=\"https:\/\/www.lisawms.com\/es\/lisa-distribution-express\/\" \/>\n<meta property=\"og:site_name\" content=\"LISA WMS\" \/>\n<meta property=\"article:publisher\" content=\"https:\/\/www.facebook.com\/nwaretechnologies\" \/>\n<meta property=\"article:modified_time\" content=\"2018-06-15T15:49:01+00:00\" \/>\n<meta name=\"twitter:card\" content=\"summary_large_image\" \/>\n<meta name=\"twitter:site\" content=\"@LISAtalksWMS\" \/>\n<meta name=\"twitter:label1\" content=\"Tiempo de lectura\" \/>\n\t<meta name=\"twitter:data1\" content=\"3 minutos\" \/>\n<script type=\"application\/ld+json\" class=\"yoast-schema-graph\">{\"@context\":\"https:\\\/\\\/schema.org\",\"@graph\":[{\"@type\":\"WebPage\",\"@id\":\"https:\\\/\\\/www.lisawms.com\\\/es\\\/lisa-distribution-express\\\/\",\"url\":\"https:\\\/\\\/www.lisawms.com\\\/es\\\/lisa-distribution-express\\\/\",\"name\":\"LISA WMS Express | Productos\",\"isPartOf\":{\"@id\":\"https:\\\/\\\/www.lisawms.com\\\/#website\"},\"datePublished\":\"2017-09-25T18:23:23+00:00\",\"dateModified\":\"2018-06-15T15:49:01+00:00\",\"description\":\"LISA WMS Express es un Add-On de Gesti\u00f3n de Almacenes, bajo un modelo de configuraci\u00f3n acelerada. Esta soluci\u00f3n ha sido dise\u00f1ada para...\",\"breadcrumb\":{\"@id\":\"https:\\\/\\\/www.lisawms.com\\\/es\\\/lisa-distribution-express\\\/#breadcrumb\"},\"inLanguage\":\"es\",\"potentialAction\":[{\"@type\":\"ReadAction\",\"target\":[\"https:\\\/\\\/www.lisawms.com\\\/es\\\/lisa-distribution-express\\\/\"]}]},{\"@type\":\"BreadcrumbList\",\"@id\":\"https:\\\/\\\/www.lisawms.com\\\/es\\\/lisa-distribution-express\\\/#breadcrumb\",\"itemListElement\":[{\"@type\":\"ListItem\",\"position\":1,\"name\":\"Accueil\",\"item\":\"https:\\\/\\\/www.lisawms.com\\\/es\\\/\"},{\"@type\":\"ListItem\",\"position\":2,\"name\":\"Distribution Express\"}]},{\"@type\":\"WebSite\",\"@id\":\"https:\\\/\\\/www.lisawms.com\\\/#website\",\"url\":\"https:\\\/\\\/www.lisawms.com\\\/\",\"name\":\"LISA WMS\",\"description\":\"Warehouse Management System Solution\",\"publisher\":{\"@id\":\"https:\\\/\\\/www.lisawms.com\\\/#organization\"},\"potentialAction\":[{\"@type\":\"SearchAction\",\"target\":{\"@type\":\"EntryPoint\",\"urlTemplate\":\"https:\\\/\\\/www.lisawms.com\\\/?s={search_term_string}\"},\"query-input\":{\"@type\":\"PropertyValueSpecification\",\"valueRequired\":true,\"valueName\":\"search_term_string\"}}],\"inLanguage\":\"es\"},{\"@type\":\"Organization\",\"@id\":\"https:\\\/\\\/www.lisawms.com\\\/#organization\",\"name\":\"LISA WMS\",\"url\":\"https:\\\/\\\/www.lisawms.com\\\/\",\"logo\":{\"@type\":\"ImageObject\",\"inLanguage\":\"es\",\"@id\":\"https:\\\/\\\/www.lisawms.com\\\/#\\\/schema\\\/logo\\\/image\\\/\",\"url\":\"http:\\\/\\\/www.lisawms.com\\\/wp-content\\\/uploads\\\/2018\\\/03\\\/logo-lisa-distribution.png\",\"contentUrl\":\"http:\\\/\\\/www.lisawms.com\\\/wp-content\\\/uploads\\\/2018\\\/03\\\/logo-lisa-distribution.png\",\"width\":426,\"height\":180,\"caption\":\"LISA WMS\"},\"image\":{\"@id\":\"https:\\\/\\\/www.lisawms.com\\\/#\\\/schema\\\/logo\\\/image\\\/\"},\"sameAs\":[\"https:\\\/\\\/www.facebook.com\\\/nwaretechnologies\",\"https:\\\/\\\/x.com\\\/LISAtalksWMS\",\"https:\\\/\\\/www.linkedin.com\\\/company\\\/145448\",\"https:\\\/\\\/www.youtube.com\\\/channel\\\/UCl-HuOQf5YngwlixhS0SAbg\"]}]}<\/script>\n<!-- \/ Yoast SEO plugin. -->","yoast_head_json":{"title":"LISA WMS Express | Productos","description":"LISA WMS Express es un Add-On de Gesti\u00f3n de Almacenes, bajo un modelo de configuraci\u00f3n acelerada. Esta soluci\u00f3n ha sido dise\u00f1ada para...","robots":{"index":"index","follow":"follow","max-snippet":"max-snippet:-1","max-image-preview":"max-image-preview:large","max-video-preview":"max-video-preview:-1"},"canonical":"https:\/\/www.lisawms.com\/es\/lisa-distribution-express\/","og_locale":"es_ES","og_type":"article","og_title":"LISA WMS Express | Productos","og_description":"LISA WMS Express es un Add-On de Gesti\u00f3n de Almacenes, bajo un modelo de configuraci\u00f3n acelerada. Esta soluci\u00f3n ha sido dise\u00f1ada para...","og_url":"https:\/\/www.lisawms.com\/es\/lisa-distribution-express\/","og_site_name":"LISA WMS","article_publisher":"https:\/\/www.facebook.com\/nwaretechnologies","article_modified_time":"2018-06-15T15:49:01+00:00","twitter_card":"summary_large_image","twitter_site":"@LISAtalksWMS","twitter_misc":{"Tiempo de lectura":"3 minutos"},"schema":{"@context":"https:\/\/schema.org","@graph":[{"@type":"WebPage","@id":"https:\/\/www.lisawms.com\/es\/lisa-distribution-express\/","url":"https:\/\/www.lisawms.com\/es\/lisa-distribution-express\/","name":"LISA WMS Express | Productos","isPartOf":{"@id":"https:\/\/www.lisawms.com\/#website"},"datePublished":"2017-09-25T18:23:23+00:00","dateModified":"2018-06-15T15:49:01+00:00","description":"LISA WMS Express es un Add-On de Gesti\u00f3n de Almacenes, bajo un modelo de configuraci\u00f3n acelerada. Esta soluci\u00f3n ha sido dise\u00f1ada para...","breadcrumb":{"@id":"https:\/\/www.lisawms.com\/es\/lisa-distribution-express\/#breadcrumb"},"inLanguage":"es","potentialAction":[{"@type":"ReadAction","target":["https:\/\/www.lisawms.com\/es\/lisa-distribution-express\/"]}]},{"@type":"BreadcrumbList","@id":"https:\/\/www.lisawms.com\/es\/lisa-distribution-express\/#breadcrumb","itemListElement":[{"@type":"ListItem","position":1,"name":"Accueil","item":"https:\/\/www.lisawms.com\/es\/"},{"@type":"ListItem","position":2,"name":"Distribution Express"}]},{"@type":"WebSite","@id":"https:\/\/www.lisawms.com\/#website","url":"https:\/\/www.lisawms.com\/","name":"LISA WMS","description":"Warehouse Management System Solution","publisher":{"@id":"https:\/\/www.lisawms.com\/#organization"},"potentialAction":[{"@type":"SearchAction","target":{"@type":"EntryPoint","urlTemplate":"https:\/\/www.lisawms.com\/?s={search_term_string}"},"query-input":{"@type":"PropertyValueSpecification","valueRequired":true,"valueName":"search_term_string"}}],"inLanguage":"es"},{"@type":"Organization","@id":"https:\/\/www.lisawms.com\/#organization","name":"LISA WMS","url":"https:\/\/www.lisawms.com\/","logo":{"@type":"ImageObject","inLanguage":"es","@id":"https:\/\/www.lisawms.com\/#\/schema\/logo\/image\/","url":"http:\/\/www.lisawms.com\/wp-content\/uploads\/2018\/03\/logo-lisa-distribution.png","contentUrl":"http:\/\/www.lisawms.com\/wp-content\/uploads\/2018\/03\/logo-lisa-distribution.png","width":426,"height":180,"caption":"LISA WMS"},"image":{"@id":"https:\/\/www.lisawms.com\/#\/schema\/logo\/image\/"},"sameAs":["https:\/\/www.facebook.com\/nwaretechnologies","https:\/\/x.com\/LISAtalksWMS","https:\/\/www.linkedin.com\/company\/145448","https:\/\/www.youtube.com\/channel\/UCl-HuOQf5YngwlixhS0SAbg"]}]}},"_links":{"self":[{"href":"https:\/\/www.lisawms.com\/es\/wp-json\/wp\/v2\/pages\/879","targetHints":{"allow":["GET"]}}],"collection":[{"href":"https:\/\/www.lisawms.com\/es\/wp-json\/wp\/v2\/pages"}],"about":[{"href":"https:\/\/www.lisawms.com\/es\/wp-json\/wp\/v2\/types\/page"}],"author":[{"embeddable":true,"href":"https:\/\/www.lisawms.com\/es\/wp-json\/wp\/v2\/users\/1"}],"replies":[{"embeddable":true,"href":"https:\/\/www.lisawms.com\/es\/wp-json\/wp\/v2\/comments?post=879"}],"version-history":[{"count":0,"href":"https:\/\/www.lisawms.com\/es\/wp-json\/wp\/v2\/pages\/879\/revisions"}],"wp:attachment":[{"href":"https:\/\/www.lisawms.com\/es\/wp-json\/wp\/v2\/media?parent=879"}],"curies":[{"name":"wp","href":"https:\/\/api.w.org\/{rel}","templated":true}]}}