{"id":871,"date":"2017-09-25T12:25:32","date_gmt":"2017-09-25T16:25:32","guid":{"rendered":"http:\/\/mr-futon.com\/products\/lisa-distribution-warehouse-management-system-for-sap-solutions\/"},"modified":"2022-12-02T14:20:17","modified_gmt":"2022-12-02T18:20:17","slug":"gestion-de-almacenes-para-sap-business-one","status":"publish","type":"page","link":"https:\/\/www.lisawms.com\/es\/gestion-de-almacenes-para-sap-business-one\/","title":{"rendered":"LISA WMS para SAP Business One"},"content":{"rendered":"<div class=\"wpb-content-wrapper\">[mk_page_section bg_image=\u00bbhttp:\/\/www.lisawms.com\/wp-content\/uploads\/2017\/09\/products_header.jpg\u00bb bg_color=\u00bb#edaf23&#8243; blend_mode=\u00bbluminosity\u00bb bg_position=\u00bbcenter center\u00bb bg_repeat=\u00bbno-repeat\u00bb bg_stretch=\u00bbtrue\u00bb enable_3d=\u00bbtrue\u00bb speed_factor=\u00bb0.6&#8243; bg_gradient=\u00bbleft_bottom\u00bb video_color_mask=\u00bb#223356&#8243; gr_end=\u00bb#edaf23&#8243; video_opacity=\u00bb0.8&#8243; min_height=\u00bb325&#8243; full_width=\u00bbtrue\u00bb padding_top=\u00bb110&#8243; padding_bottom=\u00bb90&#8243; animation=\u00bbbottom-to-top\u00bb sidebar=\u00bbsidebar-1&#8243;][vc_column][mk_fancy_title color=\u00bb#ffffff\u00bb size=\u00bb100&#8243; font_weight=\u00bb100&#8243; font_family=\u00bbnone\u00bb align=\u00bbcenter\u00bb]LISA WMS para SAP B1[\/mk_fancy_title][\/vc_column][\/mk_page_section][vc_row][vc_column][mk_padding_divider size=\u00bb80&#8243;][\/vc_column][\/vc_row][vc_row css=\u00bb.vc_custom_1505779317433{margin-bottom: 40px !important;}\u00bb][vc_column width=\u00bb2\/3&#8243;][mk_fancy_title size=\u00bb30&#8243; font_family=\u00bbnone\u00bb]\n<h2>LISA WMS: Gesti\u00f3n de Almacenes PARA SAP BUSINESS ONE<\/h2>\n[\/mk_fancy_title][vc_column_text css=\u00bb.vc_custom_1630610935761{margin-bottom: 0px !important;}\u00bb]Perfilar la cadena de suministros es fundamental para organizaciones pr\u00e1cticas. Un elemento clave en este proceso es la optimizaci\u00f3n de los proceso de almac\u00e9n; desde la gesti\u00f3n de la orden hasta el despacho, cumplimiento de la orden y el embarque. Ello puede lograrse \u00fanicamente con una soluci\u00f3n integrada de manera fluida y completa con la Soluci\u00f3n de Gesti\u00f3n de Negocios.<\/p>\n<p>Estas ideas no son exclusivas para compa\u00f1\u00edas grandes,\u00a0<strong class=\"redactor-inline-converted\">LISA WMS<\/strong>\u00a0le permite implementar en empresas de cualquier tama\u00f1o. Usted puede adquirir e implementar lo que su negocio necesita a un precio razonable, posteriormente escalar la soluci\u00f3n para que crezca a la par de su compa\u00f1\u00eda.<\/p>\n<p><a href=\"https:\/\/www.lisawms.com\/es\/success-stories\/\">Tenemos clientes referencia<\/a> que han usado LISA para aumentar el n\u00famero de \u00f3rdenes procesadas por d\u00eda de decenas a miles.<\/p>\n<p>La familia de productos de\u00a0<strong class=\"redactor-inline-converted\">LISA WMS<\/strong> han sido dise\u00f1ados para extender el poder de las soluciones de mayor crecimiento de SAP Business One, en empresas mayoristas y de distribuci\u00f3n.<\/p>\n<h2>LISA WMS\u00a0es una soluci\u00f3n probada, ya que ha sido implementada globalmente, ayudando a las empresas las siguientes \u00e1reas cr\u00edticas de operaci\u00f3n:<\/h2>\n<ul>\n<li><strong class=\"redactor-inline-converted\">Mejorar la visibilidad<\/strong>\u00a0del inventario y reducir los costos asociados al mismo, al contar con informaci\u00f3n de alta calidad, disponible en tiempo real en relaci\u00f3n a la entrada, procesamiento dentro de almac\u00e9n a nivel de zona y bin.<\/li>\n<li><strong class=\"redactor-inline-converted\">Incrementar el control<\/strong>\u00a0sobre las funciones de manejo de almac\u00e9n, tal como conteos c\u00edclicos, movimientos de inventario, transferencias de stock, conteos f\u00edsicos y optimizaci\u00f3n de espacios de almac\u00e9n.<\/li>\n<li><strong>Elevar la productividad<\/strong>\u00a0del almac\u00e9n por medio de procesos dirigidos por sistema como almacenamiento (put away), picking y conteos c\u00edclicos.<\/li>\n<li>Soporte remoto de almacenes o 3PL\u2019s con la interfaz web de LISA WMS. Habilitando a su personal con herramientas para realizar transacciones en tiempo real de movimientos de inventario.<\/li>\n<li>Tome ventaja de la integraci\u00f3n Plug-and-Play con EDI y soluciones de embarque para optimizar y acortar el tiempo del ciclo de Pedido-al-Pago, incrementando el flujo de efectivo, minimizando las devoluciones y optimizando su inventario.<\/li>\n<\/ul>\n[\/vc_column_text][\/vc_column][vc_column width=\u00bb1\/3&#8243;][vc_single_image image=\u00bb4533&#8243; img_size=\u00bblarge\u00bb el_class=\u00bbnicepic\u00bb][vc_single_image image=\u00bb1150&#8243; img_size=\u00bblarge\u00bb][\/vc_column][\/vc_row][vc_row fullwidth=\u00bbtrue\u00bb fullwidth_content=\u00bbfalse\u00bb css=\u00bb.vc_custom_1507158730214{background-color: #edaf23 !important;}\u00bb][vc_column][mk_padding_divider size=\u00bb30&#8243;][vc_row_inner][vc_column_inner width=\u00bb2\/3&#8243;][mk_padding_divider size=\u00bb10&#8243;][mk_fancy_title tag_name=\u00bbh5&#8243; color=\u00bb#ffffff\u00bb size=\u00bb30&#8243; font_weight=\u00bb400&#8243; txt_transform=\u00bbnone\u00bb font_family=\u00bbOpen+Sans\u00bb font_type=\u00bbgoogle\u00bb align=\u00bbcenter\u00bb]\n<p class=\"p1\"><span class=\"s1\">\u00bfQuieres una demostraci\u00f3n?<\/span><\/p>\n[\/mk_fancy_title][\/vc_column_inner][vc_column_inner width=\u00bb1\/3&#8243;][mk_button dimension=\u00bbflat\u00bb size=\u00bblarge\u00bb url=\u00bbhttps:\/\/www.lisawms.com\/es\/contacto\u00bb margin_right=\u00bb0&#8243; bg_color=\u00bb#ffffff\u00bb btn_hover_bg=\u00bb#dedede\u00bb text_color=\u00bbdark\u00bb btn_hover_txt_color=\u00bb#0a0a0a\u00bb]CONT\u00c1CTENOS![\/mk_button][\/vc_column_inner][\/vc_row_inner][\/vc_column][\/vc_row][mk_page_section bg_image=\u00bbhttp:\/\/www.lisawms.com\/wp-content\/uploads\/2015\/12\/projects-bg.jpg\u00bb bg_color=\u00bb#cccccc\u00bb blend_mode=\u00bboverlay\u00bb bg_position=\u00bbcenter top\u00bb bg_repeat=\u00bbno-repeat\u00bb bg_stretch=\u00bbtrue\u00bb video_color_mask=\u00bb#e8e8e8&#8243; video_opacity=\u00bb0.7&#8243; sidebar=\u00bbsidebar-1&#8243;][vc_column][mk_padding_divider size=\u00bb31&#8243;][vc_row_inner][vc_column_inner width=\u00bb1\/3&#8243;][mk_font_icons icon=\u00bbmk-li-config\u00bb color=\u00bb#666666&#8243; size=\u00bbx-large\u00bb align=\u00bbcenter\u00bb][vc_column_text css=\u00bb.vc_custom_1509990701724{margin-bottom: 0px !important;}\u00bb]\n<h4>Configuraci\u00f3n de Almac\u00e9n<\/h4>\n[\/vc_column_text][mk_custom_list]\n<ul>\n<li>Soporta almacenes m\u00faltiples f\u00edsicos y virtuales<\/li>\n<li>Definici\u00f3n de zonas y tipos de almacenaje<\/li>\n<li>Ubicaciones aleatorias o fijas por SKU<\/li>\n<li>Configuraci\u00f3n de ubicaciones con capacidad y gesti\u00f3n de velocidad<\/li>\n<li>Optimizaci\u00f3n de corridas en el almac\u00e9n con secuencias de paso por ubicaci\u00f3n<\/li>\n<li>Configuraci\u00f3n de estrategias de reabastecimiento<\/li>\n<\/ul>\n[\/mk_custom_list][\/vc_column_inner][vc_column_inner width=\u00bb1\/3&#8243;][mk_font_icons icon=\u00bbmk-icon-list-alt\u00bb color=\u00bb#666666&#8243; size=\u00bbx-large\u00bb align=\u00bbcenter\u00bb][vc_column_text css=\u00bb.vc_custom_1509990739572{margin-bottom: 0px !important;}\u00bb]\n<h4>Gesti\u00f3n de Cargas de Trabajo en \u00d3rdenes y Almac\u00e9n<\/h4>\n[\/vc_column_text][mk_custom_list]\n<ul>\n<li>Interfaz de usuario \u00fanica para Gestionar, Priorizar y Despachar \u00f3rdenes<\/li>\n<li>Soporte de Hard Allocation<\/li>\n<li>C\u00e1lculo en tiempo real de tasas de cumplimiento<\/li>\n<li>Campos de usuario ilimitados para mejorar el filtrado, clasificaci\u00f3n y agrupamiento de \u00f3rdenes<\/li>\n<li>Transferencia en Tr\u00e1nsito de Cargamento Autom\u00e1tico (Cross Docking)<\/li>\n<li>Creaci\u00f3n de Grupos para Picking por Lote o a Granel<\/li>\n<\/ul>\n[\/mk_custom_list][\/vc_column_inner][vc_column_inner width=\u00bb1\/3&#8243;][mk_font_icons icon=\u00bbmk-moon-truck\u00bb color=\u00bb#666666&#8243; size=\u00bbx-large\u00bb align=\u00bbcenter\u00bb][vc_column_text css=\u00bb.vc_custom_1630611039180{margin-bottom: 0px !important;}\u00bb]\n<h4>Soporte a todos sus procesos de gesti\u00f3n de inventario para SAP Business One<\/h4>\n[\/vc_column_text][mk_custom_list]\n<ul>\n<li>Gesti\u00f3n de Contenedores y Recepciones<\/li>\n<li>Soporte de n\u00famero de License Plate<\/li>\n<li>Recepci\u00f3n de \u00d3rdenes de Compra con almacenamiento dirigido<\/li>\n<li>Orden dirigida, Picking por Lote o Granel<\/li>\n<li>Integraci\u00f3n con m\u00faltiples Carriers log\u00edsticos<\/li>\n<li>Conteo f\u00edsico y c\u00edclico<\/li>\n<li>Procesamiento de Autorizaciones de Retorno de Materiales<\/li>\n<li>Fechas de expiraci\u00f3n con manejo FIFO\/FEFO<\/li>\n<li>Procesamiento por N\u00famero de Serie o Lote<\/li>\n<li>Planeaci\u00f3n y procesamiento de ruta de veh\u00edculo<\/li>\n<\/ul>\n[\/mk_custom_list][\/vc_column_inner][\/vc_row_inner][vc_row_inner][vc_column_inner width=\u00bb1\/3&#8243;][mk_font_icons icon=\u00bbmk-icon-laptop\u00bb color=\u00bb#666666&#8243; size=\u00bbx-large\u00bb align=\u00bbcenter\u00bb][vc_column_text css=\u00bb.vc_custom_1509990800991{margin-bottom: 0px !important;}\u00bb]\n<h4>M\u00faltiples M\u00e9todos de Implementaci\u00f3n<\/h4>\n[\/vc_column_text][mk_custom_list]El panorama tecnol\u00f3gico actual es cambiante. Por ello LISA WMS le permite elegir su m\u00e9todo de implementaci\u00f3n:<\/p>\n<ul>\n<li>En la Nube<\/li>\n<li>Bajo Premisa<\/li>\n<li>Hosted<\/li>\n<\/ul>\n[\/mk_custom_list][\/vc_column_inner][vc_column_inner width=\u00bb1\/3&#8243;][mk_font_icons icon=\u00bbmk-moon-screen\u00bb color=\u00bb#666666&#8243; size=\u00bbx-large\u00bb align=\u00bbcenter\u00bb][vc_column_text css=\u00bb.vc_custom_1509990822952{margin-bottom: 0px !important;}\u00bb]\n<h4>Interfaz sencilla<\/h4>\n[\/vc_column_text][vc_column_text css=\u00bb.vc_custom_1529077396558{margin-bottom: 0px !important;}\u00bb]La informaci\u00f3n es \u00fatil solamente si es precisa y est\u00e1 en tiempo real. LISA WMS, permite contar con un proceso de recolecci\u00f3n de datos autom\u00e1tico y basado en radio frecuencias, el cual es al mismo tiempo sencillo y preciso. Construido en una tecnolog\u00eda basada en Web, puede correr en Windows Mobile.[\/vc_column_text][\/vc_column_inner][vc_column_inner width=\u00bb1\/3&#8243;][\/vc_column_inner][\/vc_row_inner][mk_padding_divider size=\u00bb31&#8243;][\/vc_column][\/mk_page_section][mk_page_section bg_color=\u00bb#ffffff\u00bb blend_mode=\u00bboverlay\u00bb border_color=\u00bb#ffffff\u00bb bg_position=\u00bbcenter top\u00bb bg_repeat=\u00bbno-repeat\u00bb video_color_mask=\u00bb#ffffff\u00bb video_opacity=\u00bb0&#8243; sidebar=\u00bbsidebar-1&#8243;][vc_column][vc_row_inner][vc_column_inner][mk_padding_divider size=\u00bb31&#8243;][vc_column_text css=\u00bb.vc_custom_1669993087837{margin-bottom: 0px !important;}\u00bb]\n<h3>CUADROS DE MANDO Y CAPTURAS DE PANTALLA DE SAP BUSINESS ONE WMS<\/h3>\n[\/vc_column_text][mk_padding_divider size=\u00bb35&#8243;][vc_text_separator title=\u00bbWEB\u00bb color=\u00bbcustom\u00bb accent_color=\u00bb#ebae24&#8243;][\/vc_column_inner][\/vc_row_inner][vc_row_inner][vc_column_inner width=\u00bb1\/3&#8243;][vc_column_text css=\u00bb.vc_custom_1669994178842{margin-bottom: 0px !important;}\u00bb]\n<h4 style=\"text-align: center;\">Cuadro de mando<\/h4>\n[\/vc_column_text][vc_single_image image=\u00bb4537&#8243; img_size=\u00bbfull\u00bb onclick=\u00bblink_image\u00bb][\/vc_column_inner][vc_column_inner width=\u00bb1\/3&#8243;][vc_column_text css=\u00bb.vc_custom_1670004846460{margin-bottom: 0px !important;}\u00bb]\n<h4 style=\"text-align: center;\">INVENTARIO<\/h4>\n[\/vc_column_text][vc_single_image image=\u00bb4677&#8243; img_size=\u00bbfull\u00bb onclick=\u00bblink_image\u00bb][\/vc_column_inner][vc_column_inner width=\u00bb1\/3&#8243;][vc_column_text css=\u00bb.vc_custom_1670004869970{margin-bottom: 0px !important;}\u00bb]\n<h4 style=\"text-align: center;\">prioridad de preparaci\u00f3n<\/h4>\n[\/vc_column_text][vc_single_image image=\u00bb4660&#8243; img_size=\u00bbfull\u00bb onclick=\u00bblink_image\u00bb][\/vc_column_inner][\/vc_row_inner][vc_text_separator title=\u00bbAPLICACI\u00d3N\u00bb color=\u00bbcustom\u00bb accent_color=\u00bb#ebae24&#8243;][vc_row_inner][vc_column_inner width=\u00bb1\/4&#8243;][vc_column_text css=\u00bb.vc_custom_1669994205460{margin-bottom: 0px !important;}\u00bb]\n<h4 style=\"text-align: center;\">MEN\u00da<\/h4>\n[\/vc_column_text][vc_single_image image=\u00bb4620&#8243; img_size=\u00bbfull\u00bb][\/vc_column_inner][vc_column_inner width=\u00bb1\/4&#8243;][vc_column_text css=\u00bb.vc_custom_1669994214931{margin-bottom: 0px !important;}\u00bb]\n<h4 style=\"text-align: center;\">ENTRANTE<\/h4>\n[\/vc_column_text][vc_single_image image=\u00bb4626&#8243; img_size=\u00bbfull\u00bb][\/vc_column_inner][vc_column_inner width=\u00bb1\/4&#8243;][vc_column_text css=\u00bb.vc_custom_1669994223977{margin-bottom: 0px !important;}\u00bb]\n<h4 style=\"text-align: center;\">SALIDA<\/h4>\n[\/vc_column_text][vc_single_image image=\u00bb4629&#8243; img_size=\u00bbfull\u00bb][\/vc_column_inner][vc_column_inner width=\u00bb1\/4&#8243;][vc_column_text css=\u00bb.vc_custom_1669994233123{margin-bottom: 0px !important;}\u00bb]\n<h4 style=\"text-align: center;\">producci\u00f3n<\/h4>\n[\/vc_column_text][vc_single_image image=\u00bb4632&#8243; img_size=\u00bbfull\u00bb][\/vc_column_inner][\/vc_row_inner][mk_padding_divider size=\u00bb30&#8243;][\/vc_column][\/mk_page_section][vc_row fullwidth=\u00bbtrue\u00bb fullwidth_content=\u00bbfalse\u00bb css=\u00bb.vc_custom_1507158730214{background-color: #edaf23 !important;}\u00bb][vc_column][mk_padding_divider size=\u00bb30&#8243;][vc_row_inner][vc_column_inner width=\u00bb2\/3&#8243;][mk_padding_divider size=\u00bb10&#8243;][mk_fancy_title tag_name=\u00bbh5&#8243; color=\u00bb#ffffff\u00bb size=\u00bb30&#8243; font_weight=\u00bb400&#8243; txt_transform=\u00bbnone\u00bb font_family=\u00bbOpen+Sans\u00bb font_type=\u00bbgoogle\u00bb align=\u00bbcenter\u00bb]<span class=\"s1\">\u00bfNecesitas m\u00e1s informaci\u00f3n sobre nuestro WMS para SAP B1?<\/span>[\/mk_fancy_title][\/vc_column_inner][vc_column_inner width=\u00bb1\/3&#8243;][mk_button dimension=\u00bbflat\u00bb size=\u00bblarge\u00bb url=\u00bbhttps:\/\/www.lisawms.com\/es\/contacto\u00bb margin_right=\u00bb0&#8243; bg_color=\u00bb#ffffff\u00bb btn_hover_bg=\u00bb#dedede\u00bb text_color=\u00bbdark\u00bb btn_hover_txt_color=\u00bb#0a0a0a\u00bb]\u00a1CONT\u00c1CTENOS![\/mk_button][\/vc_column_inner][\/vc_row_inner][\/vc_column][\/vc_row]\n<\/div>","protected":false},"excerpt":{"rendered":"<p>[mk_page_section bg_image=\u00bbhttp:\/\/www.lisawms.com\/wp-content\/uploads\/2017\/09\/products_header.jpg\u00bb bg_color=\u00bb#edaf23&#8243; blend_mode=\u00bbluminosity\u00bb bg_position=\u00bbcenter center\u00bb bg_repeat=\u00bbno-repeat\u00bb bg_stretch=\u00bbtrue\u00bb enable_3d=\u00bbtrue\u00bb speed_factor=\u00bb0.6&#8243; bg_gradient=\u00bbleft_bottom\u00bb video_color_mask=\u00bb#223356&#8243; gr_end=\u00bb#edaf23&#8243; video_opacity=\u00bb0.8&#8243; min_height=\u00bb325&#8243; full_width=\u00bbtrue\u00bb padding_top=\u00bb110&#8243; padding_bottom=\u00bb90&#8243; animation=\u00bbbottom-to-top\u00bb sidebar=\u00bbsidebar-1&#8243;][vc_column][mk_fancy_title color=\u00bb#ffffff\u00bb size=\u00bb100&#8243; font_weight=\u00bb100&#8243; font_family=\u00bbnone\u00bb align=\u00bbcenter\u00bb]LISA WMS para SAP B1[\/mk_fancy_title][\/vc_column][\/mk_page_section][vc_row][vc_column][mk_padding_divider size=\u00bb80&#8243;][\/vc_column][\/vc_row][vc_row css=\u00bb.vc_custom_1505779317433{margin-bottom: 40px !important;}\u00bb][vc_column width=\u00bb2\/3&#8243;][mk_fancy_title size=\u00bb30&#8243; font_family=\u00bbnone\u00bb] LISA WMS: Gesti\u00f3n de Almacenes PARA SAP BUSINESS ONE [\/mk_fancy_title][vc_column_text css=\u00bb.vc_custom_1630610935761{margin-bottom: 0px !important;}\u00bb]Perfilar la cadena de suministros es fundamental [&hellip;]<\/p>\n","protected":false},"author":1,"featured_media":0,"parent":0,"menu_order":-990,"comment_status":"closed","ping_status":"closed","template":"","meta":{"footnotes":""},"class_list":["post-871","page","type-page","status-publish","hentry"],"yoast_head":"<!-- This site is optimized with the Yoast SEO plugin v27.5 - https:\/\/yoast.com\/product\/yoast-seo-wordpress\/ -->\n<title>Gesti\u00f3n de Almacenes para SAP Business One - LISA WMS<\/title>\n<meta name=\"description\" content=\"LISA WMS para SAP B1 - La soluci\u00f3n de gesti\u00f3n de almacenes en espa\u00f1ol para SAP. Inventario | C\u00f3digo de barra | Almacen optimizaci\u00f3n\" \/>\n<meta name=\"robots\" content=\"index, follow, max-snippet:-1, max-image-preview:large, max-video-preview:-1\" \/>\n<link rel=\"canonical\" href=\"https:\/\/www.lisawms.com\/es\/gestion-de-almacenes-para-sap-business-one\/\" \/>\n<meta property=\"og:locale\" content=\"es_ES\" \/>\n<meta property=\"og:type\" content=\"article\" \/>\n<meta property=\"og:title\" content=\"Gesti\u00f3n de Almacenes para SAP Business One - LISA WMS\" \/>\n<meta property=\"og:description\" content=\"LISA WMS para SAP B1 - La soluci\u00f3n de gesti\u00f3n de almacenes en espa\u00f1ol para SAP. Inventario | C\u00f3digo de barra | Almacen optimizaci\u00f3n\" \/>\n<meta property=\"og:url\" content=\"https:\/\/www.lisawms.com\/es\/gestion-de-almacenes-para-sap-business-one\/\" \/>\n<meta property=\"og:site_name\" content=\"LISA WMS\" \/>\n<meta property=\"article:publisher\" content=\"https:\/\/www.facebook.com\/nwaretechnologies\" \/>\n<meta property=\"article:modified_time\" content=\"2022-12-02T18:20:17+00:00\" \/>\n<meta name=\"twitter:card\" content=\"summary_large_image\" \/>\n<meta name=\"twitter:site\" content=\"@LISAtalksWMS\" \/>\n<meta name=\"twitter:label1\" content=\"Tiempo de lectura\" \/>\n\t<meta name=\"twitter:data1\" content=\"4 minutos\" \/>\n<script type=\"application\/ld+json\" class=\"yoast-schema-graph\">{\"@context\":\"https:\\\/\\\/schema.org\",\"@graph\":[{\"@type\":\"WebPage\",\"@id\":\"https:\\\/\\\/www.lisawms.com\\\/es\\\/gestion-de-almacenes-para-sap-business-one\\\/\",\"url\":\"https:\\\/\\\/www.lisawms.com\\\/es\\\/gestion-de-almacenes-para-sap-business-one\\\/\",\"name\":\"Gesti\u00f3n de Almacenes para SAP Business One - LISA WMS\",\"isPartOf\":{\"@id\":\"https:\\\/\\\/www.lisawms.com\\\/#website\"},\"datePublished\":\"2017-09-25T16:25:32+00:00\",\"dateModified\":\"2022-12-02T18:20:17+00:00\",\"description\":\"LISA WMS para SAP B1 - La soluci\u00f3n de gesti\u00f3n de almacenes en espa\u00f1ol para SAP. Inventario | C\u00f3digo de barra | Almacen optimizaci\u00f3n\",\"breadcrumb\":{\"@id\":\"https:\\\/\\\/www.lisawms.com\\\/es\\\/gestion-de-almacenes-para-sap-business-one\\\/#breadcrumb\"},\"inLanguage\":\"es\",\"potentialAction\":[{\"@type\":\"ReadAction\",\"target\":[\"https:\\\/\\\/www.lisawms.com\\\/es\\\/gestion-de-almacenes-para-sap-business-one\\\/\"]}]},{\"@type\":\"BreadcrumbList\",\"@id\":\"https:\\\/\\\/www.lisawms.com\\\/es\\\/gestion-de-almacenes-para-sap-business-one\\\/#breadcrumb\",\"itemListElement\":[{\"@type\":\"ListItem\",\"position\":1,\"name\":\"Accueil\",\"item\":\"https:\\\/\\\/www.lisawms.com\\\/es\\\/\"},{\"@type\":\"ListItem\",\"position\":2,\"name\":\"LISA WMS para SAP Business One\"}]},{\"@type\":\"WebSite\",\"@id\":\"https:\\\/\\\/www.lisawms.com\\\/#website\",\"url\":\"https:\\\/\\\/www.lisawms.com\\\/\",\"name\":\"LISA WMS\",\"description\":\"Warehouse Management System Solution\",\"publisher\":{\"@id\":\"https:\\\/\\\/www.lisawms.com\\\/#organization\"},\"potentialAction\":[{\"@type\":\"SearchAction\",\"target\":{\"@type\":\"EntryPoint\",\"urlTemplate\":\"https:\\\/\\\/www.lisawms.com\\\/?s={search_term_string}\"},\"query-input\":{\"@type\":\"PropertyValueSpecification\",\"valueRequired\":true,\"valueName\":\"search_term_string\"}}],\"inLanguage\":\"es\"},{\"@type\":\"Organization\",\"@id\":\"https:\\\/\\\/www.lisawms.com\\\/#organization\",\"name\":\"LISA WMS\",\"url\":\"https:\\\/\\\/www.lisawms.com\\\/\",\"logo\":{\"@type\":\"ImageObject\",\"inLanguage\":\"es\",\"@id\":\"https:\\\/\\\/www.lisawms.com\\\/#\\\/schema\\\/logo\\\/image\\\/\",\"url\":\"http:\\\/\\\/www.lisawms.com\\\/wp-content\\\/uploads\\\/2018\\\/03\\\/logo-lisa-distribution.png\",\"contentUrl\":\"http:\\\/\\\/www.lisawms.com\\\/wp-content\\\/uploads\\\/2018\\\/03\\\/logo-lisa-distribution.png\",\"width\":426,\"height\":180,\"caption\":\"LISA WMS\"},\"image\":{\"@id\":\"https:\\\/\\\/www.lisawms.com\\\/#\\\/schema\\\/logo\\\/image\\\/\"},\"sameAs\":[\"https:\\\/\\\/www.facebook.com\\\/nwaretechnologies\",\"https:\\\/\\\/x.com\\\/LISAtalksWMS\",\"https:\\\/\\\/www.linkedin.com\\\/company\\\/145448\",\"https:\\\/\\\/www.youtube.com\\\/channel\\\/UCl-HuOQf5YngwlixhS0SAbg\"]}]}<\/script>\n<!-- \/ Yoast SEO plugin. -->","yoast_head_json":{"title":"Gesti\u00f3n de Almacenes para SAP Business One - LISA WMS","description":"LISA WMS para SAP B1 - La soluci\u00f3n de gesti\u00f3n de almacenes en espa\u00f1ol para SAP. Inventario | C\u00f3digo de barra | Almacen optimizaci\u00f3n","robots":{"index":"index","follow":"follow","max-snippet":"max-snippet:-1","max-image-preview":"max-image-preview:large","max-video-preview":"max-video-preview:-1"},"canonical":"https:\/\/www.lisawms.com\/es\/gestion-de-almacenes-para-sap-business-one\/","og_locale":"es_ES","og_type":"article","og_title":"Gesti\u00f3n de Almacenes para SAP Business One - LISA WMS","og_description":"LISA WMS para SAP B1 - La soluci\u00f3n de gesti\u00f3n de almacenes en espa\u00f1ol para SAP. Inventario | C\u00f3digo de barra | Almacen optimizaci\u00f3n","og_url":"https:\/\/www.lisawms.com\/es\/gestion-de-almacenes-para-sap-business-one\/","og_site_name":"LISA WMS","article_publisher":"https:\/\/www.facebook.com\/nwaretechnologies","article_modified_time":"2022-12-02T18:20:17+00:00","twitter_card":"summary_large_image","twitter_site":"@LISAtalksWMS","twitter_misc":{"Tiempo de lectura":"4 minutos"},"schema":{"@context":"https:\/\/schema.org","@graph":[{"@type":"WebPage","@id":"https:\/\/www.lisawms.com\/es\/gestion-de-almacenes-para-sap-business-one\/","url":"https:\/\/www.lisawms.com\/es\/gestion-de-almacenes-para-sap-business-one\/","name":"Gesti\u00f3n de Almacenes para SAP Business One - LISA WMS","isPartOf":{"@id":"https:\/\/www.lisawms.com\/#website"},"datePublished":"2017-09-25T16:25:32+00:00","dateModified":"2022-12-02T18:20:17+00:00","description":"LISA WMS para SAP B1 - La soluci\u00f3n de gesti\u00f3n de almacenes en espa\u00f1ol para SAP. Inventario | C\u00f3digo de barra | Almacen optimizaci\u00f3n","breadcrumb":{"@id":"https:\/\/www.lisawms.com\/es\/gestion-de-almacenes-para-sap-business-one\/#breadcrumb"},"inLanguage":"es","potentialAction":[{"@type":"ReadAction","target":["https:\/\/www.lisawms.com\/es\/gestion-de-almacenes-para-sap-business-one\/"]}]},{"@type":"BreadcrumbList","@id":"https:\/\/www.lisawms.com\/es\/gestion-de-almacenes-para-sap-business-one\/#breadcrumb","itemListElement":[{"@type":"ListItem","position":1,"name":"Accueil","item":"https:\/\/www.lisawms.com\/es\/"},{"@type":"ListItem","position":2,"name":"LISA WMS para SAP Business One"}]},{"@type":"WebSite","@id":"https:\/\/www.lisawms.com\/#website","url":"https:\/\/www.lisawms.com\/","name":"LISA WMS","description":"Warehouse Management System Solution","publisher":{"@id":"https:\/\/www.lisawms.com\/#organization"},"potentialAction":[{"@type":"SearchAction","target":{"@type":"EntryPoint","urlTemplate":"https:\/\/www.lisawms.com\/?s={search_term_string}"},"query-input":{"@type":"PropertyValueSpecification","valueRequired":true,"valueName":"search_term_string"}}],"inLanguage":"es"},{"@type":"Organization","@id":"https:\/\/www.lisawms.com\/#organization","name":"LISA WMS","url":"https:\/\/www.lisawms.com\/","logo":{"@type":"ImageObject","inLanguage":"es","@id":"https:\/\/www.lisawms.com\/#\/schema\/logo\/image\/","url":"http:\/\/www.lisawms.com\/wp-content\/uploads\/2018\/03\/logo-lisa-distribution.png","contentUrl":"http:\/\/www.lisawms.com\/wp-content\/uploads\/2018\/03\/logo-lisa-distribution.png","width":426,"height":180,"caption":"LISA WMS"},"image":{"@id":"https:\/\/www.lisawms.com\/#\/schema\/logo\/image\/"},"sameAs":["https:\/\/www.facebook.com\/nwaretechnologies","https:\/\/x.com\/LISAtalksWMS","https:\/\/www.linkedin.com\/company\/145448","https:\/\/www.youtube.com\/channel\/UCl-HuOQf5YngwlixhS0SAbg"]}]}},"_links":{"self":[{"href":"https:\/\/www.lisawms.com\/es\/wp-json\/wp\/v2\/pages\/871","targetHints":{"allow":["GET"]}}],"collection":[{"href":"https:\/\/www.lisawms.com\/es\/wp-json\/wp\/v2\/pages"}],"about":[{"href":"https:\/\/www.lisawms.com\/es\/wp-json\/wp\/v2\/types\/page"}],"author":[{"embeddable":true,"href":"https:\/\/www.lisawms.com\/es\/wp-json\/wp\/v2\/users\/1"}],"replies":[{"embeddable":true,"href":"https:\/\/www.lisawms.com\/es\/wp-json\/wp\/v2\/comments?post=871"}],"version-history":[{"count":0,"href":"https:\/\/www.lisawms.com\/es\/wp-json\/wp\/v2\/pages\/871\/revisions"}],"wp:attachment":[{"href":"https:\/\/www.lisawms.com\/es\/wp-json\/wp\/v2\/media?parent=871"}],"curies":[{"name":"wp","href":"https:\/\/api.w.org\/{rel}","templated":true}]}}