{"id":1860,"date":"2018-06-12T14:26:47","date_gmt":"2018-06-12T18:26:47","guid":{"rendered":"http:\/\/www.lisawms.com\/?page_id=1860"},"modified":"2025-10-17T11:55:58","modified_gmt":"2025-10-17T15:55:58","slug":"pdc-one_para_sap_business_one","status":"publish","type":"page","link":"https:\/\/www.lisawms.com\/es\/productos\/pdc-one_para_sap_business_one\/","title":{"rendered":"PDC-One para SAP Business One"},"content":{"rendered":"<div class=\"wpb-content-wrapper\">[mk_page_section bg_image=\u00bbhttp:\/\/www.lisawms.com\/wp-content\/uploads\/2018\/06\/shopfloor-data-collection.jpg\u00bb bg_color=\u00bb#edaf23&#8243; blend_mode=\u00bbluminosity\u00bb bg_position=\u00bbcenter center\u00bb bg_repeat=\u00bbno-repeat\u00bb bg_stretch=\u00bbtrue\u00bb enable_3d=\u00bbtrue\u00bb speed_factor=\u00bb0.6&#8243; bg_gradient=\u00bbleft_bottom\u00bb video_color_mask=\u00bb#223356&#8243; gr_end=\u00bb#edaf23&#8243; video_opacity=\u00bb0.8&#8243; min_height=\u00bb325&#8243; full_width=\u00bbtrue\u00bb padding_top=\u00bb110&#8243; padding_bottom=\u00bb90&#8243; animation=\u00bbbottom-to-top\u00bb sidebar=\u00bbsidebar-1&#8243;][vc_column][vc_single_image image=\u00bb1791&#8243; img_size=\u00bb516&#215;176.4&#8243; alignment=\u00bbcenter\u00bb][\/vc_column][\/mk_page_section][vc_row][vc_column][mk_padding_divider size=\u00bb80&#8243;][\/vc_column][\/vc_row][vc_row css=\u00bb.vc_custom_1505779317433{margin-bottom: 40px !important;}\u00bb][vc_column width=\u00bb2\/3&#8243;][mk_fancy_title size=\u00bb30&#8243; font_family=\u00bbnone\u00bb]\n<h1>La Soluci\u00f3n m\u00e1s Sencilla para Potenciar el M\u00f3dulo de Producci\u00f3n de SAP Business One<\/h1>\n[\/mk_fancy_title][vc_column_text css=\u00bb.vc_custom_1529335873430{margin-bottom: 0px !important;}\u00bb]<strong>PDC-One es una soluci\u00f3n dise\u00f1ada con simplicidad<\/strong>, para empoderar a los operadores para registrar sus avances, horas trabajadas y consumo de materia prima contra \u00f3rdenes de producci\u00f3n de SAP Business One utilizando c\u00f3digos de barra o dispositivos m\u00f3viles.<\/p>\n<p>Con una implementaci\u00f3n acelerada y sencillez en su utilizaci\u00f3n, PDC-One es una herramienta incre\u00edblemente eficiente para mejorar la visibilidad y la precisi\u00f3n de los datos en un per\u00edodo de tiempo muy corto.<\/p>\n<h3>Una implementaci\u00f3n simple implica que usted estar\u00e1 disfrutando de PDC-One en muy poco tiempo, rastreando los detalles de sus \u00f3rdenes de producci\u00f3n con una disrupci\u00f3n m\u00ednima de sus operaciones y sistemas de producci\u00f3n.<\/h3>\n<ul>\n<li>Captura de Datos de Producci\u00f3n en <strong>tiempo real<\/strong>\u00a0con Lectoras de C\u00f3digo de Barra o Dispositivos T\u00e1ctiles<\/li>\n<li>Implementaci\u00f3n Acelerada con una Aplicaci\u00f3n <em>User-Friendly<\/em><\/li>\n<li>Trazabilidad de Detalles de Ordenes de Producci\u00f3n<\/li>\n<li>Reducci\u00f3n de Papeleo y Captura de Datos Manual<\/li>\n<li>Utilice el M\u00f3dulo de Producci\u00f3n de SAP Business One al M\u00e1ximo<\/li>\n<\/ul>\n[\/vc_column_text][\/vc_column][vc_column width=\u00bb1\/3&#8243;][vc_column_text css=\u00bb.vc_custom_1530115651110{margin-bottom: 0px !important;}\u00bb]\n<p style=\"text-align: right;\"><strong><em>PDC-One es un add stand-alone de SAP Business One por lo que puede operar con o sin LISA WMS.\u00a0<\/em><\/strong><\/p>\n[\/vc_column_text][vc_separator color=\u00bbcustom\u00bb accent_color=\u00bb#223356&#8243;][vc_single_image image=\u00bb1770&#8243; img_size=\u00bblarge\u00bb][\/vc_column][\/vc_row][vc_row fullwidth=\u00bbtrue\u00bb fullwidth_content=\u00bbfalse\u00bb css=\u00bb.vc_custom_1507158730214{background-color: #edaf23 !important;}\u00bb][vc_column][mk_padding_divider size=\u00bb30&#8243;][vc_row_inner][vc_column_inner width=\u00bb2\/3&#8243;][mk_padding_divider size=\u00bb10&#8243;][mk_fancy_title tag_name=\u00bbh5&#8243; color=\u00bb#ffffff\u00bb size=\u00bb30&#8243; font_weight=\u00bb400&#8243; txt_transform=\u00bbnone\u00bb font_family=\u00bbOpen+Sans\u00bb font_type=\u00bbgoogle\u00bb align=\u00bbcenter\u00bb]PARA DESCARGAR NUESTRO FOLLETO CON INFORMACI\u00d3N COMPLEMENTARIA[\/mk_fancy_title][\/vc_column_inner][vc_column_inner width=\u00bb1\/3&#8243;][mk_button dimension=\u00bbflat\u00bb size=\u00bblarge\u00bb url=\u00bbhttp:\/\/www.lisawms.com\/wp-content\/uploads\/2018\/07\/pdc-one_es.pdf\u00bb target=\u00bb_blank\u00bb margin_right=\u00bb0&#8243; bg_color=\u00bb#ffffff\u00bb btn_hover_bg=\u00bb#dedede\u00bb text_color=\u00bbdark\u00bb btn_hover_txt_color=\u00bb#0a0a0a\u00bb]\u00a1PULSE AQU\u00cd![\/mk_button][\/vc_column_inner][\/vc_row_inner][\/vc_column][\/vc_row][mk_page_section vertical_align=\u00bbtop\u00bb bg_image=\u00bbhttp:\/\/www.lisawms.com\/wp-content\/uploads\/2018\/06\/manufacturing-process-tracking.jpg\u00bb bg_color=\u00bb#cccccc\u00bb blend_mode=\u00bboverlay\u00bb bg_position=\u00bbcenter top\u00bb bg_repeat=\u00bbno-repeat\u00bb bg_stretch=\u00bbtrue\u00bb video_color_mask=\u00bb#e8e8e8&#8243; video_opacity=\u00bb0.7&#8243; sidebar=\u00bbsidebar-1&#8243;][vc_column][mk_padding_divider size=\u00bb30&#8243;][vc_row_inner][vc_column_inner width=\u00bb1\/2&#8243;][mk_font_icons icon=\u00bbmk-li-config\u00bb color=\u00bb#666666&#8243; size=\u00bbx-large\u00bb align=\u00bbcenter\u00bb][vc_column_text css=\u00bb.vc_custom_1529333906779{margin-bottom: 0px !important;}\u00bb]\n<h3>Funcionalidad Clave<\/h3>\n[\/vc_column_text][mk_custom_list]\n<ul>\n<li>Captura y Reporteo de Tiempos de Empleados<\/li>\n<li>Gesti\u00f3n de las transacciones normales de una orden de producci\u00f3n de SAP, incluyendo registro de productos, emisi\u00f3n de materiales y backflushing, con seguimiento de stage &amp; resources.<\/li>\n<li>Gesti\u00f3n de n\u00fameros de serie y lote.<\/li>\n<li>Lectura de c\u00f3digos de barra<\/li>\n<li>Dashboard de estatus de la producci\u00f3n integrado<\/li>\n<li>Tecnolog\u00eda basada en web y compatible con pr\u00e1cticamente cualquier dispositivo<\/li>\n<\/ul>\n[\/mk_custom_list][\/vc_column_inner][vc_column_inner width=\u00bb1\/2&#8243;][vc_single_image image=\u00bb1774&#8243; img_size=\u00bblarge\u00bb][\/vc_column_inner][\/vc_row_inner][\/vc_column][\/mk_page_section][vc_row][vc_column][mk_padding_divider][mk_fancy_title font_family=\u00bbnone\u00bb]\n<h2>PDC-ONE: Acceso a los datos de producci\u00f3n en tiempo real<\/h2>\n[\/mk_fancy_title][\/vc_column][vc_column width=\u00bb1\/3&#8243;][vc_column_text css=\u00bb.vc_custom_1529334824597{margin-bottom: 0px !important;}\u00bb]\n<h4>Ordenes de Producci\u00f3n\u00a0<em>Dashboard<\/em><\/h4>\n[\/vc_column_text][vc_single_image image=\u00bb1784&#8243; img_size=\u00bbfull\u00bb alignment=\u00bbcenter\u00bb onclick=\u00bblink_image\u00bb][\/vc_column][vc_column width=\u00bb1\/3&#8243;][vc_column_text css=\u00bb.vc_custom_1529335450550{margin-bottom: 0px !important;}\u00bb]\n<h4>Reporteo de Tiempos<\/h4>\n[\/vc_column_text][vc_single_image image=\u00bb1782&#8243; img_size=\u00bbfull\u00bb alignment=\u00bbcenter\u00bb onclick=\u00bblink_image\u00bb][\/vc_column][vc_column width=\u00bb1\/3&#8243;][vc_column_text css=\u00bb.vc_custom_1529335597598{margin-bottom: 0px !important;}\u00bb]\n<h4>Emisi\u00f3n de materiales<\/h4>\n[\/vc_column_text][vc_single_image image=\u00bb1789&#8243; img_size=\u00bbfull\u00bb alignment=\u00bbcenter\u00bb onclick=\u00bblink_image\u00bb][\/vc_column][\/vc_row][vc_row fullwidth=\u00bbtrue\u00bb fullwidth_content=\u00bbfalse\u00bb css=\u00bb.vc_custom_1507158730214{background-color: #edaf23 !important;}\u00bb][vc_column][mk_padding_divider size=\u00bb30&#8243;][vc_row_inner][vc_column_inner width=\u00bb2\/3&#8243;][mk_padding_divider size=\u00bb10&#8243;][mk_fancy_title tag_name=\u00bbh5&#8243; color=\u00bb#ffffff\u00bb size=\u00bb30&#8243; font_weight=\u00bb400&#8243; txt_transform=\u00bbnone\u00bb font_family=\u00bbOpen+Sans\u00bb font_type=\u00bbgoogle\u00bb align=\u00bbcenter\u00bb]\u00bfNECESITAS M\u00c1S INFORMACI\u00d3N?[\/mk_fancy_title][\/vc_column_inner][vc_column_inner width=\u00bb1\/3&#8243;][mk_button dimension=\u00bbflat\u00bb size=\u00bblarge\u00bb url=\u00bbhttps:\/\/www.lisawms.com\/es\/contacto\/\u00bb margin_right=\u00bb0&#8243; bg_color=\u00bb#ffffff\u00bb btn_hover_bg=\u00bb#dedede\u00bb text_color=\u00bbdark\u00bb btn_hover_txt_color=\u00bb#0a0a0a\u00bb]\u00a1CONT\u00c1CTENOS![\/mk_button][\/vc_column_inner][\/vc_row_inner][\/vc_column][\/vc_row]\n<\/div>","protected":false},"excerpt":{"rendered":"<p>[mk_page_section bg_image=\u00bbhttp:\/\/www.lisawms.com\/wp-content\/uploads\/2018\/06\/shopfloor-data-collection.jpg\u00bb bg_color=\u00bb#edaf23&#8243; blend_mode=\u00bbluminosity\u00bb bg_position=\u00bbcenter center\u00bb bg_repeat=\u00bbno-repeat\u00bb bg_stretch=\u00bbtrue\u00bb enable_3d=\u00bbtrue\u00bb speed_factor=\u00bb0.6&#8243; bg_gradient=\u00bbleft_bottom\u00bb video_color_mask=\u00bb#223356&#8243; gr_end=\u00bb#edaf23&#8243; video_opacity=\u00bb0.8&#8243; min_height=\u00bb325&#8243; full_width=\u00bbtrue\u00bb padding_top=\u00bb110&#8243; padding_bottom=\u00bb90&#8243; animation=\u00bbbottom-to-top\u00bb sidebar=\u00bbsidebar-1&#8243;][vc_column][vc_single_image image=\u00bb1791&#8243; img_size=\u00bb516&#215;176.4&#8243; alignment=\u00bbcenter\u00bb][\/vc_column][\/mk_page_section][vc_row][vc_column][mk_padding_divider size=\u00bb80&#8243;][\/vc_column][\/vc_row][vc_row css=\u00bb.vc_custom_1505779317433{margin-bottom: 40px !important;}\u00bb][vc_column width=\u00bb2\/3&#8243;][mk_fancy_title size=\u00bb30&#8243; font_family=\u00bbnone\u00bb] La Soluci\u00f3n m\u00e1s Sencilla para Potenciar el M\u00f3dulo de Producci\u00f3n de SAP Business One [\/mk_fancy_title][vc_column_text css=\u00bb.vc_custom_1529335873430{margin-bottom: 0px !important;}\u00bb]PDC-One es una soluci\u00f3n dise\u00f1ada con simplicidad, para [&hellip;]<\/p>\n","protected":false},"author":1,"featured_media":0,"parent":868,"menu_order":-990,"comment_status":"closed","ping_status":"closed","template":"","meta":{"footnotes":""},"class_list":["post-1860","page","type-page","status-publish","hentry"],"yoast_head":"<!-- This site is optimized with the Yoast SEO plugin v27.5 - https:\/\/yoast.com\/product\/yoast-seo-wordpress\/ -->\n<title>PDC-One: Captura de datos de producci\u00f3n en tiempo real para SAP B1<\/title>\n<meta name=\"description\" content=\"Para empoderar a los operadores para registrar sus avances, horas trabajadas y consumo de materia prima contra \u00f3rdenes de producci\u00f3n de SAP Business One\" \/>\n<meta name=\"robots\" content=\"index, follow, max-snippet:-1, max-image-preview:large, max-video-preview:-1\" \/>\n<link rel=\"canonical\" href=\"https:\/\/www.lisawms.com\/es\/productos\/pdc-one_para_sap_business_one\/\" \/>\n<meta property=\"og:locale\" content=\"es_ES\" \/>\n<meta property=\"og:type\" content=\"article\" \/>\n<meta property=\"og:title\" content=\"PDC-One: Captura de datos de producci\u00f3n en tiempo real para SAP B1\" \/>\n<meta property=\"og:description\" content=\"Para empoderar a los operadores para registrar sus avances, horas trabajadas y consumo de materia prima contra \u00f3rdenes de producci\u00f3n de SAP Business One\" \/>\n<meta property=\"og:url\" content=\"https:\/\/www.lisawms.com\/es\/productos\/pdc-one_para_sap_business_one\/\" \/>\n<meta property=\"og:site_name\" content=\"LISA WMS\" \/>\n<meta property=\"article:publisher\" content=\"https:\/\/www.facebook.com\/nwaretechnologies\" \/>\n<meta property=\"article:modified_time\" content=\"2025-10-17T15:55:58+00:00\" \/>\n<meta name=\"twitter:card\" content=\"summary_large_image\" \/>\n<meta name=\"twitter:site\" content=\"@LISAtalksWMS\" \/>\n<meta name=\"twitter:label1\" content=\"Tiempo de lectura\" \/>\n\t<meta name=\"twitter:data1\" content=\"2 minutos\" \/>\n<script type=\"application\/ld+json\" class=\"yoast-schema-graph\">{\"@context\":\"https:\\\/\\\/schema.org\",\"@graph\":[{\"@type\":\"WebPage\",\"@id\":\"https:\\\/\\\/www.lisawms.com\\\/es\\\/productos\\\/pdc-one_para_sap_business_one\\\/\",\"url\":\"https:\\\/\\\/www.lisawms.com\\\/es\\\/productos\\\/pdc-one_para_sap_business_one\\\/\",\"name\":\"PDC-One: Captura de datos de producci\u00f3n en tiempo real para SAP B1\",\"isPartOf\":{\"@id\":\"https:\\\/\\\/www.lisawms.com\\\/#website\"},\"datePublished\":\"2018-06-12T18:26:47+00:00\",\"dateModified\":\"2025-10-17T15:55:58+00:00\",\"description\":\"Para empoderar a los operadores para registrar sus avances, horas trabajadas y consumo de materia prima contra \u00f3rdenes de producci\u00f3n de SAP Business One\",\"breadcrumb\":{\"@id\":\"https:\\\/\\\/www.lisawms.com\\\/es\\\/productos\\\/pdc-one_para_sap_business_one\\\/#breadcrumb\"},\"inLanguage\":\"es\",\"potentialAction\":[{\"@type\":\"ReadAction\",\"target\":[\"https:\\\/\\\/www.lisawms.com\\\/es\\\/productos\\\/pdc-one_para_sap_business_one\\\/\"]}]},{\"@type\":\"BreadcrumbList\",\"@id\":\"https:\\\/\\\/www.lisawms.com\\\/es\\\/productos\\\/pdc-one_para_sap_business_one\\\/#breadcrumb\",\"itemListElement\":[{\"@type\":\"ListItem\",\"position\":1,\"name\":\"Accueil\",\"item\":\"https:\\\/\\\/www.lisawms.com\\\/es\\\/\"},{\"@type\":\"ListItem\",\"position\":2,\"name\":\"Productos\",\"item\":\"https:\\\/\\\/www.lisawms.com\\\/es\\\/?page_id=868\"},{\"@type\":\"ListItem\",\"position\":3,\"name\":\"PDC-One para SAP Business One\"}]},{\"@type\":\"WebSite\",\"@id\":\"https:\\\/\\\/www.lisawms.com\\\/#website\",\"url\":\"https:\\\/\\\/www.lisawms.com\\\/\",\"name\":\"LISA WMS\",\"description\":\"Warehouse Management System Solution\",\"publisher\":{\"@id\":\"https:\\\/\\\/www.lisawms.com\\\/#organization\"},\"potentialAction\":[{\"@type\":\"SearchAction\",\"target\":{\"@type\":\"EntryPoint\",\"urlTemplate\":\"https:\\\/\\\/www.lisawms.com\\\/?s={search_term_string}\"},\"query-input\":{\"@type\":\"PropertyValueSpecification\",\"valueRequired\":true,\"valueName\":\"search_term_string\"}}],\"inLanguage\":\"es\"},{\"@type\":\"Organization\",\"@id\":\"https:\\\/\\\/www.lisawms.com\\\/#organization\",\"name\":\"LISA WMS\",\"url\":\"https:\\\/\\\/www.lisawms.com\\\/\",\"logo\":{\"@type\":\"ImageObject\",\"inLanguage\":\"es\",\"@id\":\"https:\\\/\\\/www.lisawms.com\\\/#\\\/schema\\\/logo\\\/image\\\/\",\"url\":\"http:\\\/\\\/www.lisawms.com\\\/wp-content\\\/uploads\\\/2018\\\/03\\\/logo-lisa-distribution.png\",\"contentUrl\":\"http:\\\/\\\/www.lisawms.com\\\/wp-content\\\/uploads\\\/2018\\\/03\\\/logo-lisa-distribution.png\",\"width\":426,\"height\":180,\"caption\":\"LISA WMS\"},\"image\":{\"@id\":\"https:\\\/\\\/www.lisawms.com\\\/#\\\/schema\\\/logo\\\/image\\\/\"},\"sameAs\":[\"https:\\\/\\\/www.facebook.com\\\/nwaretechnologies\",\"https:\\\/\\\/x.com\\\/LISAtalksWMS\",\"https:\\\/\\\/www.linkedin.com\\\/company\\\/145448\",\"https:\\\/\\\/www.youtube.com\\\/channel\\\/UCl-HuOQf5YngwlixhS0SAbg\"]}]}<\/script>\n<!-- \/ Yoast SEO plugin. -->","yoast_head_json":{"title":"PDC-One: Captura de datos de producci\u00f3n en tiempo real para SAP B1","description":"Para empoderar a los operadores para registrar sus avances, horas trabajadas y consumo de materia prima contra \u00f3rdenes de producci\u00f3n de SAP Business One","robots":{"index":"index","follow":"follow","max-snippet":"max-snippet:-1","max-image-preview":"max-image-preview:large","max-video-preview":"max-video-preview:-1"},"canonical":"https:\/\/www.lisawms.com\/es\/productos\/pdc-one_para_sap_business_one\/","og_locale":"es_ES","og_type":"article","og_title":"PDC-One: Captura de datos de producci\u00f3n en tiempo real para SAP B1","og_description":"Para empoderar a los operadores para registrar sus avances, horas trabajadas y consumo de materia prima contra \u00f3rdenes de producci\u00f3n de SAP Business One","og_url":"https:\/\/www.lisawms.com\/es\/productos\/pdc-one_para_sap_business_one\/","og_site_name":"LISA WMS","article_publisher":"https:\/\/www.facebook.com\/nwaretechnologies","article_modified_time":"2025-10-17T15:55:58+00:00","twitter_card":"summary_large_image","twitter_site":"@LISAtalksWMS","twitter_misc":{"Tiempo de lectura":"2 minutos"},"schema":{"@context":"https:\/\/schema.org","@graph":[{"@type":"WebPage","@id":"https:\/\/www.lisawms.com\/es\/productos\/pdc-one_para_sap_business_one\/","url":"https:\/\/www.lisawms.com\/es\/productos\/pdc-one_para_sap_business_one\/","name":"PDC-One: Captura de datos de producci\u00f3n en tiempo real para SAP B1","isPartOf":{"@id":"https:\/\/www.lisawms.com\/#website"},"datePublished":"2018-06-12T18:26:47+00:00","dateModified":"2025-10-17T15:55:58+00:00","description":"Para empoderar a los operadores para registrar sus avances, horas trabajadas y consumo de materia prima contra \u00f3rdenes de producci\u00f3n de SAP Business One","breadcrumb":{"@id":"https:\/\/www.lisawms.com\/es\/productos\/pdc-one_para_sap_business_one\/#breadcrumb"},"inLanguage":"es","potentialAction":[{"@type":"ReadAction","target":["https:\/\/www.lisawms.com\/es\/productos\/pdc-one_para_sap_business_one\/"]}]},{"@type":"BreadcrumbList","@id":"https:\/\/www.lisawms.com\/es\/productos\/pdc-one_para_sap_business_one\/#breadcrumb","itemListElement":[{"@type":"ListItem","position":1,"name":"Accueil","item":"https:\/\/www.lisawms.com\/es\/"},{"@type":"ListItem","position":2,"name":"Productos","item":"https:\/\/www.lisawms.com\/es\/?page_id=868"},{"@type":"ListItem","position":3,"name":"PDC-One para SAP Business One"}]},{"@type":"WebSite","@id":"https:\/\/www.lisawms.com\/#website","url":"https:\/\/www.lisawms.com\/","name":"LISA WMS","description":"Warehouse Management System Solution","publisher":{"@id":"https:\/\/www.lisawms.com\/#organization"},"potentialAction":[{"@type":"SearchAction","target":{"@type":"EntryPoint","urlTemplate":"https:\/\/www.lisawms.com\/?s={search_term_string}"},"query-input":{"@type":"PropertyValueSpecification","valueRequired":true,"valueName":"search_term_string"}}],"inLanguage":"es"},{"@type":"Organization","@id":"https:\/\/www.lisawms.com\/#organization","name":"LISA WMS","url":"https:\/\/www.lisawms.com\/","logo":{"@type":"ImageObject","inLanguage":"es","@id":"https:\/\/www.lisawms.com\/#\/schema\/logo\/image\/","url":"http:\/\/www.lisawms.com\/wp-content\/uploads\/2018\/03\/logo-lisa-distribution.png","contentUrl":"http:\/\/www.lisawms.com\/wp-content\/uploads\/2018\/03\/logo-lisa-distribution.png","width":426,"height":180,"caption":"LISA WMS"},"image":{"@id":"https:\/\/www.lisawms.com\/#\/schema\/logo\/image\/"},"sameAs":["https:\/\/www.facebook.com\/nwaretechnologies","https:\/\/x.com\/LISAtalksWMS","https:\/\/www.linkedin.com\/company\/145448","https:\/\/www.youtube.com\/channel\/UCl-HuOQf5YngwlixhS0SAbg"]}]}},"_links":{"self":[{"href":"https:\/\/www.lisawms.com\/es\/wp-json\/wp\/v2\/pages\/1860","targetHints":{"allow":["GET"]}}],"collection":[{"href":"https:\/\/www.lisawms.com\/es\/wp-json\/wp\/v2\/pages"}],"about":[{"href":"https:\/\/www.lisawms.com\/es\/wp-json\/wp\/v2\/types\/page"}],"author":[{"embeddable":true,"href":"https:\/\/www.lisawms.com\/es\/wp-json\/wp\/v2\/users\/1"}],"replies":[{"embeddable":true,"href":"https:\/\/www.lisawms.com\/es\/wp-json\/wp\/v2\/comments?post=1860"}],"version-history":[{"count":1,"href":"https:\/\/www.lisawms.com\/es\/wp-json\/wp\/v2\/pages\/1860\/revisions"}],"predecessor-version":[{"id":5523,"href":"https:\/\/www.lisawms.com\/es\/wp-json\/wp\/v2\/pages\/1860\/revisions\/5523"}],"up":[{"embeddable":true,"href":"https:\/\/www.lisawms.com\/es\/wp-json\/wp\/v2\/pages\/868"}],"wp:attachment":[{"href":"https:\/\/www.lisawms.com\/es\/wp-json\/wp\/v2\/media?parent=1860"}],"curies":[{"name":"wp","href":"https:\/\/api.w.org\/{rel}","templated":true}]}}